{"id":5962,"date":"2024-03-04T23:37:56","date_gmt":"2024-03-04T22:37:56","guid":{"rendered":"https:\/\/agora.xtec.cat\/esc-gueraudejorba\/?page_id=5962"},"modified":"2024-03-04T23:39:50","modified_gmt":"2024-03-04T22:39:50","slug":"calendari-preinscripcio","status":"publish","type":"page","link":"https:\/\/agora.xtec.cat\/esc-gueraudejorba\/preinscripcio-24-25\/calendari-preinscripcio\/","title":{"rendered":"Calendari preinscripci\u00f3"},"content":{"rendered":"<p>Aquest \u00e9s el calendari establert pel Departament d&#8217;Educaci\u00f3 per tots els ensenyaments obligatoris, en el nostre cas infantil i prim\u00e0ria.<\/p>\n<p>Com escola rural tenim integrat el 1r cicle i en el nostre cas les dates del calendari s\u00f3n valides tamb\u00e9 per aquest ensenyament.<\/p>\n<p>&nbsp;<\/p>\n<p><a href=\"https:\/\/preinscripcio.gencat.cat\/ca\/estudis\/infantil-3-6\/informat\/calendari\/index.html\" target=\"_blank\" rel=\"noopener\"><img loading=\"lazy\" decoding=\"async\" class=\"alignnone size-full wp-image-5954 aligncenter\" src=\"https:\/\/agora.xtec.cat\/esc-gueraudejorba\/wp-content\/uploads\/usu822\/2024\/02\/calendari-preins-23_24.png\" alt=\"\" width=\"832\" height=\"468\" srcset=\"https:\/\/agora.xtec.cat\/esc-gueraudejorba\/wp-content\/uploads\/usu822\/2024\/02\/calendari-preins-23_24.png 832w, https:\/\/agora.xtec.cat\/esc-gueraudejorba\/wp-content\/uploads\/usu822\/2024\/02\/calendari-preins-23_24-300x169.png 300w, https:\/\/agora.xtec.cat\/esc-gueraudejorba\/wp-content\/uploads\/usu822\/2024\/02\/calendari-preins-23_24-768x432.png 768w\" sizes=\"auto, (max-width: 832px) 100vw, 832px\" \/><\/a><\/p>\n","protected":false},"excerpt":{"rendered":"<p>Aquest \u00e9s el calendari establert pel Departament d&#8217;Educaci\u00f3 per tots els ensenyaments obligatoris, en el nostre cas infantil i prim\u00e0ria.<br \/>\nCom escola rural tenim integrat el 1r cicle i en el nostre cas les dates del calendari s\u00f3n valides tamb\u00e9 per aquest ensenyament.<br \/>\n&nbsp;<br \/>\n<a href=\"https:\/\/preinscripcio.gencat.cat\/ca\/estudis\/infantil-3-6\/informat\/calendari\/index.html\" target=\"_blank\" rel=\"noopener\"><\/a><\/p>\n","protected":false},"author":1,"featured_media":0,"parent":5540,"menu_order":4,"comment_status":"closed","ping_status":"closed","template":"page-templates\/side-menu.php","meta":{"_bbp_topic_count":0,"_bbp_reply_count":0,"_bbp_total_topic_count":0,"_bbp_total_reply_count":0,"_bbp_voice_count":0,"_bbp_anonymous_reply_count":0,"_bbp_topic_count_hidden":0,"_bbp_reply_count_hidden":0,"_bbp_forum_subforum_count":0,"footnotes":""},"class_list":["post-5962","page","type-page","status-publish","hentry"],"post_mailing_queue_ids":[],"_links":{"self":[{"href":"https:\/\/agora.xtec.cat\/esc-gueraudejorba\/wp-json\/wp\/v2\/pages\/5962","targetHints":{"allow":["GET"]}}],"collection":[{"href":"https:\/\/agora.xtec.cat\/esc-gueraudejorba\/wp-json\/wp\/v2\/pages"}],"about":[{"href":"https:\/\/agora.xtec.cat\/esc-gueraudejorba\/wp-json\/wp\/v2\/types\/page"}],"author":[{"embeddable":true,"href":"https:\/\/agora.xtec.cat\/esc-gueraudejorba\/wp-json\/wp\/v2\/users\/1"}],"replies":[{"embeddable":true,"href":"https:\/\/agora.xtec.cat\/esc-gueraudejorba\/wp-json\/wp\/v2\/comments?post=5962"}],"version-history":[{"count":2,"href":"https:\/\/agora.xtec.cat\/esc-gueraudejorba\/wp-json\/wp\/v2\/pages\/5962\/revisions"}],"predecessor-version":[{"id":5964,"href":"https:\/\/agora.xtec.cat\/esc-gueraudejorba\/wp-json\/wp\/v2\/pages\/5962\/revisions\/5964"}],"up":[{"embeddable":true,"href":"https:\/\/agora.xtec.cat\/esc-gueraudejorba\/wp-json\/wp\/v2\/pages\/5540"}],"wp:attachment":[{"href":"https:\/\/agora.xtec.cat\/esc-gueraudejorba\/wp-json\/wp\/v2\/media?parent=5962"}],"curies":[{"name":"wp","href":"https:\/\/api.w.org\/{rel}","templated":true}]}}