{"id":5957,"date":"2024-03-04T23:26:14","date_gmt":"2024-03-04T22:26:14","guid":{"rendered":"https:\/\/agora.xtec.cat\/esc-gueraudejorba\/?page_id=5957"},"modified":"2025-01-29T12:02:03","modified_gmt":"2025-01-29T11:02:03","slug":"oferta-preinscripcio","status":"publish","type":"page","link":"https:\/\/agora.xtec.cat\/esc-gueraudejorba\/preinscripcio-24-25\/oferta-preinscripcio\/","title":{"rendered":"Oferta preinscripci\u00f3"},"content":{"rendered":"<p>Aqu\u00ed podeu consultar les places que s&#8217;ofereixen a la preinscripci\u00f3.<\/p>\n<p>Cal tenir en compte que som una escola rural i per tant l&#8217;oferta s&#8217;ajusta al cens dels municipis adscrits.<\/p>\n<p>Quan les sol.licituds estiguin baremades inspecci\u00f3 ajustar\u00e0 l&#8217;oferta segons els criteris establerts.<\/p>\n<p><a href=\"https:\/\/preinscripcio.gencat.cat\/ca\/inici\/index.html\">OFERTA PREINSCRIPCI\u00d3 25\/26<\/a><\/p>\n","protected":false},"excerpt":{"rendered":"<p>Aqu\u00ed podeu consultar les places que s&#8217;ofereixen a la preinscripci\u00f3.<br \/>\nCal tenir en compte que som una escola rural i per tant l&#8217;oferta s&#8217;ajusta al cens dels municipis adscrits.<br \/>\nQuan les sol.licituds estiguin baremades inspecci\u00f3 ajustar\u00e0 l&#8217;oferta segons els criteris establerts.<br \/>\n<a href=\"https:\/\/preinscripcio.gencat.cat\/ca\/inici\/index.html\">OFERTA PREINSCRIPCI\u00d3 25\/26<\/a><\/p>\n","protected":false},"author":1,"featured_media":0,"parent":5540,"menu_order":2,"comment_status":"closed","ping_status":"closed","template":"page-templates\/side-menu.php","meta":{"_bbp_topic_count":0,"_bbp_reply_count":0,"_bbp_total_topic_count":0,"_bbp_total_reply_count":0,"_bbp_voice_count":0,"_bbp_anonymous_reply_count":0,"_bbp_topic_count_hidden":0,"_bbp_reply_count_hidden":0,"_bbp_forum_subforum_count":0,"footnotes":""},"class_list":["post-5957","page","type-page","status-publish","hentry"],"post_mailing_queue_ids":[],"_links":{"self":[{"href":"https:\/\/agora.xtec.cat\/esc-gueraudejorba\/wp-json\/wp\/v2\/pages\/5957","targetHints":{"allow":["GET"]}}],"collection":[{"href":"https:\/\/agora.xtec.cat\/esc-gueraudejorba\/wp-json\/wp\/v2\/pages"}],"about":[{"href":"https:\/\/agora.xtec.cat\/esc-gueraudejorba\/wp-json\/wp\/v2\/types\/page"}],"author":[{"embeddable":true,"href":"https:\/\/agora.xtec.cat\/esc-gueraudejorba\/wp-json\/wp\/v2\/users\/1"}],"replies":[{"embeddable":true,"href":"https:\/\/agora.xtec.cat\/esc-gueraudejorba\/wp-json\/wp\/v2\/comments?post=5957"}],"version-history":[{"count":4,"href":"https:\/\/agora.xtec.cat\/esc-gueraudejorba\/wp-json\/wp\/v2\/pages\/5957\/revisions"}],"predecessor-version":[{"id":6110,"href":"https:\/\/agora.xtec.cat\/esc-gueraudejorba\/wp-json\/wp\/v2\/pages\/5957\/revisions\/6110"}],"up":[{"embeddable":true,"href":"https:\/\/agora.xtec.cat\/esc-gueraudejorba\/wp-json\/wp\/v2\/pages\/5540"}],"wp:attachment":[{"href":"https:\/\/agora.xtec.cat\/esc-gueraudejorba\/wp-json\/wp\/v2\/media?parent=5957"}],"curies":[{"name":"wp","href":"https:\/\/api.w.org\/{rel}","templated":true}]}}