{"id":5540,"date":"2023-03-03T20:16:43","date_gmt":"2023-03-03T19:16:43","guid":{"rendered":"https:\/\/agora.xtec.cat\/esc-gueraudejorba\/?page_id=5540"},"modified":"2025-06-16T10:08:00","modified_gmt":"2025-06-16T08:08:00","slug":"preinscripcio-24-25","status":"publish","type":"page","link":"https:\/\/agora.xtec.cat\/esc-gueraudejorba\/preinscripcio-24-25\/","title":{"rendered":"PREINSCRIPCI\u00d3 25-26"},"content":{"rendered":"<p><strong>Educaci\u00f3 infantil (0-3 anys i 3-6 anys) i educaci\u00f3 prim\u00e0ria\u00a0<\/strong><\/p>\n<p>Com escola rural farem la preinscripci\u00f3 del 1r cicle d&#8217;Educaci\u00f3 Infantil en el mateix moment que 2n cicle i prim\u00e0ria.<\/p>\n<p><b>Barem 1r cicle\u00a0<\/b><\/p>\n<p><img loading=\"lazy\" decoding=\"async\" class=\"alignnone size-large wp-image-6278\" src=\"https:\/\/agora.xtec.cat\/esc-gueraudejorba\/wp-content\/uploads\/usu822\/2025\/06\/imatge-barem-1024x317.png\" alt=\"\" width=\"1024\" height=\"317\" srcset=\"https:\/\/agora.xtec.cat\/esc-gueraudejorba\/wp-content\/uploads\/usu822\/2025\/06\/imatge-barem-1024x317.png 1024w, https:\/\/agora.xtec.cat\/esc-gueraudejorba\/wp-content\/uploads\/usu822\/2025\/06\/imatge-barem-300x93.png 300w, https:\/\/agora.xtec.cat\/esc-gueraudejorba\/wp-content\/uploads\/usu822\/2025\/06\/imatge-barem-768x238.png 768w, https:\/\/agora.xtec.cat\/esc-gueraudejorba\/wp-content\/uploads\/usu822\/2025\/06\/imatge-barem.png 1211w\" sizes=\"auto, (max-width: 1024px) 100vw, 1024px\" \/><\/p>\n<p><strong>Alumnes assignats al centre en 1a opci\u00f3<\/strong><\/p>\n<p><img loading=\"lazy\" decoding=\"async\" class=\"alignnone size-large wp-image-6292\" src=\"https:\/\/agora.xtec.cat\/esc-gueraudejorba\/wp-content\/uploads\/usu822\/2025\/06\/assignats-25_26-1024x609.jpg\" alt=\"\" width=\"1024\" height=\"609\" srcset=\"https:\/\/agora.xtec.cat\/esc-gueraudejorba\/wp-content\/uploads\/usu822\/2025\/06\/assignats-25_26-1024x609.jpg 1024w, https:\/\/agora.xtec.cat\/esc-gueraudejorba\/wp-content\/uploads\/usu822\/2025\/06\/assignats-25_26-300x178.jpg 300w, https:\/\/agora.xtec.cat\/esc-gueraudejorba\/wp-content\/uploads\/usu822\/2025\/06\/assignats-25_26-768x457.jpg 768w, https:\/\/agora.xtec.cat\/esc-gueraudejorba\/wp-content\/uploads\/usu822\/2025\/06\/assignats-25_26.jpg 1211w\" sizes=\"auto, (max-width: 1024px) 100vw, 1024px\" \/><\/p>\n<p><strong>Matr\u00edcula: <\/strong>del 18 al 26 de juny<\/p>\n<p><a href=\"https:\/\/preinscripcio.gencat.cat\/ca\/inici\/index.html\"><em><span style=\"color: #000080;\"><strong><span style=\"color: #800080;\">Preinscripci\u00f3 d&#8217;infantil<\/span><\/strong><\/span><\/em><\/a><\/p>\n<p><a href=\"https:\/\/preinscripcio.gencat.cat\/ca\/inici\/index.html\"><em><span style=\"color: #800080;\"><strong>Preinscripci\u00f3 de Prim\u00e0ria<\/strong><\/span><\/em><\/a><\/p>\n","protected":false},"excerpt":{"rendered":"<p>Educaci\u00f3 infantil (0-3 anys i 3-6 anys) i educaci\u00f3 prim\u00e0ria\u00a0<br \/>\nCom escola rural farem la preinscripci\u00f3 del 1r cicle d&#8217;Educaci\u00f3 Infantil en el mateix moment que 2n cicle i prim\u00e0ria.<br \/>\nBarem 1r cicle\u00a0<\/p>\n<p>Alumnes assignats al centre en 1a opci\u00f3<\/p>\n<p>Matr\u00edcula: del 18 al 26 de juny<br \/>\n<a href=\"https:\/\/preinscripcio.gencat.cat\/ca\/inici\/index.html\">Preinscripci\u00f3 d&#8217;infantil<\/a><br \/>\n<a&hellip;  <a href=\"https:\/\/agora.xtec.cat\/esc-gueraudejorba\/preinscripcio-24-25\/\" title=\"Read PREINSCRIPCI\u00d3 25-26\">Llegeix m\u00e9s\u00bb<\/a><\/p>\n","protected":false},"author":1,"featured_media":0,"parent":0,"menu_order":2,"comment_status":"closed","ping_status":"closed","template":"page-templates\/side-menu.php","meta":{"_bbp_topic_count":0,"_bbp_reply_count":0,"_bbp_total_topic_count":0,"_bbp_total_reply_count":0,"_bbp_voice_count":0,"_bbp_anonymous_reply_count":0,"_bbp_topic_count_hidden":0,"_bbp_reply_count_hidden":0,"_bbp_forum_subforum_count":0,"footnotes":""},"class_list":["post-5540","page","type-page","status-publish","hentry"],"post_mailing_queue_ids":[],"_links":{"self":[{"href":"https:\/\/agora.xtec.cat\/esc-gueraudejorba\/wp-json\/wp\/v2\/pages\/5540","targetHints":{"allow":["GET"]}}],"collection":[{"href":"https:\/\/agora.xtec.cat\/esc-gueraudejorba\/wp-json\/wp\/v2\/pages"}],"about":[{"href":"https:\/\/agora.xtec.cat\/esc-gueraudejorba\/wp-json\/wp\/v2\/types\/page"}],"author":[{"embeddable":true,"href":"https:\/\/agora.xtec.cat\/esc-gueraudejorba\/wp-json\/wp\/v2\/users\/1"}],"replies":[{"embeddable":true,"href":"https:\/\/agora.xtec.cat\/esc-gueraudejorba\/wp-json\/wp\/v2\/comments?post=5540"}],"version-history":[{"count":6,"href":"https:\/\/agora.xtec.cat\/esc-gueraudejorba\/wp-json\/wp\/v2\/pages\/5540\/revisions"}],"predecessor-version":[{"id":6293,"href":"https:\/\/agora.xtec.cat\/esc-gueraudejorba\/wp-json\/wp\/v2\/pages\/5540\/revisions\/6293"}],"wp:attachment":[{"href":"https:\/\/agora.xtec.cat\/esc-gueraudejorba\/wp-json\/wp\/v2\/media?parent=5540"}],"curies":[{"name":"wp","href":"https:\/\/api.w.org\/{rel}","templated":true}]}}