{"id":5247,"date":"2023-02-02T10:14:19","date_gmt":"2023-02-02T09:14:19","guid":{"rendered":"https:\/\/agora.xtec.cat\/esc-gueraudejorba\/?page_id=5247"},"modified":"2023-03-03T22:46:15","modified_gmt":"2023-03-03T21:46:15","slug":"estrategia-digital-centre","status":"publish","type":"page","link":"https:\/\/agora.xtec.cat\/esc-gueraudejorba\/estrategia-digital-centre\/","title":{"rendered":"ESTRAT\u00c8GIA DIGITAL DE CENTRE"},"content":{"rendered":"<p>L&#8217;Estrat\u00e8gia Digital de Centre EDC es concreta en dos documents, l&#8217;Estrat\u00e8gia i la Cultura Digital.<\/p>\n<p><img loading=\"lazy\" decoding=\"async\" class=\"size-full wp-image-5351 aligncenter\" src=\"https:\/\/agora.xtec.cat\/esc-gueraudejorba\/wp-content\/uploads\/usu822\/2023\/02\/EDC2.png\" alt=\"\" width=\"288\" height=\"175\" \/><\/p>\n","protected":false},"excerpt":{"rendered":"<p>L&#8217;Estrat\u00e8gia Digital de Centre EDC es concreta en dos documents, l&#8217;Estrat\u00e8gia i la Cultura Digital.<\/p>\n","protected":false},"author":1,"featured_media":0,"parent":0,"menu_order":5,"comment_status":"closed","ping_status":"closed","template":"page-templates\/side-menu.php","meta":{"_bbp_topic_count":0,"_bbp_reply_count":0,"_bbp_total_topic_count":0,"_bbp_total_reply_count":0,"_bbp_voice_count":0,"_bbp_anonymous_reply_count":0,"_bbp_topic_count_hidden":0,"_bbp_reply_count_hidden":0,"_bbp_forum_subforum_count":0,"footnotes":""},"class_list":["post-5247","page","type-page","status-publish","hentry"],"post_mailing_queue_ids":[],"_links":{"self":[{"href":"https:\/\/agora.xtec.cat\/esc-gueraudejorba\/wp-json\/wp\/v2\/pages\/5247","targetHints":{"allow":["GET"]}}],"collection":[{"href":"https:\/\/agora.xtec.cat\/esc-gueraudejorba\/wp-json\/wp\/v2\/pages"}],"about":[{"href":"https:\/\/agora.xtec.cat\/esc-gueraudejorba\/wp-json\/wp\/v2\/types\/page"}],"author":[{"embeddable":true,"href":"https:\/\/agora.xtec.cat\/esc-gueraudejorba\/wp-json\/wp\/v2\/users\/1"}],"replies":[{"embeddable":true,"href":"https:\/\/agora.xtec.cat\/esc-gueraudejorba\/wp-json\/wp\/v2\/comments?post=5247"}],"version-history":[{"count":3,"href":"https:\/\/agora.xtec.cat\/esc-gueraudejorba\/wp-json\/wp\/v2\/pages\/5247\/revisions"}],"predecessor-version":[{"id":5566,"href":"https:\/\/agora.xtec.cat\/esc-gueraudejorba\/wp-json\/wp\/v2\/pages\/5247\/revisions\/5566"}],"wp:attachment":[{"href":"https:\/\/agora.xtec.cat\/esc-gueraudejorba\/wp-json\/wp\/v2\/media?parent=5247"}],"curies":[{"name":"wp","href":"https:\/\/api.w.org\/{rel}","templated":true}]}}