{"id":36,"date":"2014-09-18T12:33:11","date_gmt":"2014-09-18T10:33:11","guid":{"rendered":"http:\/\/agora.xtec.cat\/esc-gueraudejorba\/?page_id=36"},"modified":"2025-09-03T12:38:50","modified_gmt":"2025-09-03T10:38:50","slug":"material-escolar","status":"publish","type":"page","link":"https:\/\/agora.xtec.cat\/esc-gueraudejorba\/lescola\/material-escolar\/","title":{"rendered":"Material escolar"},"content":{"rendered":"<p>Els i les alumnes de l&#8217;escola no han de portar cap tipus de material escolar. Tot el material necessari es compra des de l&#8217;escola i es reparteix.<\/p>\n<p>Les agendes s\u00f3n de la Diputaci\u00f3 de Barcelona i ens les ofereixen mitjan\u00e7ant l&#8217;Ajuntament.<\/p>\n<p>No utilitzem llibres de text ja que treballem per projectes, per la qual cosa els nens i nenes hauran de portar llibres diversos, jocs, informacions, materials, etc&#8230; sobre el projecte que estiguin treballant\u00a0 a l&#8217;aula.<\/p>\n<p><a href=\"https:\/\/documentcloud.adobe.com\/gsuiteintegration\/index.html?state=%7B%22ids%22%3A%5B%221WlAcL4c9jIc1xfwkDC-VnFP9o4ijb0yY%22%5D%2C%22action%22%3A%22open%22%2C%22userId%22%3A%22110198105010372865349%22%2C%22resourceKeys%22%3A%7B%7D%7D\" target=\"_blank\" rel=\"noopener\">Material Prim\u00e0ria<\/a><\/p>\n<p><a href=\"https:\/\/documentcloud.adobe.com\/gsuiteintegration\/index.html?state=%7B%22ids%22%3A%5B%221RJ-1Qb00_gSOJ1Hy4zBCA_4MXp6lKtoj%22%5D%2C%22action%22%3A%22open%22%2C%22userId%22%3A%22110198105010372865349%22%2C%22resourceKeys%22%3A%7B%7D%7D\" target=\"_blank\" rel=\"noopener\">Material Infantil<\/a><\/p>\n<p><a href=\"https:\/\/documentcloud.adobe.com\/gsuiteintegration\/index.html?state=%7B%22ids%22%3A%5B%221pELSPRIfO87EudiiMhrp4WuArgoknedX%22%5D%2C%22action%22%3A%22open%22%2C%22userId%22%3A%22110198105010372865349%22%2C%22resourceKeys%22%3A%7B%7D%7D\" target=\"_blank\" rel=\"noopener\">Material Llar<\/a><\/p>\n","protected":false},"excerpt":{"rendered":"<p>Els i les alumnes de l&#8217;escola no han de portar cap tipus de material escolar. Tot el material necessari es compra des de l&#8217;escola i es reparteix.<br \/>\nLes agendes s\u00f3n de la Diputaci\u00f3 de Barcelona i ens les ofereixen mitjan\u00e7ant l&#8217;Ajuntament.<br \/>\nNo utilitzem llibres de text ja&hellip;  <a href=\"https:\/\/agora.xtec.cat\/esc-gueraudejorba\/lescola\/material-escolar\/\" title=\"Read Material escolar\">Llegeix m\u00e9s\u00bb<\/a><\/p>\n","protected":false},"author":1,"featured_media":0,"parent":22,"menu_order":5,"comment_status":"closed","ping_status":"closed","template":"page-templates\/side-menu.php","meta":{"_bbp_topic_count":0,"_bbp_reply_count":0,"_bbp_total_topic_count":0,"_bbp_total_reply_count":0,"_bbp_voice_count":0,"_bbp_anonymous_reply_count":0,"_bbp_topic_count_hidden":0,"_bbp_reply_count_hidden":0,"_bbp_forum_subforum_count":0,"footnotes":""},"class_list":["post-36","page","type-page","status-publish","hentry"],"post_mailing_queue_ids":[],"_links":{"self":[{"href":"https:\/\/agora.xtec.cat\/esc-gueraudejorba\/wp-json\/wp\/v2\/pages\/36","targetHints":{"allow":["GET"]}}],"collection":[{"href":"https:\/\/agora.xtec.cat\/esc-gueraudejorba\/wp-json\/wp\/v2\/pages"}],"about":[{"href":"https:\/\/agora.xtec.cat\/esc-gueraudejorba\/wp-json\/wp\/v2\/types\/page"}],"author":[{"embeddable":true,"href":"https:\/\/agora.xtec.cat\/esc-gueraudejorba\/wp-json\/wp\/v2\/users\/1"}],"replies":[{"embeddable":true,"href":"https:\/\/agora.xtec.cat\/esc-gueraudejorba\/wp-json\/wp\/v2\/comments?post=36"}],"version-history":[{"count":6,"href":"https:\/\/agora.xtec.cat\/esc-gueraudejorba\/wp-json\/wp\/v2\/pages\/36\/revisions"}],"predecessor-version":[{"id":6304,"href":"https:\/\/agora.xtec.cat\/esc-gueraudejorba\/wp-json\/wp\/v2\/pages\/36\/revisions\/6304"}],"up":[{"embeddable":true,"href":"https:\/\/agora.xtec.cat\/esc-gueraudejorba\/wp-json\/wp\/v2\/pages\/22"}],"wp:attachment":[{"href":"https:\/\/agora.xtec.cat\/esc-gueraudejorba\/wp-json\/wp\/v2\/media?parent=36"}],"curies":[{"name":"wp","href":"https:\/\/api.w.org\/{rel}","templated":true}]}}