{"id":30,"date":"2014-09-18T12:30:23","date_gmt":"2014-09-18T10:30:23","guid":{"rendered":"http:\/\/agora.xtec.cat\/esc-gueraudejorba\/?page_id=30"},"modified":"2024-02-01T10:16:40","modified_gmt":"2024-02-01T09:16:40","slug":"instal%c2%b7lacions","status":"publish","type":"page","link":"https:\/\/agora.xtec.cat\/esc-gueraudejorba\/lescola\/instal%c2%b7lacions\/","title":{"rendered":"Instal\u00b7lacions"},"content":{"rendered":"<p>L&#8217;Escola Guerau de Jorba compta amb tres edificis, dos patis de sorra, una pista esportiva, menjador escolar i un hort situat al bell mig del poble.<\/p>\n<p>En l&#8217;edifici del carrer de la Sort, hi ha ubicat Ed. Infantil.<\/p>\n<p>A l&#8217;edifici principal, carrer de les Eres, hi ha les\u00a0 classes de Prim\u00e0ria, l&#8217;aula d&#8217;inform\u00e0tica, l&#8217;aula de pl\u00e0stica i\u00a0 la biblioteca escolar .<\/p>\n<p>A les antigues cases de mestres hi ha el laboratori i una aula d&#8217;usos m\u00faltiples.<\/p>\n<p>A l&#8217;edifici annex al pati hi ha situat el menjador escolar.<\/p>\n<table style=\"border-collapse: collapse; width: 89.7297%;\">\n<tbody>\n<tr>\n<td style=\"width: 20.4054%;\"><img loading=\"lazy\" decoding=\"async\" class=\"wp-image-5323 aligncenter\" style=\"font-size: 16px;\" src=\"https:\/\/agora.xtec.cat\/esc-gueraudejorba\/wp-content\/uploads\/usu822\/2023\/02\/IMG_4571.jpg\" alt=\"\" width=\"215\" height=\"162\" srcset=\"https:\/\/agora.xtec.cat\/esc-gueraudejorba\/wp-content\/uploads\/usu822\/2023\/02\/IMG_4571.jpg 1024w, https:\/\/agora.xtec.cat\/esc-gueraudejorba\/wp-content\/uploads\/usu822\/2023\/02\/IMG_4571-300x225.jpg 300w, https:\/\/agora.xtec.cat\/esc-gueraudejorba\/wp-content\/uploads\/usu822\/2023\/02\/IMG_4571-768x576.jpg 768w, https:\/\/agora.xtec.cat\/esc-gueraudejorba\/wp-content\/uploads\/usu822\/2023\/02\/IMG_4571-200x150.jpg 200w\" sizes=\"auto, (max-width: 215px) 100vw, 215px\" \/><\/td>\n<td style=\"width: 21.0811%;\"><img loading=\"lazy\" decoding=\"async\" class=\"wp-image-5324 aligncenter\" style=\"font-family: inherit; font-size: 1em;\" src=\"https:\/\/agora.xtec.cat\/esc-gueraudejorba\/wp-content\/uploads\/usu822\/2023\/02\/IMG_4572.jpg\" alt=\"\" width=\"209\" height=\"156\" srcset=\"https:\/\/agora.xtec.cat\/esc-gueraudejorba\/wp-content\/uploads\/usu822\/2023\/02\/IMG_4572.jpg 1024w, https:\/\/agora.xtec.cat\/esc-gueraudejorba\/wp-content\/uploads\/usu822\/2023\/02\/IMG_4572-300x225.jpg 300w, https:\/\/agora.xtec.cat\/esc-gueraudejorba\/wp-content\/uploads\/usu822\/2023\/02\/IMG_4572-768x576.jpg 768w, https:\/\/agora.xtec.cat\/esc-gueraudejorba\/wp-content\/uploads\/usu822\/2023\/02\/IMG_4572-200x150.jpg 200w\" sizes=\"auto, (max-width: 209px) 100vw, 209px\" \/><\/td>\n<td style=\"width: 28.1081%;\"><img loading=\"lazy\" decoding=\"async\" class=\"wp-image-5325 aligncenter\" style=\"font-family: inherit; font-size: 1em;\" src=\"https:\/\/agora.xtec.cat\/esc-gueraudejorba\/wp-content\/uploads\/usu822\/2023\/02\/IMG_4573.jpg\" alt=\"\" width=\"205\" height=\"153\" srcset=\"https:\/\/agora.xtec.cat\/esc-gueraudejorba\/wp-content\/uploads\/usu822\/2023\/02\/IMG_4573.jpg 1024w, https:\/\/agora.xtec.cat\/esc-gueraudejorba\/wp-content\/uploads\/usu822\/2023\/02\/IMG_4573-300x225.jpg 300w, https:\/\/agora.xtec.cat\/esc-gueraudejorba\/wp-content\/uploads\/usu822\/2023\/02\/IMG_4573-768x576.jpg 768w, https:\/\/agora.xtec.cat\/esc-gueraudejorba\/wp-content\/uploads\/usu822\/2023\/02\/IMG_4573-200x150.jpg 200w\" sizes=\"auto, (max-width: 205px) 100vw, 205px\" \/><\/td>\n<td style=\"width: 20.1351%;\"><img loading=\"lazy\" decoding=\"async\" class=\"wp-image-5332 aligncenter\" style=\"font-family: inherit; font-size: 1em;\" src=\"https:\/\/agora.xtec.cat\/esc-gueraudejorba\/wp-content\/uploads\/usu822\/2023\/02\/IMG_20190227_122809.jpg\" alt=\"\" width=\"198\" height=\"148\" srcset=\"https:\/\/agora.xtec.cat\/esc-gueraudejorba\/wp-content\/uploads\/usu822\/2023\/02\/IMG_20190227_122809.jpg 1024w, https:\/\/agora.xtec.cat\/esc-gueraudejorba\/wp-content\/uploads\/usu822\/2023\/02\/IMG_20190227_122809-300x225.jpg 300w, https:\/\/agora.xtec.cat\/esc-gueraudejorba\/wp-content\/uploads\/usu822\/2023\/02\/IMG_20190227_122809-768x576.jpg 768w, https:\/\/agora.xtec.cat\/esc-gueraudejorba\/wp-content\/uploads\/usu822\/2023\/02\/IMG_20190227_122809-200x150.jpg 200w\" sizes=\"auto, (max-width: 198px) 100vw, 198px\" \/><\/td>\n<\/tr>\n<tr>\n<td style=\"width: 20.4054%;\"><img loading=\"lazy\" decoding=\"async\" class=\"wp-image-5327 aligncenter\" style=\"font-family: inherit; font-size: 1em;\" src=\"https:\/\/agora.xtec.cat\/esc-gueraudejorba\/wp-content\/uploads\/usu822\/2023\/02\/IMG_4920.jpg\" alt=\"\" width=\"199\" height=\"150\" srcset=\"https:\/\/agora.xtec.cat\/esc-gueraudejorba\/wp-content\/uploads\/usu822\/2023\/02\/IMG_4920.jpg 1024w, https:\/\/agora.xtec.cat\/esc-gueraudejorba\/wp-content\/uploads\/usu822\/2023\/02\/IMG_4920-300x225.jpg 300w, https:\/\/agora.xtec.cat\/esc-gueraudejorba\/wp-content\/uploads\/usu822\/2023\/02\/IMG_4920-768x576.jpg 768w, https:\/\/agora.xtec.cat\/esc-gueraudejorba\/wp-content\/uploads\/usu822\/2023\/02\/IMG_4920-200x150.jpg 200w\" sizes=\"auto, (max-width: 199px) 100vw, 199px\" \/><\/td>\n<td style=\"width: 21.0811%;\"><img loading=\"lazy\" decoding=\"async\" class=\"wp-image-5328 aligncenter\" style=\"font-family: inherit; font-size: 1em;\" src=\"https:\/\/agora.xtec.cat\/esc-gueraudejorba\/wp-content\/uploads\/usu822\/2023\/02\/IMG_4922.jpg\" alt=\"\" width=\"195\" height=\"165\" srcset=\"https:\/\/agora.xtec.cat\/esc-gueraudejorba\/wp-content\/uploads\/usu822\/2023\/02\/IMG_4922.jpg 907w, https:\/\/agora.xtec.cat\/esc-gueraudejorba\/wp-content\/uploads\/usu822\/2023\/02\/IMG_4922-300x254.jpg 300w, https:\/\/agora.xtec.cat\/esc-gueraudejorba\/wp-content\/uploads\/usu822\/2023\/02\/IMG_4922-768x650.jpg 768w\" sizes=\"auto, (max-width: 195px) 100vw, 195px\" \/><\/td>\n<td style=\"width: 28.1081%;\"><img loading=\"lazy\" decoding=\"async\" class=\"wp-image-5320 aligncenter\" style=\"font-family: inherit; font-size: 1em;\" src=\"https:\/\/agora.xtec.cat\/esc-gueraudejorba\/wp-content\/uploads\/usu822\/2023\/02\/20211106_135137.jpg\" alt=\"\" width=\"275\" height=\"133\" srcset=\"https:\/\/agora.xtec.cat\/esc-gueraudejorba\/wp-content\/uploads\/usu822\/2023\/02\/20211106_135137.jpg 1024w, https:\/\/agora.xtec.cat\/esc-gueraudejorba\/wp-content\/uploads\/usu822\/2023\/02\/20211106_135137-300x145.jpg 300w, https:\/\/agora.xtec.cat\/esc-gueraudejorba\/wp-content\/uploads\/usu822\/2023\/02\/20211106_135137-768x372.jpg 768w\" sizes=\"auto, (max-width: 275px) 100vw, 275px\" \/><\/td>\n<td style=\"width: 20.1351%;\"><img loading=\"lazy\" decoding=\"async\" class=\"wp-image-5331 alignleft\" style=\"font-family: inherit; font-size: 1em;\" src=\"https:\/\/agora.xtec.cat\/esc-gueraudejorba\/wp-content\/uploads\/usu822\/2023\/02\/IMG_20181205_135324-e1675517691826.jpg\" alt=\"\" width=\"202\" height=\"151\" srcset=\"https:\/\/agora.xtec.cat\/esc-gueraudejorba\/wp-content\/uploads\/usu822\/2023\/02\/IMG_20181205_135324-e1675517691826.jpg 1024w, https:\/\/agora.xtec.cat\/esc-gueraudejorba\/wp-content\/uploads\/usu822\/2023\/02\/IMG_20181205_135324-e1675517691826-300x225.jpg 300w, https:\/\/agora.xtec.cat\/esc-gueraudejorba\/wp-content\/uploads\/usu822\/2023\/02\/IMG_20181205_135324-e1675517691826-768x576.jpg 768w, https:\/\/agora.xtec.cat\/esc-gueraudejorba\/wp-content\/uploads\/usu822\/2023\/02\/IMG_20181205_135324-e1675517691826-200x150.jpg 200w\" sizes=\"auto, (max-width: 202px) 100vw, 202px\" \/><\/td>\n<\/tr>\n<tr>\n<td style=\"width: 20.4054%;\"><img loading=\"lazy\" decoding=\"async\" class=\"wp-image-5330 aligncenter\" style=\"font-family: inherit; font-size: 1em;\" src=\"https:\/\/agora.xtec.cat\/esc-gueraudejorba\/wp-content\/uploads\/usu822\/2023\/02\/IMG_6080-768x1024.jpg\" alt=\"\" width=\"152\" height=\"202\" srcset=\"https:\/\/agora.xtec.cat\/esc-gueraudejorba\/wp-content\/uploads\/usu822\/2023\/02\/IMG_6080-768x1024.jpg 768w, https:\/\/agora.xtec.cat\/esc-gueraudejorba\/wp-content\/uploads\/usu822\/2023\/02\/IMG_6080-225x300.jpg 225w, https:\/\/agora.xtec.cat\/esc-gueraudejorba\/wp-content\/uploads\/usu822\/2023\/02\/IMG_6080.jpg 1024w\" sizes=\"auto, (max-width: 152px) 100vw, 152px\" \/><\/td>\n<td style=\"width: 21.0811%;\"><img loading=\"lazy\" decoding=\"async\" class=\"wp-image-5333 aligncenter\" style=\"font-family: inherit; font-size: 1em;\" src=\"https:\/\/agora.xtec.cat\/esc-gueraudejorba\/wp-content\/uploads\/usu822\/2023\/02\/IMG_20200910_113626.jpg\" alt=\"\" width=\"214\" height=\"160\" srcset=\"https:\/\/agora.xtec.cat\/esc-gueraudejorba\/wp-content\/uploads\/usu822\/2023\/02\/IMG_20200910_113626.jpg 1024w, https:\/\/agora.xtec.cat\/esc-gueraudejorba\/wp-content\/uploads\/usu822\/2023\/02\/IMG_20200910_113626-300x225.jpg 300w, https:\/\/agora.xtec.cat\/esc-gueraudejorba\/wp-content\/uploads\/usu822\/2023\/02\/IMG_20200910_113626-768x576.jpg 768w, https:\/\/agora.xtec.cat\/esc-gueraudejorba\/wp-content\/uploads\/usu822\/2023\/02\/IMG_20200910_113626-200x150.jpg 200w\" sizes=\"auto, (max-width: 214px) 100vw, 214px\" \/><\/td>\n<td style=\"width: 28.1081%;\"><img loading=\"lazy\" decoding=\"async\" class=\"wp-image-5335 aligncenter\" style=\"font-family: inherit; font-size: 1em;\" src=\"https:\/\/agora.xtec.cat\/esc-gueraudejorba\/wp-content\/uploads\/usu822\/2023\/02\/IMG-20210525-WA0023.jpg\" alt=\"\" width=\"260\" height=\"146\" srcset=\"https:\/\/agora.xtec.cat\/esc-gueraudejorba\/wp-content\/uploads\/usu822\/2023\/02\/IMG-20210525-WA0023.jpg 1024w, https:\/\/agora.xtec.cat\/esc-gueraudejorba\/wp-content\/uploads\/usu822\/2023\/02\/IMG-20210525-WA0023-300x169.jpg 300w, https:\/\/agora.xtec.cat\/esc-gueraudejorba\/wp-content\/uploads\/usu822\/2023\/02\/IMG-20210525-WA0023-768x432.jpg 768w\" sizes=\"auto, (max-width: 260px) 100vw, 260px\" \/><\/td>\n<td style=\"width: 20.1351%;\"><img loading=\"lazy\" decoding=\"async\" class=\"wp-image-5321 aligncenter\" style=\"font-family: inherit; font-size: 1em;\" src=\"https:\/\/agora.xtec.cat\/esc-gueraudejorba\/wp-content\/uploads\/usu822\/2023\/02\/1634566065992.jpg\" alt=\"\" width=\"195\" height=\"147\" srcset=\"https:\/\/agora.xtec.cat\/esc-gueraudejorba\/wp-content\/uploads\/usu822\/2023\/02\/1634566065992.jpg 1024w, https:\/\/agora.xtec.cat\/esc-gueraudejorba\/wp-content\/uploads\/usu822\/2023\/02\/1634566065992-300x225.jpg 300w, https:\/\/agora.xtec.cat\/esc-gueraudejorba\/wp-content\/uploads\/usu822\/2023\/02\/1634566065992-768x576.jpg 768w, https:\/\/agora.xtec.cat\/esc-gueraudejorba\/wp-content\/uploads\/usu822\/2023\/02\/1634566065992-200x150.jpg 200w\" sizes=\"auto, (max-width: 195px) 100vw, 195px\" \/><\/td>\n<\/tr>\n<\/tbody>\n<\/table>\n<p><span style=\"font-family: inherit; font-size: 1em;\">\u00a0 \u00a0\u00a0 \u00a0\u00a0 \u00a0\u00a0 \u00a0\u00a0 \u00a0\u00a0 \u00a0\u00a0 \u00a0\u00a0 \u00a0\u00a0 \u00a0\u00a0 \u00a0\u00a0 \u00a0 \u00a0<\/span><\/p>\n","protected":false},"excerpt":{"rendered":"<p>L&#8217;Escola Guerau de Jorba compta amb tres edificis, dos patis de sorra, una pista esportiva, menjador escolar i un hort situat al bell mig del poble.<br \/>\nEn l&#8217;edifici del carrer de la Sort, hi ha ubicat Ed. Infantil.<br \/>\nA l&#8217;edifici principal, carrer de les Eres, hi ha&hellip;  <a href=\"https:\/\/agora.xtec.cat\/esc-gueraudejorba\/lescola\/instal%c2%b7lacions\/\" title=\"Read Instal\u00b7lacions\">Llegeix m\u00e9s\u00bb<\/a><\/p>\n","protected":false},"author":1,"featured_media":0,"parent":22,"menu_order":2,"comment_status":"closed","ping_status":"closed","template":"page-templates\/side-menu.php","meta":{"_bbp_topic_count":0,"_bbp_reply_count":0,"_bbp_total_topic_count":0,"_bbp_total_reply_count":0,"_bbp_voice_count":0,"_bbp_anonymous_reply_count":0,"_bbp_topic_count_hidden":0,"_bbp_reply_count_hidden":0,"_bbp_forum_subforum_count":0,"footnotes":""},"class_list":["post-30","page","type-page","status-publish","hentry"],"post_mailing_queue_ids":[],"_links":{"self":[{"href":"https:\/\/agora.xtec.cat\/esc-gueraudejorba\/wp-json\/wp\/v2\/pages\/30","targetHints":{"allow":["GET"]}}],"collection":[{"href":"https:\/\/agora.xtec.cat\/esc-gueraudejorba\/wp-json\/wp\/v2\/pages"}],"about":[{"href":"https:\/\/agora.xtec.cat\/esc-gueraudejorba\/wp-json\/wp\/v2\/types\/page"}],"author":[{"embeddable":true,"href":"https:\/\/agora.xtec.cat\/esc-gueraudejorba\/wp-json\/wp\/v2\/users\/1"}],"replies":[{"embeddable":true,"href":"https:\/\/agora.xtec.cat\/esc-gueraudejorba\/wp-json\/wp\/v2\/comments?post=30"}],"version-history":[{"count":5,"href":"https:\/\/agora.xtec.cat\/esc-gueraudejorba\/wp-json\/wp\/v2\/pages\/30\/revisions"}],"predecessor-version":[{"id":5913,"href":"https:\/\/agora.xtec.cat\/esc-gueraudejorba\/wp-json\/wp\/v2\/pages\/30\/revisions\/5913"}],"up":[{"embeddable":true,"href":"https:\/\/agora.xtec.cat\/esc-gueraudejorba\/wp-json\/wp\/v2\/pages\/22"}],"wp:attachment":[{"href":"https:\/\/agora.xtec.cat\/esc-gueraudejorba\/wp-json\/wp\/v2\/media?parent=30"}],"curies":[{"name":"wp","href":"https:\/\/api.w.org\/{rel}","templated":true}]}}