{"id":26,"date":"2014-09-18T12:24:32","date_gmt":"2014-09-18T11:24:32","guid":{"rendered":"http:\/\/agora.xtec.cat\/esc-gueraudejorba\/?page_id=26"},"modified":"2023-02-03T12:19:30","modified_gmt":"2023-02-03T11:19:30","slug":"historia","status":"publish","type":"page","link":"https:\/\/agora.xtec.cat\/esc-gueraudejorba\/lescola\/historia\/","title":{"rendered":"Hist\u00f2ria"},"content":{"rendered":"<p>Jorba est\u00e0 situat a la zona central de la comarca de l\u2019Anoia, el municipi, amb una extensi\u00f3 de 30,96 km2, compr\u00e8n a m\u00e9s del poble de Jorba \u2013 cap de municipi- el de Sant Gen\u00eds, Traver, Castellv\u00ed, la Sala i la Creu de Sant Pere, entre d\u2019altres. El poble de Jorba compta amb uns 800 habitants i est\u00e0 situat a una altitud de 380 m.<\/p>\n<p>L&#8217;escola va canviar d&#8217;equip directiu el curs 2016-2017 i a partir d&#8217;aquell moment va comen\u00e7ar una nova etapa, tant pel que fa a la metodologia com a la relaci\u00f3 amb els agents socioculturals del poble.<\/p>\n<p>El curs 2019-2020, vam guanyar el Premi Baldiri Escola en reconeixement de la tasca realitzada al llarg d&#8217;aquests 4 anys. Aquest fet ens ha donat for\u00e7a per continuar amb el nostre projecte i fer-lo cr\u00e9ixer.<\/p>\n<p>Fins al moment actual el nostre treball diari queda evidenciat en els resultats del nostre alumnat i sobretot en la relaci\u00f3 que mantenim amb alumat, fam\u00edlies i agents socials de l&#8217;entorn proper.<\/p>\n","protected":false},"excerpt":{"rendered":"<p>Jorba est\u00e0 situat a la zona central de la comarca de l\u2019Anoia, el municipi, amb una extensi\u00f3 de 30,96 km2, compr\u00e8n a m\u00e9s del poble de Jorba \u2013 cap de municipi- el de Sant Gen\u00eds, Traver, Castellv\u00ed, la Sala i la Creu de Sant Pere,&hellip;  <a href=\"https:\/\/agora.xtec.cat\/esc-gueraudejorba\/lescola\/historia\/\" title=\"Read Hist\u00f2ria\">Llegeix m\u00e9s\u00bb<\/a><\/p>\n","protected":false},"author":1,"featured_media":0,"parent":22,"menu_order":1,"comment_status":"closed","ping_status":"closed","template":"page-templates\/side-menu.php","meta":{"_bbp_topic_count":0,"_bbp_reply_count":0,"_bbp_total_topic_count":0,"_bbp_total_reply_count":0,"_bbp_voice_count":0,"_bbp_anonymous_reply_count":0,"_bbp_topic_count_hidden":0,"_bbp_reply_count_hidden":0,"_bbp_forum_subforum_count":0,"footnotes":""},"class_list":["post-26","page","type-page","status-publish","hentry"],"post_mailing_queue_ids":[],"_links":{"self":[{"href":"https:\/\/agora.xtec.cat\/esc-gueraudejorba\/wp-json\/wp\/v2\/pages\/26","targetHints":{"allow":["GET"]}}],"collection":[{"href":"https:\/\/agora.xtec.cat\/esc-gueraudejorba\/wp-json\/wp\/v2\/pages"}],"about":[{"href":"https:\/\/agora.xtec.cat\/esc-gueraudejorba\/wp-json\/wp\/v2\/types\/page"}],"author":[{"embeddable":true,"href":"https:\/\/agora.xtec.cat\/esc-gueraudejorba\/wp-json\/wp\/v2\/users\/1"}],"replies":[{"embeddable":true,"href":"https:\/\/agora.xtec.cat\/esc-gueraudejorba\/wp-json\/wp\/v2\/comments?post=26"}],"version-history":[{"count":3,"href":"https:\/\/agora.xtec.cat\/esc-gueraudejorba\/wp-json\/wp\/v2\/pages\/26\/revisions"}],"predecessor-version":[{"id":5312,"href":"https:\/\/agora.xtec.cat\/esc-gueraudejorba\/wp-json\/wp\/v2\/pages\/26\/revisions\/5312"}],"up":[{"embeddable":true,"href":"https:\/\/agora.xtec.cat\/esc-gueraudejorba\/wp-json\/wp\/v2\/pages\/22"}],"wp:attachment":[{"href":"https:\/\/agora.xtec.cat\/esc-gueraudejorba\/wp-json\/wp\/v2\/media?parent=26"}],"curies":[{"name":"wp","href":"https:\/\/api.w.org\/{rel}","templated":true}]}}