{"id":22,"date":"2014-09-18T12:19:57","date_gmt":"2014-09-18T10:19:57","guid":{"rendered":"http:\/\/agora.xtec.cat\/esc-gueraudejorba\/?page_id=22"},"modified":"2024-04-04T11:51:05","modified_gmt":"2024-04-04T09:51:05","slug":"lescola","status":"publish","type":"page","link":"https:\/\/agora.xtec.cat\/esc-gueraudejorba\/lescola\/","title":{"rendered":"L&#8217;ESCOLA"},"content":{"rendered":"<p><span style=\"font-family: inherit; font-size: 1em;\">Un dels eixos del nostre projecte \u00e9s fomentar una relaci\u00f3 molt intensa amb el poble i l\u2019entorn on viuen els nostres alumnes. Per aquest motiu hem de tenir molt present el teixit sociocultural del municipi aix\u00ed com el seu entorn natural. Tamb\u00e9 pretenem involucrar a les fam\u00edlies en les activitats d\u2019ensenyament-aprenentatge, aportant coneixements i viv\u00e8ncies que vulguin compartir amb els nens i nenes de l\u2019escola.<\/span><\/p>\n<p>Volem aprofitar aquest entorn i el fet de ser pocs alumnes a les classes, per treballar d\u2019una manera globalitzada, \u00edntegrament relacionada amb l\u2019entorn i mitjan\u00e7ant la qual els aprenentatges siguin significatius pels alumnes.<\/p>\n<p>L\u2019Escola Guerau de Jorba actualment t\u00e9 70 alumnes, 11 de Llar d\u2019infants, 19 d\u2019Educaci\u00f3 Infantil i 40 d\u2019Educaci\u00f3 Prim\u00e0ria.<\/p>\n<p>Aix\u00f2 ens permet atendre tots els alumnes de manera personalitzada i treballar la inclusi\u00f3 de manera individualitzada a tots els nivells. Fent treball per projectes en grups cooperatius.<\/p>\n<p>&nbsp;<\/p>\n","protected":false},"excerpt":{"rendered":"<p>Un dels eixos del nostre projecte \u00e9s fomentar una relaci\u00f3 molt intensa amb el poble i l\u2019entorn on viuen els nostres alumnes. Per aquest motiu hem de tenir molt present el teixit sociocultural del municipi aix\u00ed com el seu entorn natural. Tamb\u00e9 pretenem involucrar a&hellip;  <a href=\"https:\/\/agora.xtec.cat\/esc-gueraudejorba\/lescola\/\" title=\"Read L&#8217;ESCOLA\">Llegeix m\u00e9s\u00bb<\/a><\/p>\n","protected":false},"author":1,"featured_media":0,"parent":0,"menu_order":1,"comment_status":"closed","ping_status":"closed","template":"page-templates\/side-menu.php","meta":{"_bbp_topic_count":0,"_bbp_reply_count":0,"_bbp_total_topic_count":0,"_bbp_total_reply_count":0,"_bbp_voice_count":0,"_bbp_anonymous_reply_count":0,"_bbp_topic_count_hidden":0,"_bbp_reply_count_hidden":0,"_bbp_forum_subforum_count":0,"footnotes":""},"class_list":["post-22","page","type-page","status-publish","hentry"],"post_mailing_queue_ids":[],"_links":{"self":[{"href":"https:\/\/agora.xtec.cat\/esc-gueraudejorba\/wp-json\/wp\/v2\/pages\/22","targetHints":{"allow":["GET"]}}],"collection":[{"href":"https:\/\/agora.xtec.cat\/esc-gueraudejorba\/wp-json\/wp\/v2\/pages"}],"about":[{"href":"https:\/\/agora.xtec.cat\/esc-gueraudejorba\/wp-json\/wp\/v2\/types\/page"}],"author":[{"embeddable":true,"href":"https:\/\/agora.xtec.cat\/esc-gueraudejorba\/wp-json\/wp\/v2\/users\/1"}],"replies":[{"embeddable":true,"href":"https:\/\/agora.xtec.cat\/esc-gueraudejorba\/wp-json\/wp\/v2\/comments?post=22"}],"version-history":[{"count":4,"href":"https:\/\/agora.xtec.cat\/esc-gueraudejorba\/wp-json\/wp\/v2\/pages\/22\/revisions"}],"predecessor-version":[{"id":5565,"href":"https:\/\/agora.xtec.cat\/esc-gueraudejorba\/wp-json\/wp\/v2\/pages\/22\/revisions\/5565"}],"wp:attachment":[{"href":"https:\/\/agora.xtec.cat\/esc-gueraudejorba\/wp-json\/wp\/v2\/media?parent=22"}],"curies":[{"name":"wp","href":"https:\/\/api.w.org\/{rel}","templated":true}]}}