{"id":24,"date":"2014-09-18T12:23:15","date_gmt":"2014-09-18T11:23:15","guid":{"rendered":"http:\/\/agora.xtec.cat\/esc-estudiacasona-les\/?page_id=24"},"modified":"2020-06-13T11:40:26","modified_gmt":"2020-06-13T09:40:26","slug":"revistaguix","status":"publish","type":"page","link":"https:\/\/agora.xtec.cat\/esc-estudiacasona-les\/revistaguix\/","title":{"rendered":"Revista Guix"},"content":{"rendered":"<p><em>Clicatz ena revista que volgatz li\u00e9ger:<\/em><\/p>\n<table style=\"width: 800px;\">\n<tbody>\n<tr>\n<td style=\"width: 395px;\"><a href=\"https:\/\/drive.google.com\/file\/d\/1SmBsLvNLQe1QcVRZhxBlwzbZ3FIkXufk\/view?usp=sharing\"><img loading=\"lazy\" decoding=\"async\" class=\"alignnone size-large wp-image-1152\" src=\"https:\/\/agora.xtec.cat\/esc-estudiacasona-les\/wp-content\/uploads\/usu1640\/2020\/06\/Num\u00e8ro-467-1024x793.jpg\" alt=\"\" width=\"1024\" height=\"793\" srcset=\"https:\/\/agora.xtec.cat\/esc-estudiacasona-les\/wp-content\/uploads\/usu1640\/2020\/06\/Num\u00e8ro-467-1024x793.jpg 1024w, https:\/\/agora.xtec.cat\/esc-estudiacasona-les\/wp-content\/uploads\/usu1640\/2020\/06\/Num\u00e8ro-467-300x232.jpg 300w, https:\/\/agora.xtec.cat\/esc-estudiacasona-les\/wp-content\/uploads\/usu1640\/2020\/06\/Num\u00e8ro-467-768x595.jpg 768w, https:\/\/agora.xtec.cat\/esc-estudiacasona-les\/wp-content\/uploads\/usu1640\/2020\/06\/Num\u00e8ro-467.jpg 1580w\" sizes=\"auto, (max-width: 1024px) 100vw, 1024px\" \/><\/a><\/td>\n<td style=\"width: 397px; text-align: center;\"><span style=\"color: #999999;\"><em>Pr\u00f2pl\u00e8ua revista num\u00e8ro 468<\/em><\/span><\/td>\n<\/tr>\n<tr>\n<td style=\"width: 395px;\"><a href=\"https:\/\/drive.google.com\/file\/d\/1_vj6b0_B0_QDlikPgUTwOyRyuJQzpCyP\/view?usp=sharing\"><img loading=\"lazy\" decoding=\"async\" class=\"alignnone size-large wp-image-922\" src=\"https:\/\/agora.xtec.cat\/esc-estudiacasona-les\/wp-content\/uploads\/usu1640\/2020\/04\/Num\u00e8ro-465-1024x793.jpg\" alt=\"\" width=\"1024\" height=\"793\" srcset=\"https:\/\/agora.xtec.cat\/esc-estudiacasona-les\/wp-content\/uploads\/usu1640\/2020\/04\/Num\u00e8ro-465-1024x793.jpg 1024w, https:\/\/agora.xtec.cat\/esc-estudiacasona-les\/wp-content\/uploads\/usu1640\/2020\/04\/Num\u00e8ro-465-300x232.jpg 300w, https:\/\/agora.xtec.cat\/esc-estudiacasona-les\/wp-content\/uploads\/usu1640\/2020\/04\/Num\u00e8ro-465-768x595.jpg 768w, https:\/\/agora.xtec.cat\/esc-estudiacasona-les\/wp-content\/uploads\/usu1640\/2020\/04\/Num\u00e8ro-465.jpg 1591w\" sizes=\"auto, (max-width: 1024px) 100vw, 1024px\" \/><\/a><\/td>\n<td style=\"width: 397px;\"><a href=\"https:\/\/drive.google.com\/file\/d\/1QtLOJDBpfBDNU6h7_C0LvJUs6Qq-TE9q\/view?usp=sharing\"><img loading=\"lazy\" decoding=\"async\" class=\"alignnone size-full wp-image-1100\" src=\"https:\/\/agora.xtec.cat\/esc-estudiacasona-les\/wp-content\/uploads\/usu1640\/2020\/05\/Num\u00e8ro-466.jpg\" alt=\"\" width=\"765\" height=\"594\" srcset=\"https:\/\/agora.xtec.cat\/esc-estudiacasona-les\/wp-content\/uploads\/usu1640\/2020\/05\/Num\u00e8ro-466.jpg 765w, https:\/\/agora.xtec.cat\/esc-estudiacasona-les\/wp-content\/uploads\/usu1640\/2020\/05\/Num\u00e8ro-466-300x233.jpg 300w\" sizes=\"auto, (max-width: 765px) 100vw, 765px\" \/><\/a><\/td>\n<\/tr>\n<tr>\n<td style=\"width: 395px;\"><a href=\"https:\/\/drive.google.com\/file\/d\/1NauULKQIYAr0i6fxDGc5mlQOFZC_n63d\/view?usp=sharing\"><img loading=\"lazy\" decoding=\"async\" class=\"alignnone wp-image-887\" src=\"https:\/\/agora.xtec.cat\/esc-estudiacasona-les\/wp-content\/uploads\/usu1640\/2020\/04\/Num\u00e8ro-464.jpg\" alt=\"\" width=\"400\" height=\"312\" srcset=\"https:\/\/agora.xtec.cat\/esc-estudiacasona-les\/wp-content\/uploads\/usu1640\/2020\/04\/Num\u00e8ro-464.jpg 758w, https:\/\/agora.xtec.cat\/esc-estudiacasona-les\/wp-content\/uploads\/usu1640\/2020\/04\/Num\u00e8ro-464-300x234.jpg 300w\" sizes=\"auto, (max-width: 400px) 100vw, 400px\" \/><\/a><\/td>\n<td style=\"width: 397px;\"><a href=\"https:\/\/drive.google.com\/file\/d\/1Jldds7oS1shrJ3aW8L4kgJFa1vf-WOuk\/view?usp=sharing\"><img loading=\"lazy\" decoding=\"async\" class=\"alignnone wp-image-884\" src=\"https:\/\/agora.xtec.cat\/esc-estudiacasona-les\/wp-content\/uploads\/usu1640\/2020\/04\/Num\u00e8ro-463.jpg\" alt=\"\" width=\"400\" height=\"312\" srcset=\"https:\/\/agora.xtec.cat\/esc-estudiacasona-les\/wp-content\/uploads\/usu1640\/2020\/04\/Num\u00e8ro-463.jpg 761w, https:\/\/agora.xtec.cat\/esc-estudiacasona-les\/wp-content\/uploads\/usu1640\/2020\/04\/Num\u00e8ro-463-300x234.jpg 300w\" sizes=\"auto, (max-width: 400px) 100vw, 400px\" \/><\/a><\/td>\n<\/tr>\n<tr>\n<td style=\"width: 395px;\"><a href=\"https:\/\/drive.google.com\/file\/d\/1nUBlgR_aZ6ZuwVbMjLqL7Q2VwdzbSFof\/view?usp=sharing\"><img loading=\"lazy\" decoding=\"async\" class=\"alignnone wp-image-883\" src=\"https:\/\/agora.xtec.cat\/esc-estudiacasona-les\/wp-content\/uploads\/usu1640\/2020\/04\/Num\u00e8ro-462.jpg\" alt=\"\" width=\"400\" height=\"289\" srcset=\"https:\/\/agora.xtec.cat\/esc-estudiacasona-les\/wp-content\/uploads\/usu1640\/2020\/04\/Num\u00e8ro-462.jpg 814w, https:\/\/agora.xtec.cat\/esc-estudiacasona-les\/wp-content\/uploads\/usu1640\/2020\/04\/Num\u00e8ro-462-300x217.jpg 300w, https:\/\/agora.xtec.cat\/esc-estudiacasona-les\/wp-content\/uploads\/usu1640\/2020\/04\/Num\u00e8ro-462-768x555.jpg 768w\" sizes=\"auto, (max-width: 400px) 100vw, 400px\" \/><\/a><\/td>\n<td style=\"width: 397px;\"><a href=\"https:\/\/drive.google.com\/file\/d\/1agteEstOFK1b1qQt1nuR_EdBCD-LekWk\/view?usp=sharing\"><img loading=\"lazy\" decoding=\"async\" class=\"alignnone wp-image-882\" src=\"https:\/\/agora.xtec.cat\/esc-estudiacasona-les\/wp-content\/uploads\/usu1640\/2020\/04\/Num\u00e8ro-461.jpg\" alt=\"\" width=\"401\" height=\"287\" srcset=\"https:\/\/agora.xtec.cat\/esc-estudiacasona-les\/wp-content\/uploads\/usu1640\/2020\/04\/Num\u00e8ro-461.jpg 820w, https:\/\/agora.xtec.cat\/esc-estudiacasona-les\/wp-content\/uploads\/usu1640\/2020\/04\/Num\u00e8ro-461-300x215.jpg 300w, https:\/\/agora.xtec.cat\/esc-estudiacasona-les\/wp-content\/uploads\/usu1640\/2020\/04\/Num\u00e8ro-461-768x550.jpg 768w\" sizes=\"auto, (max-width: 401px) 100vw, 401px\" \/><\/a><\/td>\n<\/tr>\n<tr>\n<td style=\"width: 395px;\"><a href=\"https:\/\/drive.google.com\/file\/d\/1v3Ew4zWoQEful3mWgmh2K0ez6qmEex-1\/view?usp=sharing\"><img loading=\"lazy\" decoding=\"async\" class=\"alignnone wp-image-881\" src=\"https:\/\/agora.xtec.cat\/esc-estudiacasona-les\/wp-content\/uploads\/usu1640\/2020\/04\/Num\u00e8ro-460.jpg\" alt=\"\" width=\"400\" height=\"288\" srcset=\"https:\/\/agora.xtec.cat\/esc-estudiacasona-les\/wp-content\/uploads\/usu1640\/2020\/04\/Num\u00e8ro-460.jpg 819w, https:\/\/agora.xtec.cat\/esc-estudiacasona-les\/wp-content\/uploads\/usu1640\/2020\/04\/Num\u00e8ro-460-300x216.jpg 300w, https:\/\/agora.xtec.cat\/esc-estudiacasona-les\/wp-content\/uploads\/usu1640\/2020\/04\/Num\u00e8ro-460-768x552.jpg 768w\" sizes=\"auto, (max-width: 400px) 100vw, 400px\" \/><\/a><\/td>\n<td style=\"width: 397px;\"><a href=\"https:\/\/drive.google.com\/file\/d\/1u0BsI2uMhb8vyc4IzMQOO1ikdfcuuqBL\/view?usp=sharing\"><img loading=\"lazy\" decoding=\"async\" class=\"alignnone wp-image-886\" src=\"https:\/\/agora.xtec.cat\/esc-estudiacasona-les\/wp-content\/uploads\/usu1640\/2020\/04\/Num\u00e8ro-459.jpg\" alt=\"\" width=\"388\" height=\"281\" srcset=\"https:\/\/agora.xtec.cat\/esc-estudiacasona-les\/wp-content\/uploads\/usu1640\/2020\/04\/Num\u00e8ro-459.jpg 839w, https:\/\/agora.xtec.cat\/esc-estudiacasona-les\/wp-content\/uploads\/usu1640\/2020\/04\/Num\u00e8ro-459-300x217.jpg 300w, https:\/\/agora.xtec.cat\/esc-estudiacasona-les\/wp-content\/uploads\/usu1640\/2020\/04\/Num\u00e8ro-459-768x556.jpg 768w\" sizes=\"auto, (max-width: 388px) 100vw, 388px\" \/><\/a><\/td>\n<\/tr>\n<\/tbody>\n<\/table>\n","protected":false},"excerpt":{"rendered":"<p>Clicatz ena revista que volgatz li\u00e9ger:<\/p>\n<p><a href=\"https:\/\/drive.google.com\/file\/d\/1SmBsLvNLQe1QcVRZhxBlwzbZ3FIkXufk\/view?usp=sharing\"><\/a><br \/>\nPr\u00f2pl\u00e8ua revista num\u00e8ro 468<\/p>\n<p><a href=\"https:\/\/drive.google.com\/file\/d\/1_vj6b0_B0_QDlikPgUTwOyRyuJQzpCyP\/view?usp=sharing\"><\/a><br \/>\n<a href=\"https:\/\/drive.google.com\/file\/d\/1QtLOJDBpfBDNU6h7_C0LvJUs6Qq-TE9q\/view?usp=sharing\"><\/a><\/p>\n<p><a href=\"https:\/\/drive.google.com\/file\/d\/1NauULKQIYAr0i6fxDGc5mlQOFZC_n63d\/view?usp=sharing\"><\/a><br \/>\n<a href=\"https:\/\/drive.google.com\/file\/d\/1Jldds7oS1shrJ3aW8L4kgJFa1vf-WOuk\/view?usp=sharing\"><\/a><\/p>\n<p><a href=\"https:\/\/drive.google.com\/file\/d\/1nUBlgR_aZ6ZuwVbMjLqL7Q2VwdzbSFof\/view?usp=sharing\"><\/a><br \/>\n<a href=\"https:\/\/drive.google.com\/file\/d\/1agteEstOFK1b1qQt1nuR_EdBCD-LekWk\/view?usp=sharing\"><\/a><\/p>\n<p><a href=\"https:\/\/drive.google.com\/file\/d\/1v3Ew4zWoQEful3mWgmh2K0ez6qmEex-1\/view?usp=sharing\"><\/a><br \/>\n<a href=\"https:\/\/drive.google.com\/file\/d\/1u0BsI2uMhb8vyc4IzMQOO1ikdfcuuqBL\/view?usp=sharing\"><\/a><\/p>\n","protected":false},"author":1,"featured_media":0,"parent":0,"menu_order":10,"comment_status":"closed","ping_status":"closed","template":"page-templates\/side-menu.php","meta":{"_bbp_topic_count":0,"_bbp_reply_count":0,"_bbp_total_topic_count":0,"_bbp_total_reply_count":0,"_bbp_voice_count":0,"_bbp_anonymous_reply_count":0,"_bbp_topic_count_hidden":0,"_bbp_reply_count_hidden":0,"_bbp_forum_subforum_count":0,"footnotes":""},"class_list":["post-24","page","type-page","status-publish","hentry"],"post_mailing_queue_ids":[],"_links":{"self":[{"href":"https:\/\/agora.xtec.cat\/esc-estudiacasona-les\/wp-json\/wp\/v2\/pages\/24","targetHints":{"allow":["GET"]}}],"collection":[{"href":"https:\/\/agora.xtec.cat\/esc-estudiacasona-les\/wp-json\/wp\/v2\/pages"}],"about":[{"href":"https:\/\/agora.xtec.cat\/esc-estudiacasona-les\/wp-json\/wp\/v2\/types\/page"}],"author":[{"embeddable":true,"href":"https:\/\/agora.xtec.cat\/esc-estudiacasona-les\/wp-json\/wp\/v2\/users\/1"}],"replies":[{"embeddable":true,"href":"https:\/\/agora.xtec.cat\/esc-estudiacasona-les\/wp-json\/wp\/v2\/comments?post=24"}],"version-history":[{"count":5,"href":"https:\/\/agora.xtec.cat\/esc-estudiacasona-les\/wp-json\/wp\/v2\/pages\/24\/revisions"}],"predecessor-version":[{"id":1154,"href":"https:\/\/agora.xtec.cat\/esc-estudiacasona-les\/wp-json\/wp\/v2\/pages\/24\/revisions\/1154"}],"wp:attachment":[{"href":"https:\/\/agora.xtec.cat\/esc-estudiacasona-les\/wp-json\/wp\/v2\/media?parent=24"}],"curies":[{"name":"wp","href":"https:\/\/api.w.org\/{rel}","templated":true}]}}