{"id":1436,"date":"2022-04-08T11:36:25","date_gmt":"2022-04-08T09:36:25","guid":{"rendered":"https:\/\/agora.xtec.cat\/esc-estudiacasona-les\/?page_id=1436"},"modified":"2024-05-27T18:05:10","modified_gmt":"2024-05-27T16:05:10","slug":"estrategia-digital","status":"publish","type":"page","link":"https:\/\/agora.xtec.cat\/esc-estudiacasona-les\/estrategia-digital\/","title":{"rendered":"Estrat\u00e8gia Digitau"},"content":{"rendered":"<p>&nbsp;<\/p>\n<table style=\"width: 100%; height: 558px;\">\n<tbody>\n<tr style=\"height: 43px;\">\n<td style=\"height: 43px;\" colspan=\"2\">\n<p style=\"text-align: center;\"><strong>DIAGN\u00d2SI COMPET\u00c9NCIA DIGITAU<\/strong><\/p>\n<\/td>\n<\/tr>\n<tr style=\"height: 32px;\">\n<td style=\"text-align: center; height: 32px;\"><strong>PUNTS F\u00d2RTS<\/strong><\/td>\n<td style=\"text-align: center; height: 32px;\"><strong>PUNTS D\u00c9BILS<\/strong><\/td>\n<\/tr>\n<tr style=\"height: 483px;\">\n<td style=\"height: 483px;\"><span style=\"font-weight: 400;\">&#8211; En centre auem conexion a Internet.<\/span><\/p>\n<p><span style=\"font-weight: 400;\">&#8211; Es familhes utilizen es hilats sociaus.<\/span><\/p>\n<p><span style=\"font-weight: 400;\">&#8211; Es familhes mostren inter\u00e9s e disposicion a participar en formacions.<\/span><\/td>\n<td style=\"height: 483px;\"><span style=\"font-weight: 400;\">&#8211; Un 23% des familhes non dispausen de dispositius digitaus.<\/span><\/p>\n<p><span style=\"font-weight: 400;\">&#8211; Manca de temps tar aprendissatge digitau e adopcion des tecnologies.<\/span><\/p>\n<p><span style=\"font-weight: 400;\">&#8211; Trabalh deth pensament computacional, era innovacion tecnologica e es Tecnologies Digitaus emergents.<\/span><\/p>\n<p><span style=\"font-weight: 400;\">&#8211; Formacion permanent e participacion en hilats.<\/span><\/p>\n<p><span style=\"font-weight: 400;\">&#8211; Creacion de recorsi digitaus.<\/span><\/p>\n<p><span style=\"font-weight: 400;\">&#8211; Proteccion de donades e seguretat digitau.<\/span><\/p>\n<p><span style=\"font-weight: 400;\">&#8211; Collaboracions damb ues autes esc\u00f2les e organizacions der entorn.<\/span><\/p>\n<p><span style=\"font-weight: 400;\">&#8211; Compet\u00e9ncia Digitau Docent insuficient<\/span><\/p>\n<p><span style=\"font-weight: 400;\">&#8211; Entorn Virtuau d\u2019Aprendissatge<\/span><\/p>\n<p><span style=\"font-weight: 400;\">&#8211; Compet\u00e9ncia Digitau der Alumnat<\/span><\/td>\n<\/tr>\n<\/tbody>\n<\/table>\n<p>&nbsp;<\/p>\n<table>\n<tbody>\n<tr>\n<td colspan=\"2\">\n<p style=\"text-align: center;\"><strong>ESTRATEGIA DIGITAU DE CENTRE\u00a0 2022-2025<\/strong><\/p>\n<\/td>\n<\/tr>\n<tr>\n<td style=\"text-align: center;\"><strong>OBJECTIUS\u00a0<\/strong><\/td>\n<td style=\"text-align: center;\"><strong>ACTIVITATS<\/strong><\/td>\n<\/tr>\n<tr>\n<td><span style=\"font-weight: 400;\">1. Proteccion de donades e seguretat en airau digitau ent\u00e0 mielhorar era CDD e CDA.<\/span><\/td>\n<td><span style=\"font-weight: 400;\">&#8211; Formacion FIC.<\/span><\/p>\n<p><span style=\"font-weight: 400;\">&#8211; Redaccion de protoc\u00f2us e ac\u00f2rds.<\/span><\/p>\n<p><span style=\"font-weight: 400;\">\u00a0<\/span><span style=\"font-weight: 400;\">&#8211; Emplec des protoc\u00f2us e ac\u00f2rds.<\/span><\/p>\n<p><span style=\"font-weight: 400;\">&#8211; Charrada Ciberseguretat.<\/span><\/p>\n<p><span style=\"font-weight: 400;\">&#8211; Adaptacion des contenguts ent\u00e0 dessenhar situacions d&#8217;aprendissatge en aula.\u00a0<\/span><\/td>\n<\/tr>\n<tr>\n<td><span style=\"font-weight: 400;\">2. Prom\u00f2ir era collaboracion int\u00e8rna e damb ues autes esc\u00f2les, intercambi d&#8217;experi\u00e9ncies.<\/span><\/td>\n<td><span style=\"font-weight: 400;\">&#8211; Planificar activitats digitaus d&#8217;aprendissatge damb d&#8217;auti centres.<\/span><\/p>\n<p><span style=\"font-weight: 400;\">&#8211; Planificar activitats digitaus interniv\u00e8us en madeish centre.<\/span><\/p>\n<p><span style=\"font-weight: 400;\">&#8211; Potenciar es carp\u00e8tes compartides damb bones practiques e recorsi.<\/span><\/td>\n<\/tr>\n<tr>\n<td><span style=\"font-weight: 400;\">3. Incentivar er emplec de Google Classroom coma EVA unIficat dera esc\u00f2la.<\/span><\/td>\n<td><span style=\"font-weight: 400;\">&#8211; Crear tasques qu\u2019agen de besonh era interaccion der alumnat.<\/span><\/p>\n<p><span style=\"font-weight: 400;\">&#8211; Crear activitats damb d\u2019autes aplicacions enla\u00e7ades.<\/span><\/p>\n<p><span style=\"font-weight: 400;\">&#8211; Crear activitats d&#8217;avaluacion<\/span><\/p>\n<p><span style=\"font-weight: 400;\">Formacion FIC<\/span><\/td>\n<\/tr>\n<tr>\n<td><span style=\"font-weight: 400;\">4. Prom\u00f2ir era creacion de contenguts digitaus ent\u00e0 adaptar er aprendissatge as besonhs des escolans deth centre.<\/span><\/td>\n<td><span style=\"font-weight: 400;\">&#8211; Formacion.<\/span><\/p>\n<p><span style=\"font-weight: 400;\">&#8211; Crear activitats considerant es besonhs der alumnat (DUA).<\/span><\/td>\n<\/tr>\n<\/tbody>\n<\/table>\n<p>&nbsp;<\/p>\n<table style=\"border-collapse: collapse; width: 100%; height: 160px;\">\n<tbody>\n<tr style=\"height: 32px;\">\n<td style=\"width: 99.9999%; text-align: center; height: 32px;\" colspan=\"3\"><strong>AVALORACION ESTRATEGIA DIGITAU DE CENTRE\u00a0<\/strong><\/td>\n<\/tr>\n<tr style=\"height: 32px;\">\n<td style=\"width: 8.19819%; height: 32px;\">1<\/td>\n<td style=\"width: 58.4684%; height: 32px;\">Impulsar era proteccion de donades e seguretat en airau digitau<\/td>\n<td style=\"width: 33.3333%; height: 32px;\">Parcialment artenhut<\/td>\n<\/tr>\n<tr style=\"height: 32px;\">\n<td style=\"width: 8.19819%; height: 32px;\">2<\/td>\n<td style=\"width: 58.4684%; height: 32px;\"><span data-sheets-root=\"1\" data-sheets-value=\"{&quot;1&quot;:2,&quot;2&quot;:&quot;Prom\u00f2ir era cultura digitau deth centre&quot;}\" data-sheets-userformat=\"{&quot;2&quot;:12927,&quot;3&quot;:{&quot;1&quot;:0},&quot;4&quot;:{&quot;1&quot;:2,&quot;2&quot;:15987699},&quot;5&quot;:{&quot;1&quot;:[{&quot;1&quot;:2,&quot;2&quot;:0,&quot;5&quot;:{&quot;1&quot;:2,&quot;2&quot;:0}},{&quot;1&quot;:0,&quot;2&quot;:0,&quot;3&quot;:3},{&quot;1&quot;:1,&quot;2&quot;:0,&quot;4&quot;:1}]},&quot;6&quot;:{&quot;1&quot;:[{&quot;1&quot;:2,&quot;2&quot;:0,&quot;5&quot;:{&quot;1&quot;:2,&quot;2&quot;:0}},{&quot;1&quot;:0,&quot;2&quot;:0,&quot;3&quot;:3},{&quot;1&quot;:1,&quot;2&quot;:0,&quot;4&quot;:1}]},&quot;7&quot;:{&quot;1&quot;:[{&quot;1&quot;:2,&quot;2&quot;:0,&quot;5&quot;:{&quot;1&quot;:2,&quot;2&quot;:0}},{&quot;1&quot;:0,&quot;2&quot;:0,&quot;3&quot;:3},{&quot;1&quot;:1,&quot;2&quot;:0,&quot;4&quot;:1}]},&quot;8&quot;:{&quot;1&quot;:[{&quot;1&quot;:2,&quot;2&quot;:0,&quot;5&quot;:{&quot;1&quot;:2,&quot;2&quot;:0}},{&quot;1&quot;:0,&quot;2&quot;:0,&quot;3&quot;:3},{&quot;1&quot;:1,&quot;2&quot;:0,&quot;4&quot;:1}]},&quot;9&quot;:0,&quot;12&quot;:0,&quot;15&quot;:&quot;Arial&quot;,&quot;16&quot;:14}\">Prom\u00f2ir era cultura digitau deth centre<\/span><\/td>\n<td style=\"width: 33.3333%; height: 32px;\">Parcialment artenhut<\/td>\n<\/tr>\n<tr style=\"height: 32px;\">\n<td style=\"width: 8.19819%; height: 32px;\">3<\/td>\n<td style=\"width: 58.4684%; height: 32px;\">Prom\u00f2ir er emplec deth Google Classroom coma EVA<\/td>\n<td style=\"width: 33.3333%; height: 32px;\">Completament artenhut<\/td>\n<\/tr>\n<tr style=\"height: 32px;\">\n<td style=\"width: 8.19819%; height: 32px;\">4<\/td>\n<td style=\"width: 58.4684%; height: 32px;\">Mielhorar era compet\u00e9ncia digitau der alumnat<\/td>\n<td style=\"width: 33.3333%; height: 32px;\">Parcialment artenhut<\/td>\n<\/tr>\n<\/tbody>\n<\/table>\n","protected":false},"excerpt":{"rendered":"<p>&nbsp;<\/p>\n<p>DIAGN\u00d2SI COMPET\u00c9NCIA DIGITAU<\/p>\n<p>PUNTS F\u00d2RTS<br \/>\nPUNTS D\u00c9BILS<\/p>\n<p>&#8211; En centre auem conexion a Internet.<br \/>\n&#8211; Es familhes utilizen es hilats sociaus.<br \/>\n&#8211; Es familhes mostren inter\u00e9s e disposicion a participar en formacions.<br \/>\n&#8211; Un 23% des familhes non dispausen de dispositius digitaus.<br \/>\n&#8211; Manca de temps tar aprendissatge digitau e adopcion des&hellip;  <a href=\"https:\/\/agora.xtec.cat\/esc-estudiacasona-les\/estrategia-digital\/\" title=\"Read Estrat\u00e8gia Digitau\">Llegeix m\u00e9s\u00bb<\/a><\/p>\n","protected":false},"author":1,"featured_media":0,"parent":0,"menu_order":0,"comment_status":"closed","ping_status":"closed","template":"","meta":{"_bbp_topic_count":0,"_bbp_reply_count":0,"_bbp_total_topic_count":0,"_bbp_total_reply_count":0,"_bbp_voice_count":0,"_bbp_anonymous_reply_count":0,"_bbp_topic_count_hidden":0,"_bbp_reply_count_hidden":0,"_bbp_forum_subforum_count":0,"footnotes":""},"class_list":["post-1436","page","type-page","status-publish","hentry"],"post_mailing_queue_ids":[],"_links":{"self":[{"href":"https:\/\/agora.xtec.cat\/esc-estudiacasona-les\/wp-json\/wp\/v2\/pages\/1436","targetHints":{"allow":["GET"]}}],"collection":[{"href":"https:\/\/agora.xtec.cat\/esc-estudiacasona-les\/wp-json\/wp\/v2\/pages"}],"about":[{"href":"https:\/\/agora.xtec.cat\/esc-estudiacasona-les\/wp-json\/wp\/v2\/types\/page"}],"author":[{"embeddable":true,"href":"https:\/\/agora.xtec.cat\/esc-estudiacasona-les\/wp-json\/wp\/v2\/users\/1"}],"replies":[{"embeddable":true,"href":"https:\/\/agora.xtec.cat\/esc-estudiacasona-les\/wp-json\/wp\/v2\/comments?post=1436"}],"version-history":[{"count":6,"href":"https:\/\/agora.xtec.cat\/esc-estudiacasona-les\/wp-json\/wp\/v2\/pages\/1436\/revisions"}],"predecessor-version":[{"id":2017,"href":"https:\/\/agora.xtec.cat\/esc-estudiacasona-les\/wp-json\/wp\/v2\/pages\/1436\/revisions\/2017"}],"wp:attachment":[{"href":"https:\/\/agora.xtec.cat\/esc-estudiacasona-les\/wp-json\/wp\/v2\/media?parent=1436"}],"curies":[{"name":"wp","href":"https:\/\/api.w.org\/{rel}","templated":true}]}}