{"id":7761,"date":"2025-06-30T13:01:20","date_gmt":"2025-06-30T11:01:20","guid":{"rendered":"https:\/\/agora.xtec.cat\/esc-estevecarles-lloret\/?page_id=7761"},"modified":"2025-06-30T13:01:55","modified_gmt":"2025-06-30T11:01:55","slug":"benvinguts-a-i3","status":"publish","type":"page","link":"https:\/\/agora.xtec.cat\/esc-estevecarles-lloret\/pagines-dinici\/benvinguts-a-i3\/","title":{"rendered":"Benvinguts a I3"},"content":{"rendered":"<p data-pm-slice=\"1 1 []\">Us adjuntem la presentaci\u00f3 de la reuni\u00f3 de benvinguda per a les fam\u00edlies d&#8217;I3, on podreu trobar recollida tota la informaci\u00f3 compartida. <strong>Cliqueu la imatge per accedir-hi!<\/strong><\/p>\n<p data-pm-slice=\"1 1 []\"><a href=\"https:\/\/www.canva.com\/design\/DAGrifzZm0U\/jSwgaNnNUTEgde38Ko0sng\/edit?utm_content=DAGrifzZm0U&amp;utm_campaign=designshare&amp;utm_medium=link2&amp;utm_source=sharebutton\" target=\"_blank\" rel=\"noopener\"><img loading=\"lazy\" decoding=\"async\" class=\"wp-image-7762 aligncenter\" src=\"https:\/\/agora.xtec.cat\/esc-estevecarles-lloret\/wp-content\/uploads\/usu278\/2025\/06\/Presentacio-I3-25-26-1024x576.png\" alt=\"\" width=\"450\" height=\"253\" srcset=\"https:\/\/agora.xtec.cat\/esc-estevecarles-lloret\/wp-content\/uploads\/usu278\/2025\/06\/Presentacio-I3-25-26-1024x576.png 1024w, https:\/\/agora.xtec.cat\/esc-estevecarles-lloret\/wp-content\/uploads\/usu278\/2025\/06\/Presentacio-I3-25-26-300x169.png 300w, https:\/\/agora.xtec.cat\/esc-estevecarles-lloret\/wp-content\/uploads\/usu278\/2025\/06\/Presentacio-I3-25-26-768x432.png 768w, https:\/\/agora.xtec.cat\/esc-estevecarles-lloret\/wp-content\/uploads\/usu278\/2025\/06\/Presentacio-I3-25-26-1536x864.png 1536w, https:\/\/agora.xtec.cat\/esc-estevecarles-lloret\/wp-content\/uploads\/usu278\/2025\/06\/Presentacio-I3-25-26.png 1920w\" sizes=\"auto, (max-width: 450px) 100vw, 450px\" \/><\/a><\/p>\n<p data-pm-slice=\"1 1 []\">Moltes gr\u00e0cies i que passeu un bon estiu!<\/p>\n","protected":false},"excerpt":{"rendered":"<p>Us adjuntem la presentaci\u00f3 de la reuni\u00f3 de benvinguda per a les fam\u00edlies d&#8217;I3, on podreu trobar recollida tota la informaci\u00f3 compartida. Cliqueu la imatge per accedir-hi! Moltes gr\u00e0cies i que passeu un bon estiu!<\/p>\n","protected":false},"author":1,"featured_media":0,"parent":7,"menu_order":0,"comment_status":"closed","ping_status":"closed","template":"page-templates\/front-page.php","meta":{"_bbp_topic_count":0,"_bbp_reply_count":0,"_bbp_total_topic_count":0,"_bbp_total_reply_count":0,"_bbp_voice_count":0,"_bbp_anonymous_reply_count":0,"_bbp_topic_count_hidden":0,"_bbp_reply_count_hidden":0,"_bbp_forum_subforum_count":0,"site-sidebar-layout":"default","site-content-layout":"","ast-site-content-layout":"","site-content-style":"default","site-sidebar-style":"default","ast-global-header-display":"","ast-banner-title-visibility":"","ast-main-header-display":"","ast-hfb-above-header-display":"","ast-hfb-below-header-display":"","ast-hfb-mobile-header-display":"","site-post-title":"","ast-breadcrumbs-content":"","ast-featured-img":"","footer-sml-layout":"","theme-transparent-header-meta":"","adv-header-id-meta":"","stick-header-meta":"","header-above-stick-meta":"","header-main-stick-meta":"","header-below-stick-meta":"","astra-migrate-meta-layouts":"default","ast-page-background-enabled":"default","ast-page-background-meta":{"desktop":{"background-color":"var(--ast-global-color-5)","background-image":"","background-repeat":"repeat","background-position":"center center","background-size":"auto","background-attachment":"scroll","background-type":"","background-media":"","overlay-type":"","overlay-color":"","overlay-opacity":"","overlay-gradient":""},"tablet":{"background-color":"","background-image":"","background-repeat":"repeat","background-position":"center center","background-size":"auto","background-attachment":"scroll","background-type":"","background-media":"","overlay-type":"","overlay-color":"","overlay-opacity":"","overlay-gradient":""},"mobile":{"background-color":"","background-image":"","background-repeat":"repeat","background-position":"center center","background-size":"auto","background-attachment":"scroll","background-type":"","background-media":"","overlay-type":"","overlay-color":"","overlay-opacity":"","overlay-gradient":""}},"ast-content-background-meta":{"desktop":{"background-color":"var(--ast-global-color-4)","background-image":"","background-repeat":"repeat","background-position":"center center","background-size":"auto","background-attachment":"scroll","background-type":"","background-media":"","overlay-type":"","overlay-color":"","overlay-opacity":"","overlay-gradient":""},"tablet":{"background-color":"var(--ast-global-color-4)","background-image":"","background-repeat":"repeat","background-position":"center center","background-size":"auto","background-attachment":"scroll","background-type":"","background-media":"","overlay-type":"","overlay-color":"","overlay-opacity":"","overlay-gradient":""},"mobile":{"background-color":"var(--ast-global-color-4)","background-image":"","background-repeat":"repeat","background-position":"center center","background-size":"auto","background-attachment":"scroll","background-type":"","background-media":"","overlay-type":"","overlay-color":"","overlay-opacity":"","overlay-gradient":""}},"footnotes":""},"class_list":["post-7761","page","type-page","status-publish","hentry"],"post_mailing_queue_ids":[],"_links":{"self":[{"href":"https:\/\/agora.xtec.cat\/esc-estevecarles-lloret\/wp-json\/wp\/v2\/pages\/7761","targetHints":{"allow":["GET"]}}],"collection":[{"href":"https:\/\/agora.xtec.cat\/esc-estevecarles-lloret\/wp-json\/wp\/v2\/pages"}],"about":[{"href":"https:\/\/agora.xtec.cat\/esc-estevecarles-lloret\/wp-json\/wp\/v2\/types\/page"}],"author":[{"embeddable":true,"href":"https:\/\/agora.xtec.cat\/esc-estevecarles-lloret\/wp-json\/wp\/v2\/users\/1"}],"replies":[{"embeddable":true,"href":"https:\/\/agora.xtec.cat\/esc-estevecarles-lloret\/wp-json\/wp\/v2\/comments?post=7761"}],"version-history":[{"count":1,"href":"https:\/\/agora.xtec.cat\/esc-estevecarles-lloret\/wp-json\/wp\/v2\/pages\/7761\/revisions"}],"predecessor-version":[{"id":7763,"href":"https:\/\/agora.xtec.cat\/esc-estevecarles-lloret\/wp-json\/wp\/v2\/pages\/7761\/revisions\/7763"}],"up":[{"embeddable":true,"href":"https:\/\/agora.xtec.cat\/esc-estevecarles-lloret\/wp-json\/wp\/v2\/pages\/7"}],"wp:attachment":[{"href":"https:\/\/agora.xtec.cat\/esc-estevecarles-lloret\/wp-json\/wp\/v2\/media?parent=7761"}],"curies":[{"name":"wp","href":"https:\/\/api.w.org\/{rel}","templated":true}]}}