{"id":26,"date":"2014-09-18T12:24:32","date_gmt":"2014-09-18T12:24:32","guid":{"rendered":"http:\/\/agora.xtec.cat\/esc-estevecarles-lloret\/\/?page_id=26"},"modified":"2025-07-04T10:16:07","modified_gmt":"2025-07-04T08:16:07","slug":"historia","status":"publish","type":"page","link":"https:\/\/agora.xtec.cat\/esc-estevecarles-lloret\/la-nostra-escola\/historia\/","title":{"rendered":"Hist\u00f2ria"},"content":{"rendered":"<p>L\u2019escola Esteve Carles, va ser el primer centre educatiu p\u00fablic de la poblaci\u00f3 de Lloret de Mar. Durant molt de temps, aquesta localitat ha estat una vila agr\u00edcola i marinera per\u00f2, a partir dels anys 50, degut a l\u2019aflu\u00e8ncia massiva de turistes, ha tingut una transformaci\u00f3 molt r\u00e0pida cap al sector de serveis, incrementant la poblaci\u00f3 de 3.000 a 42.134 habitants. Aquesta xifra augmenta considerablement a l\u2019estiu pels efectes del turisme.<br \/>\nLa construcci\u00f3 d\u2019aquesta escola es situa als anys 60 en un empla\u00e7ament ocupat per hortes i camps, ja que era una zona perif\u00e8rica del nucli urb\u00e0 de la localitat.<\/p>\n<p>Aquest centre \u00e9s d\u2019una l\u00ednia i en ell s\u2019imparteixen infantil i prim\u00e0ria, exceptuant dos desdoblaments en el curs 2025\/26: dos grups a quart i dos a sis\u00e9 d\u2019Educaci\u00f3 Prim\u00e0ria.<\/p>\n","protected":false},"excerpt":{"rendered":"<p>L\u2019escola Esteve Carles, va ser el primer centre educatiu p\u00fablic de la poblaci\u00f3 de Lloret de Mar. Durant molt de temps, aquesta localitat ha estat una vila agr\u00edcola i marinera per\u00f2, a partir dels anys 50, degut a l\u2019aflu\u00e8ncia massiva de turistes, ha tingut una transformaci\u00f3 molt r\u00e0pida cap al sector de serveis, incrementant la [&hellip;]<\/p>\n","protected":false},"author":2,"featured_media":0,"parent":22,"menu_order":20,"comment_status":"closed","ping_status":"closed","template":"page-templates\/side-menu.php","meta":{"_bbp_topic_count":0,"_bbp_reply_count":0,"_bbp_total_topic_count":0,"_bbp_total_reply_count":0,"_bbp_voice_count":0,"_bbp_anonymous_reply_count":0,"_bbp_topic_count_hidden":0,"_bbp_reply_count_hidden":0,"_bbp_forum_subforum_count":0,"site-sidebar-layout":"default","site-content-layout":"","ast-site-content-layout":"default","site-content-style":"default","site-sidebar-style":"default","ast-global-header-display":"","ast-banner-title-visibility":"","ast-main-header-display":"","ast-hfb-above-header-display":"","ast-hfb-below-header-display":"","ast-hfb-mobile-header-display":"","site-post-title":"","ast-breadcrumbs-content":"","ast-featured-img":"","footer-sml-layout":"","theme-transparent-header-meta":"","adv-header-id-meta":"","stick-header-meta":"","header-above-stick-meta":"","header-main-stick-meta":"","header-below-stick-meta":"","astra-migrate-meta-layouts":"set","ast-page-background-enabled":"default","ast-page-background-meta":{"desktop":{"background-color":"var(--ast-global-color-5)","background-image":"","background-repeat":"repeat","background-position":"center center","background-size":"auto","background-attachment":"scroll","background-type":"","background-media":"","overlay-type":"","overlay-color":"","overlay-opacity":"","overlay-gradient":""},"tablet":{"background-color":"","background-image":"","background-repeat":"repeat","background-position":"center center","background-size":"auto","background-attachment":"scroll","background-type":"","background-media":"","overlay-type":"","overlay-color":"","overlay-opacity":"","overlay-gradient":""},"mobile":{"background-color":"","background-image":"","background-repeat":"repeat","background-position":"center center","background-size":"auto","background-attachment":"scroll","background-type":"","background-media":"","overlay-type":"","overlay-color":"","overlay-opacity":"","overlay-gradient":""}},"ast-content-background-meta":{"desktop":{"background-color":"var(--ast-global-color-4)","background-image":"","background-repeat":"repeat","background-position":"center center","background-size":"auto","background-attachment":"scroll","background-type":"","background-media":"","overlay-type":"","overlay-color":"","overlay-opacity":"","overlay-gradient":""},"tablet":{"background-color":"var(--ast-global-color-4)","background-image":"","background-repeat":"repeat","background-position":"center center","background-size":"auto","background-attachment":"scroll","background-type":"","background-media":"","overlay-type":"","overlay-color":"","overlay-opacity":"","overlay-gradient":""},"mobile":{"background-color":"var(--ast-global-color-4)","background-image":"","background-repeat":"repeat","background-position":"center center","background-size":"auto","background-attachment":"scroll","background-type":"","background-media":"","overlay-type":"","overlay-color":"","overlay-opacity":"","overlay-gradient":""}},"footnotes":""},"class_list":["post-26","page","type-page","status-publish","hentry"],"post_mailing_queue_ids":[],"_links":{"self":[{"href":"https:\/\/agora.xtec.cat\/esc-estevecarles-lloret\/wp-json\/wp\/v2\/pages\/26","targetHints":{"allow":["GET"]}}],"collection":[{"href":"https:\/\/agora.xtec.cat\/esc-estevecarles-lloret\/wp-json\/wp\/v2\/pages"}],"about":[{"href":"https:\/\/agora.xtec.cat\/esc-estevecarles-lloret\/wp-json\/wp\/v2\/types\/page"}],"author":[{"embeddable":true,"href":"https:\/\/agora.xtec.cat\/esc-estevecarles-lloret\/wp-json\/wp\/v2\/users\/2"}],"replies":[{"embeddable":true,"href":"https:\/\/agora.xtec.cat\/esc-estevecarles-lloret\/wp-json\/wp\/v2\/comments?post=26"}],"version-history":[{"count":5,"href":"https:\/\/agora.xtec.cat\/esc-estevecarles-lloret\/wp-json\/wp\/v2\/pages\/26\/revisions"}],"predecessor-version":[{"id":7777,"href":"https:\/\/agora.xtec.cat\/esc-estevecarles-lloret\/wp-json\/wp\/v2\/pages\/26\/revisions\/7777"}],"up":[{"embeddable":true,"href":"https:\/\/agora.xtec.cat\/esc-estevecarles-lloret\/wp-json\/wp\/v2\/pages\/22"}],"wp:attachment":[{"href":"https:\/\/agora.xtec.cat\/esc-estevecarles-lloret\/wp-json\/wp\/v2\/media?parent=26"}],"curies":[{"name":"wp","href":"https:\/\/api.w.org\/{rel}","templated":true}]}}