{"id":868,"date":"2019-10-24T12:43:17","date_gmt":"2019-10-24T10:43:17","guid":{"rendered":"http:\/\/agora.xtec.cat\/esc-esponella\/?page_id=868"},"modified":"2019-10-25T11:43:03","modified_gmt":"2019-10-25T09:43:03","slug":"educacio-fisica-2","status":"publish","type":"page","link":"https:\/\/agora.xtec.cat\/esc-esponella\/especialitats\/educacio-fisica-2\/","title":{"rendered":"Educaci\u00f3 f\u00edsica"},"content":{"rendered":"<p>L&#8217;Educaci\u00f3 F\u00edsica es porta terme al Local Social que \u00e9s un espai polivalent municipal. En horari lectiu l&#8217;escola en pot fer \u00fas.<\/p>\n<p>A m\u00e9s a m\u00e9s tamb\u00e9 hi ha un magatzem on s&#8217;hi guarda tot el material d&#8217;Educaci\u00f3 F\u00edsica i psicomotricitat.<\/p>\n<p>L&#8217;especialista imparteix classes des de P3 fins 6\u00e8 amb 2 hores setmanals per cicle.<\/p>\n","protected":false},"excerpt":{"rendered":"<p>L&#8217;Educaci\u00f3 F\u00edsica es porta terme al Local Social que \u00e9s un espai polivalent municipal. En horari lectiu l&#8217;escola en pot fer \u00fas.<br \/>\nA m\u00e9s a m\u00e9s tamb\u00e9 hi ha un magatzem on s&#8217;hi guarda tot el material d&#8217;Educaci\u00f3 F\u00edsica i psicomotricitat.<br \/>\nL&#8217;especialista imparteix classes des de P3&hellip;  <a href=\"https:\/\/agora.xtec.cat\/esc-esponella\/especialitats\/educacio-fisica-2\/\" title=\"Read Educaci\u00f3 f\u00edsica\">Llegeix m\u00e9s\u00bb<\/a><\/p>\n","protected":false},"author":1,"featured_media":0,"parent":854,"menu_order":10,"comment_status":"closed","ping_status":"closed","template":"page-templates\/side-menu.php","meta":{"_bbp_topic_count":0,"_bbp_reply_count":0,"_bbp_total_topic_count":0,"_bbp_total_reply_count":0,"_bbp_voice_count":0,"_bbp_anonymous_reply_count":0,"_bbp_topic_count_hidden":0,"_bbp_reply_count_hidden":0,"_bbp_forum_subforum_count":0,"footnotes":""},"class_list":["post-868","page","type-page","status-publish","hentry"],"post_mailing_queue_ids":[],"_links":{"self":[{"href":"https:\/\/agora.xtec.cat\/esc-esponella\/wp-json\/wp\/v2\/pages\/868","targetHints":{"allow":["GET"]}}],"collection":[{"href":"https:\/\/agora.xtec.cat\/esc-esponella\/wp-json\/wp\/v2\/pages"}],"about":[{"href":"https:\/\/agora.xtec.cat\/esc-esponella\/wp-json\/wp\/v2\/types\/page"}],"author":[{"embeddable":true,"href":"https:\/\/agora.xtec.cat\/esc-esponella\/wp-json\/wp\/v2\/users\/1"}],"replies":[{"embeddable":true,"href":"https:\/\/agora.xtec.cat\/esc-esponella\/wp-json\/wp\/v2\/comments?post=868"}],"version-history":[{"count":3,"href":"https:\/\/agora.xtec.cat\/esc-esponella\/wp-json\/wp\/v2\/pages\/868\/revisions"}],"predecessor-version":[{"id":954,"href":"https:\/\/agora.xtec.cat\/esc-esponella\/wp-json\/wp\/v2\/pages\/868\/revisions\/954"}],"up":[{"embeddable":true,"href":"https:\/\/agora.xtec.cat\/esc-esponella\/wp-json\/wp\/v2\/pages\/854"}],"wp:attachment":[{"href":"https:\/\/agora.xtec.cat\/esc-esponella\/wp-json\/wp\/v2\/media?parent=868"}],"curies":[{"name":"wp","href":"https:\/\/api.w.org\/{rel}","templated":true}]}}