{"id":862,"date":"2019-10-24T12:41:23","date_gmt":"2019-10-24T10:41:23","guid":{"rendered":"http:\/\/agora.xtec.cat\/esc-esponella\/?page_id=862"},"modified":"2020-11-02T13:19:39","modified_gmt":"2020-11-02T12:19:39","slug":"els-solets-escola-bressol","status":"publish","type":"page","link":"https:\/\/agora.xtec.cat\/esc-esponella\/nivells\/els-solets-escola-bressol\/","title":{"rendered":"Els solets (Escola bressol)"},"content":{"rendered":"<p>L&#8217;escola bressol Els Solets est\u00e0 integrada a la mateixa escola. Forma part de la comunitat educativa i n&#8217;\u00e9s una aula m\u00e9s. Aquesta aula es va integrar fa 3 cursos i la valoraci\u00f3 \u00e9s molt positiva.<\/p>\n<p>Actualment assisteixen a l&#8217;escola bressol 6 alumnes.<\/p>\n<p>&nbsp;<\/p>\n","protected":false},"excerpt":{"rendered":"<p>L&#8217;escola bressol Els Solets est\u00e0 integrada a la mateixa escola. Forma part de la comunitat educativa i n&#8217;\u00e9s una aula m\u00e9s. Aquesta aula es va integrar fa 3 cursos i la valoraci\u00f3 \u00e9s molt positiva.<br \/>\nActualment assisteixen a l&#8217;escola bressol 6 alumnes.<br \/>\n&nbsp;<\/p>\n","protected":false},"author":1,"featured_media":0,"parent":87,"menu_order":0,"comment_status":"closed","ping_status":"closed","template":"page-templates\/side-menu.php","meta":{"_bbp_topic_count":0,"_bbp_reply_count":0,"_bbp_total_topic_count":0,"_bbp_total_reply_count":0,"_bbp_voice_count":0,"_bbp_anonymous_reply_count":0,"_bbp_topic_count_hidden":0,"_bbp_reply_count_hidden":0,"_bbp_forum_subforum_count":0,"footnotes":""},"class_list":["post-862","page","type-page","status-publish","hentry"],"post_mailing_queue_ids":[],"_links":{"self":[{"href":"https:\/\/agora.xtec.cat\/esc-esponella\/wp-json\/wp\/v2\/pages\/862","targetHints":{"allow":["GET"]}}],"collection":[{"href":"https:\/\/agora.xtec.cat\/esc-esponella\/wp-json\/wp\/v2\/pages"}],"about":[{"href":"https:\/\/agora.xtec.cat\/esc-esponella\/wp-json\/wp\/v2\/types\/page"}],"author":[{"embeddable":true,"href":"https:\/\/agora.xtec.cat\/esc-esponella\/wp-json\/wp\/v2\/users\/1"}],"replies":[{"embeddable":true,"href":"https:\/\/agora.xtec.cat\/esc-esponella\/wp-json\/wp\/v2\/comments?post=862"}],"version-history":[{"count":3,"href":"https:\/\/agora.xtec.cat\/esc-esponella\/wp-json\/wp\/v2\/pages\/862\/revisions"}],"predecessor-version":[{"id":4962,"href":"https:\/\/agora.xtec.cat\/esc-esponella\/wp-json\/wp\/v2\/pages\/862\/revisions\/4962"}],"up":[{"embeddable":true,"href":"https:\/\/agora.xtec.cat\/esc-esponella\/wp-json\/wp\/v2\/pages\/87"}],"wp:attachment":[{"href":"https:\/\/agora.xtec.cat\/esc-esponella\/wp-json\/wp\/v2\/media?parent=862"}],"curies":[{"name":"wp","href":"https:\/\/api.w.org\/{rel}","templated":true}]}}