{"id":857,"date":"2019-10-24T12:37:35","date_gmt":"2019-10-24T10:37:35","guid":{"rendered":"http:\/\/agora.xtec.cat\/esc-esponella\/?page_id=857"},"modified":"2019-10-25T11:44:33","modified_gmt":"2019-10-25T09:44:33","slug":"angles","status":"publish","type":"page","link":"https:\/\/agora.xtec.cat\/esc-esponella\/especialitats\/angles\/","title":{"rendered":"Angl\u00e8s"},"content":{"rendered":"<p>Aquest curs hem engegat un nou projecte d&#8217;angl\u00e8s a l&#8217;aula. La mestra especialista d&#8217;angl\u00e8s, l&#8217;Anna, impartir\u00e0 1h setmana d&#8217;angl\u00e8s als alumnes de P4 i P5 de forma totalment oral a trav\u00e9s de diferents can\u00e7ons.<\/p>\n<p>Amb els grups de Prim\u00e0ria es destines 2h setmanals a l&#8217;aprenentatge de l&#8217;angl\u00e8s i a partir de 3r fins a 6\u00e8, 3h hores setmanals.<\/p>\n<p>El centre disposa d&#8217;una aula espec\u00edfica d&#8217;angl\u00e8s.<\/p>\n","protected":false},"excerpt":{"rendered":"<p>Aquest curs hem engegat un nou projecte d&#8217;angl\u00e8s a l&#8217;aula. La mestra especialista d&#8217;angl\u00e8s, l&#8217;Anna, impartir\u00e0 1h setmana d&#8217;angl\u00e8s als alumnes de P4 i P5 de forma totalment oral a trav\u00e9s de diferents can\u00e7ons.<br \/>\nAmb els grups de Prim\u00e0ria es destines 2h setmanals a l&#8217;aprenentatge de&hellip;  <a href=\"https:\/\/agora.xtec.cat\/esc-esponella\/especialitats\/angles\/\" title=\"Read Angl\u00e8s\">Llegeix m\u00e9s\u00bb<\/a><\/p>\n","protected":false},"author":1,"featured_media":0,"parent":854,"menu_order":0,"comment_status":"closed","ping_status":"closed","template":"page-templates\/side-menu.php","meta":{"_bbp_topic_count":0,"_bbp_reply_count":0,"_bbp_total_topic_count":0,"_bbp_total_reply_count":0,"_bbp_voice_count":0,"_bbp_anonymous_reply_count":0,"_bbp_topic_count_hidden":0,"_bbp_reply_count_hidden":0,"_bbp_forum_subforum_count":0,"footnotes":""},"class_list":["post-857","page","type-page","status-publish","hentry"],"post_mailing_queue_ids":[],"_links":{"self":[{"href":"https:\/\/agora.xtec.cat\/esc-esponella\/wp-json\/wp\/v2\/pages\/857","targetHints":{"allow":["GET"]}}],"collection":[{"href":"https:\/\/agora.xtec.cat\/esc-esponella\/wp-json\/wp\/v2\/pages"}],"about":[{"href":"https:\/\/agora.xtec.cat\/esc-esponella\/wp-json\/wp\/v2\/types\/page"}],"author":[{"embeddable":true,"href":"https:\/\/agora.xtec.cat\/esc-esponella\/wp-json\/wp\/v2\/users\/1"}],"replies":[{"embeddable":true,"href":"https:\/\/agora.xtec.cat\/esc-esponella\/wp-json\/wp\/v2\/comments?post=857"}],"version-history":[{"count":3,"href":"https:\/\/agora.xtec.cat\/esc-esponella\/wp-json\/wp\/v2\/pages\/857\/revisions"}],"predecessor-version":[{"id":957,"href":"https:\/\/agora.xtec.cat\/esc-esponella\/wp-json\/wp\/v2\/pages\/857\/revisions\/957"}],"up":[{"embeddable":true,"href":"https:\/\/agora.xtec.cat\/esc-esponella\/wp-json\/wp\/v2\/pages\/854"}],"wp:attachment":[{"href":"https:\/\/agora.xtec.cat\/esc-esponella\/wp-json\/wp\/v2\/media?parent=857"}],"curies":[{"name":"wp","href":"https:\/\/api.w.org\/{rel}","templated":true}]}}