{"id":84,"date":"2014-09-18T14:11:31","date_gmt":"2014-09-18T13:11:31","guid":{"rendered":"http:\/\/agora.xtec.cat\/esc-esponella\/?page_id=84"},"modified":"2022-03-28T13:17:06","modified_gmt":"2022-03-28T11:17:06","slug":"activitats-extraescolars","status":"publish","type":"page","link":"https:\/\/agora.xtec.cat\/esc-esponella\/serveis\/activitats-extraescolars\/","title":{"rendered":"Activitats extraescolars"},"content":{"rendered":"<p><strong>Mesures COVID-19 per a activitats extraescolars (recomanacions Departament d&#8217;Ensenyament)<\/strong><\/p>\n<p>\u201cA les activitats extraescolars d\u2019un centre hi poden participar alumnes de diferents edats i grups estables. \u00c9s recomanable que en el marc de l\u2019extraescolar la composici\u00f3 del grup sigui el m\u00e9s constant possible per facilitar la tra\u00e7abilitat\u201d<\/p>\n<p><strong>Mesures que cal prendre:*<\/strong><\/p>\n<ul>\n<li>Garantir que cada infant disposa d\u2019una superf\u00edcie m\u00ednima de 2,5 m2<\/li>\n<li>Cal rentar-se les mans abans i despr\u00e9s de l\u2019activitat<\/li>\n<li>Dins de l\u2019aula mantenir la dist\u00e0ncia de 1,5m<\/li>\n<li>Garantir la ventilaci\u00f3 d\u2019espais abans i despr\u00e9s de l\u2019activitat<\/li>\n<li>Neteja i desinfecci\u00f3 del material utilitzat abans i despr\u00e9s de l\u2019activitat<\/li>\n<li><strong>\u00das de la mascareta<\/strong> subjecte a les indicacions de la Generalitat.<\/li>\n<\/ul>\n<p>* Mesures subjectes a modificacions en funci\u00f3 de l&#8217;estat i evoluci\u00f3 de la pand\u00e8mia<\/p>\n<p><strong>Organitzaci\u00f3 de les activitats<\/strong><\/p>\n<ul>\n<li>L&#8217;Amipa \u00e9s qui gestiona les activitats extraescolars que es realitzen al centre.<\/li>\n<li>Les extraescolars es porten a terme durant l&#8217;espai del migdia, abans o despr\u00e9s de dinar (12.30-13h o 13.50-14.50h)<\/li>\n<li>El comprom\u00eds per les activitats un cop superat el primer mes \u00e9s per tot l\u2019any.<\/li>\n<li>Els cobraments i la gesti\u00f3 de les activitats \u00e9s extern a l\u2019Amipa (TIC TAC Serveis Educatius, Triops, Ioga Creixent, English Kids Banyoles)<\/li>\n<li>La <strong>inscripci\u00f3<\/strong> a les activitats \u00e9s online, fins al 20 de setembre (posteriorment es formalitzar\u00e0 la inscripci\u00f3 amb cada professor\/empresa): <a href=\"https:\/\/forms.gle\/A9CBHCZTbhwT2Pfs8\">https:\/\/forms.gle\/A9CBHCZTbhwT2Pfs8<\/a><\/li>\n<\/ul>\n<p><strong>Activitats proposades<\/strong><\/p>\n<p><span style=\"text-decoration: underline;\">ANGL\u00c8S (1r-6\u00e8)<\/span><br \/>\nL\u2019objectiu de les classes \u00e9s que els nens i nenes s\u2019ho passin b\u00e9 mentre aprenen. Per aix\u00f2 organitzem classes de manera l\u00fadica i din\u00e0mica, fent servir contes, can\u00e7ons, jocs, teatre, manualitats.. Aix\u00f2 s\u00ed, tot \u201cin english\u201d!!<br \/>\nProfessora: Judith (English Kids Bny)<br \/>\nHorari: Dilluns de 13.50 a 14.50h<br \/>\nPreu: 20\u20ac\/mes<\/p>\n<p><span style=\"text-decoration: underline;\">JUDO (1r-6\u00e8)<\/span><br \/>\nEl judo \u00e9s un esport que destaca en etapes inicials de la inf\u00e0ncia pels beneficis de coordinaci\u00f3, psicomotricitat, equilibri i expressi\u00f3 corporal. A m\u00e9s, aporta un augment d\u2019autoestima, autoconfian\u00e7a i autocontrol a les persones que el practiquen. A Triops, desenvolupem la pr\u00e0ctica i l\u2019aprenentatge d\u2019aquest esport ol\u00edmpic a trav\u00e9s del joc, el respecte, el coratge i el companyerisme.<br \/>\nProfessora: F\u00e0tima (Triops)<br \/>\nHorari: Dimarts de 13.50 a 14.50h<br \/>\nPreu: 22,50\u20ac\/mes<\/p>\n<p><span style=\"text-decoration: underline;\">MECANOGRAFIA (5\u00e8-6\u00e8)<\/span><br \/>\nL\u2019objectiu de l\u2019activitat \u00e9s que l\u2019alumnat aprengui, fomenti i agilitzi les habilitats necess\u00e0ries de coordinaci\u00f3 i rapidesa per tal d\u2019escriure sense mirar el teclat.<br \/>\nProfessor: Alfons (Tic Tac)<br \/>\nHorari: Dimecres de 13.50 a 14.50h<br \/>\nPreu: 20\u20ac\/mes<\/p>\n<p><span style=\"text-decoration: underline;\">ZUMBA KIDS (1r-6\u00e8)<\/span><br \/>\nPels nens i nenes que tenen ganes de ballar, divertir-se, exterioritzar la seva energia i mantenir-se actius. Els objectius son potenciar el respecte, el treball en equip, la mem\u00f2ria i la seq\u00fc\u00e8ncia, la creativitat i la coordinaci\u00f3.<br \/>\nProfessora: Andry (Triops)<br \/>\nHorari: Dijous de 13.50 a 14.50h<br \/>\nPreu: 22,50\u20ac\/mes<\/p>\n<p><span style=\"text-decoration: underline;\">IOGA (P4-6\u00e8)<\/span><br \/>\nL\u2019objectiu de l\u2019activitat \u00e9s acompanyar al desenvolupament integral dels infants a trav\u00e9s del ioga. Mitjan\u00e7ant les pr\u00e0ctiques f\u00edsiques de les postures, la respiraci\u00f3, la relaxaci\u00f3, la concentraci\u00f3 i les arts expressives, s\u2019assoleix un equilibri a nivell f\u00edsic, ps\u00edquic, emocional, energ\u00e8tic, social i comunicatiu.<br \/>\nProfessor: Jaume Roura (Ioga Creixent)<br \/>\nHorari: Divendres de 13.50 a 14.50h<br \/>\nPreu: 22\u20ac\/mes<\/p>\n<p><span style=\"text-decoration: underline;\">MULTIESPORT (P3-6\u00e8)<\/span><br \/>\nAquesta \u00e9s una activitat per poder-se iniciar en esports col\u00b7lectius, individuals i d\u2019adversari. Els infants aconsegueixen una base esportiva a partir de jocs esportius i formes jugades, millorant el seu desenvolupament motriu i cognitiu.<br \/>\nMonitor: Consell Esportiu del Pla de l\u2019Estany<br \/>\nHorari: Divendres de 13.50 a 14.50h<br \/>\nPreu: 130\u20ac\/any<\/p>\n<table style=\"height: 129px; width: 671px;\" width=\"602\">\n<tbody>\n<tr style=\"height: 32px;\">\n<td style=\"height: 32px; width: 102px;\"><\/td>\n<td style=\"height: 32px; width: 91.3333px;\"><strong>dilluns<\/strong><\/td>\n<td style=\"height: 32px; width: 96px;\"><strong>dimarts<\/strong><\/td>\n<td style=\"height: 32px; width: 134.667px;\"><strong>dimecres<\/strong><\/td>\n<td style=\"height: 32px; width: 96px;\"><strong>dijous<\/strong><\/td>\n<td style=\"height: 32px; width: 135.333px;\"><strong>divendres<\/strong><\/td>\n<\/tr>\n<tr style=\"height: 87px;\">\n<td style=\"height: 87px; width: 102px;\"><strong>12:30-13:00<\/strong><\/td>\n<td style=\"height: 87px; width: 91.3333px;\"><\/td>\n<td style=\"height: 87px; width: 96px;\"><\/td>\n<td style=\"height: 87px; width: 134.667px;\"><\/td>\n<td style=\"height: 87px; width: 96px;\"><\/td>\n<td style=\"height: 87px; width: 135.333px;\"><\/td>\n<\/tr>\n<tr style=\"height: 10px;\">\n<td style=\"width: 102px; height: 10px;\"><strong>13:50-14:50<\/strong><\/td>\n<td style=\"height: 10px; width: 91.3333px;\">ANGL\u00c8S<\/td>\n<td style=\"height: 10px; width: 96px;\">JUDO<\/td>\n<td style=\"height: 10px; width: 134.667px;\">MECANOGRAFIA<\/td>\n<td style=\"height: 10px; width: 96px;\">ZUMBA<\/td>\n<td style=\"height: 10px; width: 135.333px;\">IOGA<\/p>\n<p>MULTIESPORT<\/td>\n<\/tr>\n<\/tbody>\n<\/table>\n<p>&nbsp;<\/p>\n<p>&nbsp;<\/p>\n","protected":false},"excerpt":{"rendered":"<p>Mesures COVID-19 per a activitats extraescolars (recomanacions Departament d&#8217;Ensenyament)<br \/>\n\u201cA les activitats extraescolars d\u2019un centre hi poden participar alumnes de diferents edats i grups estables. \u00c9s recomanable que en el marc de l\u2019extraescolar la composici\u00f3 del grup sigui el m\u00e9s constant possible per facilitar la tra\u00e7abilitat\u201d<br \/>\nMesures&hellip;  <a href=\"https:\/\/agora.xtec.cat\/esc-esponella\/serveis\/activitats-extraescolars\/\" title=\"Read Activitats extraescolars\">Llegeix m\u00e9s\u00bb<\/a><\/p>\n","protected":false},"author":1,"featured_media":0,"parent":66,"menu_order":60,"comment_status":"closed","ping_status":"closed","template":"page-templates\/side-menu.php","meta":{"_bbp_topic_count":0,"_bbp_reply_count":0,"_bbp_total_topic_count":0,"_bbp_total_reply_count":0,"_bbp_voice_count":0,"_bbp_anonymous_reply_count":0,"_bbp_topic_count_hidden":0,"_bbp_reply_count_hidden":0,"_bbp_forum_subforum_count":0,"footnotes":""},"class_list":["post-84","page","type-page","status-publish","hentry"],"post_mailing_queue_ids":[],"_links":{"self":[{"href":"https:\/\/agora.xtec.cat\/esc-esponella\/wp-json\/wp\/v2\/pages\/84","targetHints":{"allow":["GET"]}}],"collection":[{"href":"https:\/\/agora.xtec.cat\/esc-esponella\/wp-json\/wp\/v2\/pages"}],"about":[{"href":"https:\/\/agora.xtec.cat\/esc-esponella\/wp-json\/wp\/v2\/types\/page"}],"author":[{"embeddable":true,"href":"https:\/\/agora.xtec.cat\/esc-esponella\/wp-json\/wp\/v2\/users\/1"}],"replies":[{"embeddable":true,"href":"https:\/\/agora.xtec.cat\/esc-esponella\/wp-json\/wp\/v2\/comments?post=84"}],"version-history":[{"count":4,"href":"https:\/\/agora.xtec.cat\/esc-esponella\/wp-json\/wp\/v2\/pages\/84\/revisions"}],"predecessor-version":[{"id":5685,"href":"https:\/\/agora.xtec.cat\/esc-esponella\/wp-json\/wp\/v2\/pages\/84\/revisions\/5685"}],"up":[{"embeddable":true,"href":"https:\/\/agora.xtec.cat\/esc-esponella\/wp-json\/wp\/v2\/pages\/66"}],"wp:attachment":[{"href":"https:\/\/agora.xtec.cat\/esc-esponella\/wp-json\/wp\/v2\/media?parent=84"}],"curies":[{"name":"wp","href":"https:\/\/api.w.org\/{rel}","templated":true}]}}