{"id":807,"date":"2019-10-17T14:17:20","date_gmt":"2019-10-17T12:17:20","guid":{"rendered":"http:\/\/agora.xtec.cat\/esc-esponella\/?page_id=807"},"modified":"2019-10-25T10:47:24","modified_gmt":"2019-10-25T08:47:24","slug":"biblioteca","status":"publish","type":"page","link":"https:\/\/agora.xtec.cat\/esc-esponella\/projectes-descola\/biblioteca\/","title":{"rendered":"Biblioteca"},"content":{"rendered":"<p>Hi ha una comissi\u00f3 mixta formada per mestres i fam\u00edlies que gestiona les activitats i fomenta l&#8217;\u00fas de la lectura per dur a terme amb els infants.<\/p>\n<p>Aquesta comissi\u00f3 proposa activitats durant tot el curs i durant la setmana de Sant Jordi tamb\u00e9 organitza activitats de foment de la lectura amb la visita d&#8217;autors o il\u00b7lustradors\/es a l&#8217;aula. Aix\u00ed com tamb\u00e9 \u00e9s l&#8217;encarregada de fer una selecci\u00f3 de llibres al voltant d&#8217;una tem\u00e0tica en concret que es dipositen al que en diem la bibliocistella. Aquestes tem\u00e0tiques van canviant al llarg del curs.<\/p>\n<p>Tanmateix, l&#8217;escola tamb\u00e9 disposa d&#8217;un espai extern on hi ha ubicada la biblioteca escolar per poder portar a terme el Pla Lector de centre. Aquesta biblioteca obre de forma extraescolar, els dilluns en horari de 17h a 18h per totes les fam\u00edlies que ho desitgin i la dinamitzen les dues mares que formen part de la comissi\u00f3 mixta.<\/p>\n<p>Us mostrem l&#8217;enlla\u00e7 al bloc de la biblioteca.<\/p>\n<p><a href=\"https:\/\/blocs.xtec.cat\/bibliotecaesponella\/\">Enlla\u00e7 al bloc de la biblioteca<\/a><\/p>\n","protected":false},"excerpt":{"rendered":"<p>Hi ha una comissi\u00f3 mixta formada per mestres i fam\u00edlies que gestiona les activitats i fomenta l&#8217;\u00fas de la lectura per dur a terme amb els infants.<br \/>\nAquesta comissi\u00f3 proposa activitats durant tot el curs i durant la setmana de Sant Jordi tamb\u00e9 organitza activitats de&hellip;  <a href=\"https:\/\/agora.xtec.cat\/esc-esponella\/projectes-descola\/biblioteca\/\" title=\"Read Biblioteca\">Llegeix m\u00e9s\u00bb<\/a><\/p>\n","protected":false},"author":1,"featured_media":0,"parent":584,"menu_order":60,"comment_status":"closed","ping_status":"closed","template":"page-templates\/side-menu.php","meta":{"_bbp_topic_count":0,"_bbp_reply_count":0,"_bbp_total_topic_count":0,"_bbp_total_reply_count":0,"_bbp_voice_count":0,"_bbp_anonymous_reply_count":0,"_bbp_topic_count_hidden":0,"_bbp_reply_count_hidden":0,"_bbp_forum_subforum_count":0,"footnotes":""},"class_list":["post-807","page","type-page","status-publish","hentry"],"post_mailing_queue_ids":[],"_links":{"self":[{"href":"https:\/\/agora.xtec.cat\/esc-esponella\/wp-json\/wp\/v2\/pages\/807","targetHints":{"allow":["GET"]}}],"collection":[{"href":"https:\/\/agora.xtec.cat\/esc-esponella\/wp-json\/wp\/v2\/pages"}],"about":[{"href":"https:\/\/agora.xtec.cat\/esc-esponella\/wp-json\/wp\/v2\/types\/page"}],"author":[{"embeddable":true,"href":"https:\/\/agora.xtec.cat\/esc-esponella\/wp-json\/wp\/v2\/users\/1"}],"replies":[{"embeddable":true,"href":"https:\/\/agora.xtec.cat\/esc-esponella\/wp-json\/wp\/v2\/comments?post=807"}],"version-history":[{"count":3,"href":"https:\/\/agora.xtec.cat\/esc-esponella\/wp-json\/wp\/v2\/pages\/807\/revisions"}],"predecessor-version":[{"id":932,"href":"https:\/\/agora.xtec.cat\/esc-esponella\/wp-json\/wp\/v2\/pages\/807\/revisions\/932"}],"up":[{"embeddable":true,"href":"https:\/\/agora.xtec.cat\/esc-esponella\/wp-json\/wp\/v2\/pages\/584"}],"wp:attachment":[{"href":"https:\/\/agora.xtec.cat\/esc-esponella\/wp-json\/wp\/v2\/media?parent=807"}],"curies":[{"name":"wp","href":"https:\/\/api.w.org\/{rel}","templated":true}]}}