{"id":77,"date":"2014-09-18T14:05:08","date_gmt":"2014-09-18T13:05:08","guid":{"rendered":"http:\/\/agora.xtec.cat\/esc-esponella\/?page_id=77"},"modified":"2020-09-13T09:31:02","modified_gmt":"2020-09-13T07:31:02","slug":"acollida","status":"publish","type":"page","link":"https:\/\/agora.xtec.cat\/esc-esponella\/serveis\/acollida\/","title":{"rendered":"Acollida matinal"},"content":{"rendered":"<p>S&#8217;ofereix servei d&#8217;acollida per a tots els nens i nenes de l&#8217;escola, de 8 a 9h, a c\u00e0rrec de l&#8217;Ariadna (Tei p1-p2).<\/p>\n<p>Els nens i nenes han d&#8217;entrar per la porta principal de l&#8217;escola, la del costat de la cuina (poden entrar acompanyats d&#8217;un adult).<\/p>\n<p>L&#8217;acollida es far\u00e0 al menjador, respectant els quadrants per a cada grup estable.<\/p>\n<p>Preu:<span style=\"font-family: inherit; font-size: 1em;\"> Tot el mes 30\u20ac \/ Dia solt 3\u20ac (a partir de 10 dies es cobrar\u00e0 quota mensual)<\/span><\/p>\n<p>Inscripci\u00f3 online: <a href=\"https:\/\/forms.gle\/Zw7owF179NNH6FDe7\">https:\/\/forms.gle\/Zw7owF179NNH6FDe7<\/a><\/p>\n<p>En cas de necessitat es pot fer \u00fas del servei sense inscripci\u00f3 pr\u00e8via, pagant a final de mes els dies utilitzats.<\/p>\n<p>Per a\u00a0 m\u00e9s informaci\u00f3 contacteu amb l&#8217;Amipa (amipaesponella@gmail.com)<\/p>\n<p>&nbsp;<\/p>\n","protected":false},"excerpt":{"rendered":"<p>S&#8217;ofereix servei d&#8217;acollida per a tots els nens i nenes de l&#8217;escola, de 8 a 9h, a c\u00e0rrec de l&#8217;Ariadna (Tei p1-p2).<br \/>\nEls nens i nenes han d&#8217;entrar per la porta principal de l&#8217;escola, la del costat de la cuina (poden entrar acompanyats d&#8217;un adult).<br \/>\nL&#8217;acollida es&hellip;  <a href=\"https:\/\/agora.xtec.cat\/esc-esponella\/serveis\/acollida\/\" title=\"Read Acollida matinal\">Llegeix m\u00e9s\u00bb<\/a><\/p>\n","protected":false},"author":1,"featured_media":0,"parent":66,"menu_order":20,"comment_status":"closed","ping_status":"closed","template":"page-templates\/side-menu.php","meta":{"_bbp_topic_count":0,"_bbp_reply_count":0,"_bbp_total_topic_count":0,"_bbp_total_reply_count":0,"_bbp_voice_count":0,"_bbp_anonymous_reply_count":0,"_bbp_topic_count_hidden":0,"_bbp_reply_count_hidden":0,"_bbp_forum_subforum_count":0,"footnotes":""},"class_list":["post-77","page","type-page","status-publish","hentry"],"post_mailing_queue_ids":[],"_links":{"self":[{"href":"https:\/\/agora.xtec.cat\/esc-esponella\/wp-json\/wp\/v2\/pages\/77","targetHints":{"allow":["GET"]}}],"collection":[{"href":"https:\/\/agora.xtec.cat\/esc-esponella\/wp-json\/wp\/v2\/pages"}],"about":[{"href":"https:\/\/agora.xtec.cat\/esc-esponella\/wp-json\/wp\/v2\/types\/page"}],"author":[{"embeddable":true,"href":"https:\/\/agora.xtec.cat\/esc-esponella\/wp-json\/wp\/v2\/users\/1"}],"replies":[{"embeddable":true,"href":"https:\/\/agora.xtec.cat\/esc-esponella\/wp-json\/wp\/v2\/comments?post=77"}],"version-history":[{"count":5,"href":"https:\/\/agora.xtec.cat\/esc-esponella\/wp-json\/wp\/v2\/pages\/77\/revisions"}],"predecessor-version":[{"id":5684,"href":"https:\/\/agora.xtec.cat\/esc-esponella\/wp-json\/wp\/v2\/pages\/77\/revisions\/5684"}],"up":[{"embeddable":true,"href":"https:\/\/agora.xtec.cat\/esc-esponella\/wp-json\/wp\/v2\/pages\/66"}],"wp:attachment":[{"href":"https:\/\/agora.xtec.cat\/esc-esponella\/wp-json\/wp\/v2\/media?parent=77"}],"curies":[{"name":"wp","href":"https:\/\/api.w.org\/{rel}","templated":true}]}}