{"id":750,"date":"2019-10-17T09:58:00","date_gmt":"2019-10-17T07:58:00","guid":{"rendered":"http:\/\/agora.xtec.cat\/esc-esponella\/?page_id=750"},"modified":"2019-10-25T10:40:48","modified_gmt":"2019-10-25T08:40:48","slug":"revista","status":"publish","type":"page","link":"https:\/\/agora.xtec.cat\/esc-esponella\/projectes-descola\/revista\/","title":{"rendered":"Revista"},"content":{"rendered":"<p>Cada curs els alumnes del centre, juntament amb les seves tutores i especialistes elaboren una revista escolar. Aquesta revista es diu: &#8220;L&#8217;Aurella&#8221; (\u00e9s el nom que es d\u00f3na al vent local provinent del riu Fluvi\u00e0).<\/p>\n<p>Aquesta revista ja ha arribat a les 52 publicacions.<\/p>\n<p>A la revista hi sol haver contingut treballat a les aules i tamb\u00e9 contingut que es deriva dels Dies diferents en format monogr\u00e0fic i dels Jocs Florals tamb\u00e9 amb el mateix format de forma alternada.<\/p>\n<p>El format i la maquetaci\u00f3 es fa des de la comissi\u00f3 TAC formada per dues mestres.<\/p>\n<p>Us deixem l&#8217;enlla\u00e7 a la \u00faltima publicaci\u00f3 de la revista.<\/p>\n<p><a href=\"https:\/\/drive.google.com\/open?id=1TPjiORytotTOoqHI6T3mboUivzI1_oU1\">Revista escolar L&#8217;Aurella, n\u00fam 52<\/a><\/p>\n","protected":false},"excerpt":{"rendered":"<p>Cada curs els alumnes del centre, juntament amb les seves tutores i especialistes elaboren una revista escolar. Aquesta revista es diu: &#8220;L&#8217;Aurella&#8221; (\u00e9s el nom que es d\u00f3na al vent local provinent del riu Fluvi\u00e0).<br \/>\nAquesta revista ja ha arribat a les 52 publicacions.<br \/>\nA la revista&hellip;  <a href=\"https:\/\/agora.xtec.cat\/esc-esponella\/projectes-descola\/revista\/\" title=\"Read Revista\">Llegeix m\u00e9s\u00bb<\/a><\/p>\n","protected":false},"author":1,"featured_media":0,"parent":584,"menu_order":50,"comment_status":"closed","ping_status":"closed","template":"page-templates\/side-menu.php","meta":{"_bbp_topic_count":0,"_bbp_reply_count":0,"_bbp_total_topic_count":0,"_bbp_total_reply_count":0,"_bbp_voice_count":0,"_bbp_anonymous_reply_count":0,"_bbp_topic_count_hidden":0,"_bbp_reply_count_hidden":0,"_bbp_forum_subforum_count":0,"footnotes":""},"class_list":["post-750","page","type-page","status-publish","hentry"],"post_mailing_queue_ids":[],"_links":{"self":[{"href":"https:\/\/agora.xtec.cat\/esc-esponella\/wp-json\/wp\/v2\/pages\/750","targetHints":{"allow":["GET"]}}],"collection":[{"href":"https:\/\/agora.xtec.cat\/esc-esponella\/wp-json\/wp\/v2\/pages"}],"about":[{"href":"https:\/\/agora.xtec.cat\/esc-esponella\/wp-json\/wp\/v2\/types\/page"}],"author":[{"embeddable":true,"href":"https:\/\/agora.xtec.cat\/esc-esponella\/wp-json\/wp\/v2\/users\/1"}],"replies":[{"embeddable":true,"href":"https:\/\/agora.xtec.cat\/esc-esponella\/wp-json\/wp\/v2\/comments?post=750"}],"version-history":[{"count":3,"href":"https:\/\/agora.xtec.cat\/esc-esponella\/wp-json\/wp\/v2\/pages\/750\/revisions"}],"predecessor-version":[{"id":930,"href":"https:\/\/agora.xtec.cat\/esc-esponella\/wp-json\/wp\/v2\/pages\/750\/revisions\/930"}],"up":[{"embeddable":true,"href":"https:\/\/agora.xtec.cat\/esc-esponella\/wp-json\/wp\/v2\/pages\/584"}],"wp:attachment":[{"href":"https:\/\/agora.xtec.cat\/esc-esponella\/wp-json\/wp\/v2\/media?parent=750"}],"curies":[{"name":"wp","href":"https:\/\/api.w.org\/{rel}","templated":true}]}}