{"id":73,"date":"2014-09-18T14:01:51","date_gmt":"2014-09-18T13:01:51","guid":{"rendered":"http:\/\/agora.xtec.cat\/esc-esponella\/?page_id=73"},"modified":"2025-06-01T20:01:04","modified_gmt":"2025-06-01T18:01:04","slug":"menjador-escolar","status":"publish","type":"page","link":"https:\/\/agora.xtec.cat\/esc-esponella\/serveis\/menjador-escolar\/","title":{"rendered":"Menjador escolar"},"content":{"rendered":"<p>El servei de menjador cobreix l\u2019horari de 12:30 a 15h i inclou dinar i monitoratge.<br \/>\nAquest any el servei de menjador el gestiona el Consell Comarcal del Pla de l&#8217;Estany, a trav\u00e9s de l&#8217;empresa Vilanova.<\/p>\n<p>Hi ha dos torns de menjador, a les 12.30h (I1-I2) i a la 13h (1r-6\u00e8)<br \/>\nCarla: monitora d&#8217;infantil i coordinadora.<br \/>\nCarme: monitora de I1-I2<\/p>\n<p>Per fer \u00fas del servei de menjador cal omplir la fitxa del Consell Comarcal (alumnes fixes) o b\u00e9 comprar tiquets diaris a l&#8217;Ajuntament (alumnes eventuals).<br \/>\nPer a qualsevol dubte podeu contactar amb el Consell Comarcal: ensenyament@plaestany.cat<\/p>\n<p>Trobareu el Pla de Funcionament del Menjador Escolar en aquesta mateixa p\u00e0gina.<br \/>\nDins de cada document trobareu els diferents tipus de men\u00fas (basal, no carn, cel\u00edac, ovolactovegeteri\u00e0, no llet).<\/p>\n<table style=\"border-collapse: collapse; width: 92.5986%; height: 640px;\">\n<tbody>\n<tr style=\"height: 32px;\">\n<td style=\"width: 137.885%; text-align: center; height: 32px;\" colspan=\"4\"><strong>MEN\u00da 1r Trimestre<\/strong><\/td>\n<\/tr>\n<tr style=\"height: 32px;\">\n<td style=\"width: 28.4771%; text-align: center; height: 32px;\"><em>Setembre<\/em><\/td>\n<td style=\"width: 27.5763%; text-align: center; height: 32px;\"><em>Octubre<\/em><\/td>\n<td style=\"width: 20.4104%; text-align: center; height: 32px;\"><em>Novembre<\/em><\/td>\n<td style=\"width: 61.421%; text-align: center; height: 32px;\"><em>Desembre<\/em><\/td>\n<\/tr>\n<tr style=\"height: 136px;\">\n<td style=\"width: 28.4771%; text-align: center; height: 136px;\"><a href=\"https:\/\/drive.google.com\/file\/d\/1WeR5A5pMWThsZFpcqQhqVVpiJJ5AL2fD\/view?usp=drive_link\">BASAL<\/a><\/p>\n<p><a href=\"https:\/\/drive.google.com\/file\/d\/1iuUYsTWVJRgqr728-pS8cwrWfawr8HDa\/view?usp=sharing\">NO CARN<\/a><\/p>\n<p><a href=\"https:\/\/drive.google.com\/file\/d\/1m_O6oPFDi5vpVj3vW7dzN5s961AKiMgT\/view?usp=sharing\">OVOLACTOVEGETARIA<\/a><\/td>\n<td style=\"width: 27.5763%; text-align: center; height: 136px;\"><a href=\"https:\/\/drive.google.com\/file\/d\/1xvbCQmMDh0U_2NbYKvNIEUJSZWD3LHaV\/view?usp=drive_link\">BASAL<\/a><\/p>\n<p><a href=\"https:\/\/drive.google.com\/file\/d\/1D-4YFx4guSd7Zuo3tpeoBvOreOIKaaRo\/view?usp=drive_link\">NO CARN<\/a><\/p>\n<p><a href=\"https:\/\/drive.google.com\/file\/d\/1nrwK2f06QyXa7Bz-JNIT7YB9fMTA3WiD\/view?usp=drive_link\">OVOLACTOVEGETARIA<\/a><\/p>\n<p>&nbsp;<\/td>\n<td style=\"width: 20.4104%; text-align: center; height: 136px;\"><a href=\"https:\/\/drive.google.com\/file\/d\/1i4PH3VCHmjxXlhDZiiV50sVTbx0Fqlja\/view?usp=drive_link\">BASAL<\/a><\/p>\n<p><a href=\"https:\/\/drive.google.com\/file\/d\/1zGRmGXFjo617PLCtk2wUvcULOrM-6RDU\/view?usp=drive_link\">NO CARN<\/a><\/p>\n<p><a href=\"https:\/\/drive.google.com\/file\/d\/1PN7lPO9mYs9ejgwgdEO6JOqWVww1gO9_\/view?usp=drive_link\">OVOLACTOVEGETARIA<\/a><\/td>\n<td style=\"width: 61.421%; text-align: center; height: 136px;\"><a href=\"https:\/\/drive.google.com\/file\/d\/1MKoTLZQ2sOf89-9sLqE_l7Q-PiTYwx12\/view?usp=drive_link\">BASAL<\/a><\/p>\n<p><a href=\"https:\/\/drive.google.com\/file\/d\/1-oaZ2Dry6bha_iOyBi7_JE0XxJydKiD_\/view?usp=drive_link\">NO CARN<\/a><\/p>\n<p><a href=\"https:\/\/drive.google.com\/file\/d\/1Zw1h-Hmgh9KJ9ZxwmjloIIqtpvee8NlF\/view?usp=drive_link\">OVOLACTOVEGETARIA<\/a><\/p>\n<p>&nbsp;<\/td>\n<\/tr>\n<tr style=\"height: 32px;\">\n<td style=\"width: 137.885%; text-align: center; height: 32px;\" colspan=\"4\"><strong>MEN\u00da 2n Trimestre<\/strong><\/td>\n<\/tr>\n<tr style=\"height: 32px;\">\n<td style=\"width: 28.4771%; text-align: center; height: 32px;\"><em>Gener<\/em><\/td>\n<td style=\"width: 27.5763%; text-align: center; height: 32px;\"><em>Febrer<\/em><\/td>\n<td style=\"width: 81.8314%; text-align: center; height: 32px;\" colspan=\"2\"><em>Mar\u00e7<\/em><\/td>\n<\/tr>\n<tr style=\"height: 136px;\">\n<td style=\"width: 28.4771%; text-align: center; height: 136px;\"><a href=\"https:\/\/drive.google.com\/file\/d\/1ObVshBHD-6WAQL9ZrK0alCeqoSlj3WFN\/view?usp=drive_link\">BASAL<\/a><\/p>\n<p><a href=\"https:\/\/drive.google.com\/file\/d\/1kMqdzh-xy-Vnn9N9aGrLcadGumUEX3--\/view?usp=drive_link\">NO CARN<\/a><\/p>\n<p><a href=\"https:\/\/drive.google.com\/file\/d\/1J4yNglSq_UKBxNrVAEi94omXlb_YPrnj\/view?usp=drive_link\">OVOLACTOVEGETARI\u00c0<\/a><\/p>\n<p>&nbsp;<\/td>\n<td style=\"width: 27.5763%; text-align: center; height: 136px;\"><a href=\"https:\/\/drive.google.com\/file\/d\/10Tno0_S8ORKSerTWBPkfZN12DjllX449\/view?usp=drive_link\">BASAL<\/a><\/p>\n<p><a href=\"https:\/\/drive.google.com\/file\/d\/14yGJXu2GeDQJ_mJeiqWKFyWyyVSNpG6K\/view?usp=drive_link\">NO CARN<\/a><\/p>\n<p><a href=\"https:\/\/drive.google.com\/file\/d\/107hIC_GByKfpR5ORwGVDStdZusG6x6dh\/view?usp=drive_link\">OVOLACTOVEGETERI\u00c0<\/a><\/td>\n<td style=\"width: 81.8314%; text-align: left; height: 136px;\" colspan=\"2\">\n<p style=\"text-align: center;\"><a href=\"https:\/\/drive.google.com\/file\/d\/1OQCag6nmIrjiyOY4ixwLsdsSxaIN8gRY\/view?usp=drive_link\">BASAL<\/a><\/p>\n<p style=\"text-align: center;\"><a href=\"https:\/\/drive.google.com\/file\/d\/1JCelnhFgwzE9_Z8owHMTurg5p6Tvb36n\/view?usp=drive_link\">NO CARN<\/a><\/p>\n<p style=\"text-align: center;\"><a href=\"https:\/\/drive.google.com\/file\/d\/1sYt4F9WzV2BNtbh3ewcZ1GEijuNI_O3D\/view?usp=drive_link\">OVOLACTOVEGETERI\u00c0<\/a><\/p>\n<\/td>\n<\/tr>\n<tr style=\"height: 32px;\">\n<td style=\"width: 137.885%; text-align: center; height: 32px;\" colspan=\"4\"><strong>MEN\u00da 3r Trimestre<\/strong><\/td>\n<\/tr>\n<tr style=\"height: 32px;\">\n<td style=\"width: 28.4771%; text-align: center; height: 32px;\"><em>Abril<\/em><\/td>\n<td style=\"width: 27.5763%; text-align: center; height: 32px;\"><em>Maig<\/em><\/td>\n<td style=\"width: 81.8314%; text-align: center; height: 32px;\" colspan=\"2\"><em>Juny<\/em><\/td>\n<\/tr>\n<tr style=\"height: 176px;\">\n<td style=\"width: 28.4771%; text-align: center; height: 176px;\"><a href=\"https:\/\/drive.google.com\/file\/d\/1lRkdp7xTthlCrNmESeqqWhhy3_pfM49f\/view?usp=drive_link\">BASAL<\/a><\/p>\n<p><a href=\"https:\/\/drive.google.com\/file\/d\/1Wz8Fqj3yFiMGYNUnbGjNyxVykRqZn7qh\/view?usp=drive_link\">NO CARN<\/a><\/p>\n<p><a href=\"https:\/\/drive.google.com\/file\/d\/1phgpc0ZGPC95P3AMISCO8c4IWYYS52w8\/view?usp=drive_link\">OVOLACTOVEGETARI\u00c0<\/a><\/p>\n<p>&nbsp;<\/p>\n<p>&nbsp;<\/p>\n<p>&nbsp;<\/td>\n<td style=\"width: 27.5763%; text-align: center; height: 176px;\"><a href=\"https:\/\/drive.google.com\/file\/d\/1Z2Q397958Jq6tYlfVz4fVPavwldOoEXN\/view?usp=drive_link\">BASAL<\/a><\/p>\n<p><a href=\"https:\/\/drive.google.com\/file\/d\/1645VlRdueeYwCpXCCvfCm3FgQ1ceHbeD\/view?usp=drive_link\">NO CARN<\/a><\/p>\n<p><a href=\"https:\/\/drive.google.com\/file\/d\/1znVG1OyYiApCrp0KdTgcBlGqSElXBVwt\/view?usp=drive_link\">OVOLACTOVEGETARI\u00c0<\/a><\/p>\n<p>&nbsp;<\/p>\n<p>&nbsp;<\/p>\n<p>&nbsp;<\/td>\n<td style=\"width: 81.8314%; text-align: center; height: 176px;\" colspan=\"2\"><a href=\"https:\/\/drive.google.com\/file\/d\/1exR8CsRQ3KsusNSfouXggtsF0GDDl-or\/view?usp=drive_link\">BASAL<\/a><\/p>\n<p><a href=\"https:\/\/drive.google.com\/file\/d\/1vC16MbQ79BzG3HMuQS0UpktGs2H-SWPJ\/view?usp=drive_link\">NO CARN<\/a><\/p>\n<p><a href=\"https:\/\/drive.google.com\/file\/d\/1Y6xIJ4KjWKJkwl-DU0sq9dlADGo632dU\/view?usp=drive_link\">OVOLACTOVEGETERI\u00c0<\/a><\/p>\n<p>&nbsp;<\/p>\n<p>&nbsp;<\/td>\n<\/tr>\n<\/tbody>\n<\/table>\n<p>&nbsp;<\/p>\n<p><a href=\"https:\/\/drive.google.com\/file\/d\/1XtRn9V-tDhAxz2xwIn2uNlUcsmSUW8XX\/view?usp=drive_link\">PLA DE FUNCIONAMENT DEL MENJADOR ESCOLAR.pdf signat<\/a><\/p>\n<p><a href=\"https:\/\/agora.xtec.cat\/esc-esponella\/wp-content\/uploads\/usu1885\/2023\/03\/menjador-ESCOLAR.jpg\"><img loading=\"lazy\" decoding=\"async\" class=\"size-full wp-image-6088 aligncenter\" src=\"https:\/\/agora.xtec.cat\/esc-esponella\/wp-content\/uploads\/usu1885\/2023\/03\/menjador-ESCOLAR.jpg\" alt=\"\" width=\"283\" height=\"227\" \/><\/a><\/p>\n","protected":false},"excerpt":{"rendered":"<p>El servei de menjador cobreix l\u2019horari de 12:30 a 15h i inclou dinar i monitoratge.<br \/>\nAquest any el servei de menjador el gestiona el Consell Comarcal del Pla de l&#8217;Estany, a trav\u00e9s de l&#8217;empresa Vilanova.<br \/>\nHi ha dos torns de menjador, a les 12.30h (I1-I2) i a&hellip;  <a href=\"https:\/\/agora.xtec.cat\/esc-esponella\/serveis\/menjador-escolar\/\" title=\"Read Menjador escolar\">Llegeix m\u00e9s\u00bb<\/a><\/p>\n","protected":false},"author":1,"featured_media":0,"parent":66,"menu_order":30,"comment_status":"closed","ping_status":"closed","template":"page-templates\/side-menu.php","meta":{"_bbp_topic_count":0,"_bbp_reply_count":0,"_bbp_total_topic_count":0,"_bbp_total_reply_count":0,"_bbp_voice_count":0,"_bbp_anonymous_reply_count":0,"_bbp_topic_count_hidden":0,"_bbp_reply_count_hidden":0,"_bbp_forum_subforum_count":0,"footnotes":""},"class_list":["post-73","page","type-page","status-publish","hentry"],"post_mailing_queue_ids":[],"_links":{"self":[{"href":"https:\/\/agora.xtec.cat\/esc-esponella\/wp-json\/wp\/v2\/pages\/73","targetHints":{"allow":["GET"]}}],"collection":[{"href":"https:\/\/agora.xtec.cat\/esc-esponella\/wp-json\/wp\/v2\/pages"}],"about":[{"href":"https:\/\/agora.xtec.cat\/esc-esponella\/wp-json\/wp\/v2\/types\/page"}],"author":[{"embeddable":true,"href":"https:\/\/agora.xtec.cat\/esc-esponella\/wp-json\/wp\/v2\/users\/1"}],"replies":[{"embeddable":true,"href":"https:\/\/agora.xtec.cat\/esc-esponella\/wp-json\/wp\/v2\/comments?post=73"}],"version-history":[{"count":8,"href":"https:\/\/agora.xtec.cat\/esc-esponella\/wp-json\/wp\/v2\/pages\/73\/revisions"}],"predecessor-version":[{"id":6531,"href":"https:\/\/agora.xtec.cat\/esc-esponella\/wp-json\/wp\/v2\/pages\/73\/revisions\/6531"}],"up":[{"embeddable":true,"href":"https:\/\/agora.xtec.cat\/esc-esponella\/wp-json\/wp\/v2\/pages\/66"}],"wp:attachment":[{"href":"https:\/\/agora.xtec.cat\/esc-esponella\/wp-json\/wp\/v2\/media?parent=73"}],"curies":[{"name":"wp","href":"https:\/\/api.w.org\/{rel}","templated":true}]}}