{"id":681,"date":"2019-10-03T23:01:05","date_gmt":"2019-10-03T21:01:05","guid":{"rendered":"http:\/\/agora.xtec.cat\/esc-esponella\/?page_id=681"},"modified":"2019-10-25T10:32:00","modified_gmt":"2019-10-25T08:32:00","slug":"dies-diferents","status":"publish","type":"page","link":"https:\/\/agora.xtec.cat\/esc-esponella\/projectes-descola\/dies-diferents\/","title":{"rendered":"Dies diferents"},"content":{"rendered":"<p>Els dies diferents giren al voltant d&#8217;un centre d&#8217;inter\u00e8s. Durant tres dies els alumnes desenvolupen activitats relacionades amb el centre d&#8217;inter\u00e8s escollit. Normalment aquests dies coincideixen amb la finalitzaci\u00f3 del segon trimestre.<\/p>\n<p>Aquest projecte es porta a terme bianualment.<\/p>\n<p>\u00c9s la comissi\u00f3 de Dies diferents qui se&#8217;n cuida d&#8217;escollir l&#8217;eix tem\u00e0tic i les activitats que duran a terme. Per aquest curs, el centre d&#8217;inter\u00e8s \u00e9s: <strong>L&#8217;ART<\/strong>.<\/p>\n<p>Es solen fer grups de treball heterogenis i interc\u00edclics.<\/p>\n","protected":false},"excerpt":{"rendered":"<p>Els dies diferents giren al voltant d&#8217;un centre d&#8217;inter\u00e8s. Durant tres dies els alumnes desenvolupen activitats relacionades amb el centre d&#8217;inter\u00e8s escollit. Normalment aquests dies coincideixen amb la finalitzaci\u00f3 del segon trimestre.<br \/>\nAquest projecte es porta a terme bianualment.<br \/>\n\u00c9s la comissi\u00f3 de Dies diferents qui se&#8217;n&hellip;  <a href=\"https:\/\/agora.xtec.cat\/esc-esponella\/projectes-descola\/dies-diferents\/\" title=\"Read Dies diferents\">Llegeix m\u00e9s\u00bb<\/a><\/p>\n","protected":false},"author":1,"featured_media":0,"parent":584,"menu_order":40,"comment_status":"closed","ping_status":"closed","template":"page-templates\/side-menu.php","meta":{"_bbp_topic_count":0,"_bbp_reply_count":0,"_bbp_total_topic_count":0,"_bbp_total_reply_count":0,"_bbp_voice_count":0,"_bbp_anonymous_reply_count":0,"_bbp_topic_count_hidden":0,"_bbp_reply_count_hidden":0,"_bbp_forum_subforum_count":0,"footnotes":""},"class_list":["post-681","page","type-page","status-publish","hentry"],"post_mailing_queue_ids":[],"_links":{"self":[{"href":"https:\/\/agora.xtec.cat\/esc-esponella\/wp-json\/wp\/v2\/pages\/681","targetHints":{"allow":["GET"]}}],"collection":[{"href":"https:\/\/agora.xtec.cat\/esc-esponella\/wp-json\/wp\/v2\/pages"}],"about":[{"href":"https:\/\/agora.xtec.cat\/esc-esponella\/wp-json\/wp\/v2\/types\/page"}],"author":[{"embeddable":true,"href":"https:\/\/agora.xtec.cat\/esc-esponella\/wp-json\/wp\/v2\/users\/1"}],"replies":[{"embeddable":true,"href":"https:\/\/agora.xtec.cat\/esc-esponella\/wp-json\/wp\/v2\/comments?post=681"}],"version-history":[{"count":2,"href":"https:\/\/agora.xtec.cat\/esc-esponella\/wp-json\/wp\/v2\/pages\/681\/revisions"}],"predecessor-version":[{"id":928,"href":"https:\/\/agora.xtec.cat\/esc-esponella\/wp-json\/wp\/v2\/pages\/681\/revisions\/928"}],"up":[{"embeddable":true,"href":"https:\/\/agora.xtec.cat\/esc-esponella\/wp-json\/wp\/v2\/pages\/584"}],"wp:attachment":[{"href":"https:\/\/agora.xtec.cat\/esc-esponella\/wp-json\/wp\/v2\/media?parent=681"}],"curies":[{"name":"wp","href":"https:\/\/api.w.org\/{rel}","templated":true}]}}