{"id":679,"date":"2019-10-03T23:00:37","date_gmt":"2019-10-03T21:00:37","guid":{"rendered":"http:\/\/agora.xtec.cat\/esc-esponella\/?page_id=679"},"modified":"2019-10-25T10:28:33","modified_gmt":"2019-10-25T08:28:33","slug":"dijous-gras","status":"publish","type":"page","link":"https:\/\/agora.xtec.cat\/esc-esponella\/projectes-descola\/dijous-gras\/","title":{"rendered":"Dijous gras"},"content":{"rendered":"<p>Fa 4 anys que l&#8217;escola va engegar un projecte de medi per con\u00e8ixer l&#8217;entorn proper del centre.<\/p>\n<p>Com que el municipi d&#8217;Esponell\u00e0 est\u00e0 molt disseminat i hi assisteixen alumnes no nom\u00e9s del nucli urb\u00e0, si no tamb\u00e9 dels ve\u00efnats que formen part d&#8217;aquest municipi des de l&#8217;escola es va apostar per fer un treball de coneixement de l&#8217;entorn proper a trav\u00e9s de la programaci\u00f3 de sortides coincidint amb la celebraci\u00f3 del Dijous Gras.<\/p>\n<p>Cada curs escolar, des de la comissi\u00f3 de festes i tradicions es fa una proposta d&#8217;indret a visitar i de les activitats que s&#8217;hi desenvoluparan. La idea \u00e9s fer grups el m\u00e0xim d&#8217;heterogenis i interc\u00edclics.<\/p>\n<p>La idea \u00e9s que els alumnes que s\u00f3n del ve\u00efnat o poble escollit puguin explicar aspectes que coneixen del seu indret a la resta de companys i companyes de l&#8217;escola. \u00c9s una manera de donar protagonisme als propis alumnes, fet que fa el projecte m\u00e9s enriquidor i motivador.<\/p>\n<p>El primer curs que es va engegar el projecte es va anar a Centenys i es va fer una gimcana fotogr\u00e0fica. El segon curs es va anar a Crespi\u00e0 coincidint amb la proximitat amb la Fira de la Mel que celebra el poble de Crespi\u00e0 cada tercer cap de setmana de febrer. All\u00e0 vam fer uns tallers relacionats amb la mel i les abelles a c\u00e0rrec de Dol\u00e7a Abella. El tercer curs vam anar a Vilert on vam poder jugar a diferents jocs tradicionals i vam visitar l&#8217;esgl\u00e9sia del poble. I l&#8217;any passat vam anar a Mart\u00eds. Els alumnes d&#8217;Ed Infantil hi van anar en bus i els alumnes de Prim\u00e0ria hi van anar a peu i pel cam\u00ed els alumnes de CS s&#8217;havien preparat algunes llegendes o peculiaritats del municipi i les van explicar a la resta de companys i companyes. Des d&#8217;Agri Energia ens van obrir la Central Hidroel\u00e8ctrica i la vam poder veure per dins. Va ser molt interessant.<\/p>\n<p>Aquest curs anirem a visitar Les Anglades.<\/p>\n","protected":false},"excerpt":{"rendered":"<p>Fa 4 anys que l&#8217;escola va engegar un projecte de medi per con\u00e8ixer l&#8217;entorn proper del centre.<br \/>\nCom que el municipi d&#8217;Esponell\u00e0 est\u00e0 molt disseminat i hi assisteixen alumnes no nom\u00e9s del nucli urb\u00e0, si no tamb\u00e9 dels ve\u00efnats que formen part d&#8217;aquest municipi des de&hellip;  <a href=\"https:\/\/agora.xtec.cat\/esc-esponella\/projectes-descola\/dijous-gras\/\" title=\"Read Dijous gras\">Llegeix m\u00e9s\u00bb<\/a><\/p>\n","protected":false},"author":1,"featured_media":0,"parent":584,"menu_order":30,"comment_status":"closed","ping_status":"closed","template":"page-templates\/side-menu.php","meta":{"_bbp_topic_count":0,"_bbp_reply_count":0,"_bbp_total_topic_count":0,"_bbp_total_reply_count":0,"_bbp_voice_count":0,"_bbp_anonymous_reply_count":0,"_bbp_topic_count_hidden":0,"_bbp_reply_count_hidden":0,"_bbp_forum_subforum_count":0,"footnotes":""},"class_list":["post-679","page","type-page","status-publish","hentry"],"post_mailing_queue_ids":[],"_links":{"self":[{"href":"https:\/\/agora.xtec.cat\/esc-esponella\/wp-json\/wp\/v2\/pages\/679","targetHints":{"allow":["GET"]}}],"collection":[{"href":"https:\/\/agora.xtec.cat\/esc-esponella\/wp-json\/wp\/v2\/pages"}],"about":[{"href":"https:\/\/agora.xtec.cat\/esc-esponella\/wp-json\/wp\/v2\/types\/page"}],"author":[{"embeddable":true,"href":"https:\/\/agora.xtec.cat\/esc-esponella\/wp-json\/wp\/v2\/users\/1"}],"replies":[{"embeddable":true,"href":"https:\/\/agora.xtec.cat\/esc-esponella\/wp-json\/wp\/v2\/comments?post=679"}],"version-history":[{"count":3,"href":"https:\/\/agora.xtec.cat\/esc-esponella\/wp-json\/wp\/v2\/pages\/679\/revisions"}],"predecessor-version":[{"id":927,"href":"https:\/\/agora.xtec.cat\/esc-esponella\/wp-json\/wp\/v2\/pages\/679\/revisions\/927"}],"up":[{"embeddable":true,"href":"https:\/\/agora.xtec.cat\/esc-esponella\/wp-json\/wp\/v2\/pages\/584"}],"wp:attachment":[{"href":"https:\/\/agora.xtec.cat\/esc-esponella\/wp-json\/wp\/v2\/media?parent=679"}],"curies":[{"name":"wp","href":"https:\/\/api.w.org\/{rel}","templated":true}]}}