{"id":584,"date":"2019-09-27T09:56:42","date_gmt":"2019-09-27T07:56:42","guid":{"rendered":"http:\/\/agora.xtec.cat\/esc-esponella\/?page_id=584"},"modified":"2021-10-18T13:12:06","modified_gmt":"2021-10-18T11:12:06","slug":"projectes-descola","status":"publish","type":"page","link":"https:\/\/agora.xtec.cat\/esc-esponella\/projectes-descola\/","title":{"rendered":"Projectes d&#8217;escola"},"content":{"rendered":"<p>Aquests s\u00f3n els projectes que des de l&#8217;escola pensem que donen una l\u00ednia metodol\u00f2gica de centre i que a trav\u00e9s d&#8217;aquests projectes podem treballar de manera interdisciplinar entre les diferents \u00e0rees i de manera intercicle en alguns dels projectes:<\/p>\n<ul>\n<li>Hort<\/li>\n<li>Dijous gras.<\/li>\n<li>Guitarra<\/li>\n<li>Taller d&#8217;art<\/li>\n<li>Teatre<\/li>\n<li>Setmana interdisciplinar<\/li>\n<li>Revista.<\/li>\n<li>Biblioteca.<\/li>\n<li>Salut integral.<\/li>\n<\/ul>\n","protected":false},"excerpt":{"rendered":"<p>Aquests s\u00f3n els projectes que des de l&#8217;escola pensem que donen una l\u00ednia metodol\u00f2gica de centre i que a trav\u00e9s d&#8217;aquests projectes podem treballar de manera interdisciplinar entre les diferents \u00e0rees i de manera intercicle en alguns dels projectes:<\/p>\n<ul>\n<li>Hort<\/li>\n<li>Dijous gras.<\/li>\n<li>Guitarra<\/li>\n<li>Taller d&#8217;art<\/li>\n<li>Teatre<\/li>\n<li>Setmana interdisciplinar<\/li>\n<li>Revista.<\/li>\n<li>Biblioteca.<\/li>\n<li>Salut integral.<\/li>\n<\/ul>\n","protected":false},"author":1,"featured_media":0,"parent":0,"menu_order":0,"comment_status":"closed","ping_status":"closed","template":"page-templates\/side-menu.php","meta":{"_bbp_topic_count":0,"_bbp_reply_count":0,"_bbp_total_topic_count":0,"_bbp_total_reply_count":0,"_bbp_voice_count":0,"_bbp_anonymous_reply_count":0,"_bbp_topic_count_hidden":0,"_bbp_reply_count_hidden":0,"_bbp_forum_subforum_count":0,"footnotes":""},"class_list":["post-584","page","type-page","status-publish","hentry"],"post_mailing_queue_ids":[],"_links":{"self":[{"href":"https:\/\/agora.xtec.cat\/esc-esponella\/wp-json\/wp\/v2\/pages\/584","targetHints":{"allow":["GET"]}}],"collection":[{"href":"https:\/\/agora.xtec.cat\/esc-esponella\/wp-json\/wp\/v2\/pages"}],"about":[{"href":"https:\/\/agora.xtec.cat\/esc-esponella\/wp-json\/wp\/v2\/types\/page"}],"author":[{"embeddable":true,"href":"https:\/\/agora.xtec.cat\/esc-esponella\/wp-json\/wp\/v2\/users\/1"}],"replies":[{"embeddable":true,"href":"https:\/\/agora.xtec.cat\/esc-esponella\/wp-json\/wp\/v2\/comments?post=584"}],"version-history":[{"count":3,"href":"https:\/\/agora.xtec.cat\/esc-esponella\/wp-json\/wp\/v2\/pages\/584\/revisions"}],"predecessor-version":[{"id":5485,"href":"https:\/\/agora.xtec.cat\/esc-esponella\/wp-json\/wp\/v2\/pages\/584\/revisions\/5485"}],"wp:attachment":[{"href":"https:\/\/agora.xtec.cat\/esc-esponella\/wp-json\/wp\/v2\/media?parent=584"}],"curies":[{"name":"wp","href":"https:\/\/api.w.org\/{rel}","templated":true}]}}