{"id":528,"date":"2019-05-27T16:34:02","date_gmt":"2019-05-27T14:34:02","guid":{"rendered":"http:\/\/agora.xtec.cat\/esc-esponella\/?page_id=528"},"modified":"2019-10-25T10:52:53","modified_gmt":"2019-10-25T08:52:53","slug":"salut-integral-si","status":"publish","type":"page","link":"https:\/\/agora.xtec.cat\/esc-esponella\/projectes-descola\/salut-integral-si\/","title":{"rendered":"Salut integral (SI)"},"content":{"rendered":"<p>Des de fa tres cursos l&#8217;escola es va adherir al Programa de Salut Integral que promou la Foundation for Science, Health and Education.<\/p>\n<h5>Es tracta d&#8217;un programa d&#8217;intervenci\u00f3 escolar dirigit a nens i nenes de 3 a 16 anys amb un clar objectiu: demostrar que l&#8217;adquisici\u00f3 d&#8217;h\u00e0bits saludables des de la inf\u00e0ncia redueix els riscs de patir malalties cardiovasculars i millora la qualitat de vida en l&#8217;edat adulta.<\/h5>\n<p>Aquest programa es va comen\u00e7ar a l&#8217;Ed. Infantil i t\u00e9 l&#8217;objectiu d&#8217;extendre&#8217;s als altres nivells.<\/p>\n<p>La mestra d&#8217;Ed. Infantil \u00e9s la que dirigeix les activitats proposades pel programa.<\/p>\n<p>Us deixem l&#8217;enlla\u00e7 al Programa SI.<\/p>\n<p><a href=\"https:\/\/www.programasi.org\/\">Enlla\u00e7 al Programa SI<\/a><\/p>\n","protected":false},"excerpt":{"rendered":"<p>Des de fa tres cursos l&#8217;escola es va adherir al Programa de Salut Integral que promou la Foundation for Science, Health and Education.<br \/>\nEs tracta d&#8217;un programa d&#8217;intervenci\u00f3 escolar dirigit a nens i nenes de 3 a 16 anys amb un clar objectiu: demostrar que l&#8217;adquisici\u00f3&hellip;  <a href=\"https:\/\/agora.xtec.cat\/esc-esponella\/projectes-descola\/salut-integral-si\/\" title=\"Read Salut integral (SI)\">Llegeix m\u00e9s\u00bb<\/a><\/p>\n","protected":false},"author":1,"featured_media":0,"parent":584,"menu_order":70,"comment_status":"closed","ping_status":"closed","template":"page-templates\/side-menu.php","meta":{"_bbp_topic_count":0,"_bbp_reply_count":0,"_bbp_total_topic_count":0,"_bbp_total_reply_count":0,"_bbp_voice_count":0,"_bbp_anonymous_reply_count":0,"_bbp_topic_count_hidden":0,"_bbp_reply_count_hidden":0,"_bbp_forum_subforum_count":0,"footnotes":""},"class_list":["post-528","page","type-page","status-publish","hentry"],"post_mailing_queue_ids":[],"_links":{"self":[{"href":"https:\/\/agora.xtec.cat\/esc-esponella\/wp-json\/wp\/v2\/pages\/528","targetHints":{"allow":["GET"]}}],"collection":[{"href":"https:\/\/agora.xtec.cat\/esc-esponella\/wp-json\/wp\/v2\/pages"}],"about":[{"href":"https:\/\/agora.xtec.cat\/esc-esponella\/wp-json\/wp\/v2\/types\/page"}],"author":[{"embeddable":true,"href":"https:\/\/agora.xtec.cat\/esc-esponella\/wp-json\/wp\/v2\/users\/1"}],"replies":[{"embeddable":true,"href":"https:\/\/agora.xtec.cat\/esc-esponella\/wp-json\/wp\/v2\/comments?post=528"}],"version-history":[{"count":3,"href":"https:\/\/agora.xtec.cat\/esc-esponella\/wp-json\/wp\/v2\/pages\/528\/revisions"}],"predecessor-version":[{"id":934,"href":"https:\/\/agora.xtec.cat\/esc-esponella\/wp-json\/wp\/v2\/pages\/528\/revisions\/934"}],"up":[{"embeddable":true,"href":"https:\/\/agora.xtec.cat\/esc-esponella\/wp-json\/wp\/v2\/pages\/584"}],"wp:attachment":[{"href":"https:\/\/agora.xtec.cat\/esc-esponella\/wp-json\/wp\/v2\/media?parent=528"}],"curies":[{"name":"wp","href":"https:\/\/api.w.org\/{rel}","templated":true}]}}