{"id":34,"date":"2014-09-18T12:32:18","date_gmt":"2014-09-18T11:32:18","guid":{"rendered":"http:\/\/agora.xtec.cat\/esc-esponella\/?page_id=34"},"modified":"2025-09-11T20:26:16","modified_gmt":"2025-09-11T18:26:16","slug":"oferta-educativa","status":"publish","type":"page","link":"https:\/\/agora.xtec.cat\/esc-esponella\/lescola\/oferta-educativa\/","title":{"rendered":"Oferta educativa"},"content":{"rendered":"<p>L&#8217;oferta educativa a l&#8217;Escola Carles de Fortuny va des de: I1 fins a 6\u00e8. L&#8217;estructura d&#8217;escola \u00e9s c\u00edclica.<\/p>\n<p>La Llar d&#8217;Infants est\u00e0 integrada a l&#8217;escola. Actualment hi ha 3 alumnes amb una educadora de refer\u00e8ncia. Per poder matricular-se a la llar, cal tenir fets 1 any. La gesti\u00f3 econ\u00f2mica i administrativa de la llar es fa a trav\u00e9s de l&#8217;Ajuntament d&#8217;Esponell\u00e0 i la gesti\u00f3 de personal a trav\u00e9s dels Serveis Educatius d&#8217;Ori\u00f3.<\/p>\n<p>Els alumnes de <strong>I3, I4 i I5<\/strong> estan agrupats en una mateixa aula amb una mestra tutora. Aquest grup est\u00e0 format per 13 alumnes.<\/p>\n<p>Els infants de <strong>CI<\/strong> s\u00f3n 7 alumnes agrupats en una mateixa aula amb un mestre tutor.<\/p>\n<p>Els infants de <strong>CM<\/strong> s\u00f3n 10 alumnes agrupats en una mateixa aula amb un mestre tutor.<\/p>\n<p>Els infants de <strong>CS<\/strong> s\u00f3n 11 alumnes agrupats en una mateixa aula amb una mestra tutora.<\/p>\n","protected":false},"excerpt":{"rendered":"<p>L&#8217;oferta educativa a l&#8217;Escola Carles de Fortuny va des de: I1 fins a 6\u00e8. L&#8217;estructura d&#8217;escola \u00e9s c\u00edclica.<br \/>\nLa Llar d&#8217;Infants est\u00e0 integrada a l&#8217;escola. Actualment hi ha 3 alumnes amb una educadora de refer\u00e8ncia. Per poder matricular-se a la llar, cal tenir fets 1 any.&hellip;  <a href=\"https:\/\/agora.xtec.cat\/esc-esponella\/lescola\/oferta-educativa\/\" title=\"Read Oferta educativa\">Llegeix m\u00e9s\u00bb<\/a><\/p>\n","protected":false},"author":1,"featured_media":0,"parent":22,"menu_order":60,"comment_status":"closed","ping_status":"closed","template":"page-templates\/side-menu.php","meta":{"_bbp_topic_count":0,"_bbp_reply_count":0,"_bbp_total_topic_count":0,"_bbp_total_reply_count":0,"_bbp_voice_count":0,"_bbp_anonymous_reply_count":0,"_bbp_topic_count_hidden":0,"_bbp_reply_count_hidden":0,"_bbp_forum_subforum_count":0,"footnotes":""},"class_list":["post-34","page","type-page","status-publish","hentry"],"post_mailing_queue_ids":[],"_links":{"self":[{"href":"https:\/\/agora.xtec.cat\/esc-esponella\/wp-json\/wp\/v2\/pages\/34","targetHints":{"allow":["GET"]}}],"collection":[{"href":"https:\/\/agora.xtec.cat\/esc-esponella\/wp-json\/wp\/v2\/pages"}],"about":[{"href":"https:\/\/agora.xtec.cat\/esc-esponella\/wp-json\/wp\/v2\/types\/page"}],"author":[{"embeddable":true,"href":"https:\/\/agora.xtec.cat\/esc-esponella\/wp-json\/wp\/v2\/users\/1"}],"replies":[{"embeddable":true,"href":"https:\/\/agora.xtec.cat\/esc-esponella\/wp-json\/wp\/v2\/comments?post=34"}],"version-history":[{"count":7,"href":"https:\/\/agora.xtec.cat\/esc-esponella\/wp-json\/wp\/v2\/pages\/34\/revisions"}],"predecessor-version":[{"id":6567,"href":"https:\/\/agora.xtec.cat\/esc-esponella\/wp-json\/wp\/v2\/pages\/34\/revisions\/6567"}],"up":[{"embeddable":true,"href":"https:\/\/agora.xtec.cat\/esc-esponella\/wp-json\/wp\/v2\/pages\/22"}],"wp:attachment":[{"href":"https:\/\/agora.xtec.cat\/esc-esponella\/wp-json\/wp\/v2\/media?parent=34"}],"curies":[{"name":"wp","href":"https:\/\/api.w.org\/{rel}","templated":true}]}}