{"id":28,"date":"2014-09-18T12:29:35","date_gmt":"2014-09-18T11:29:35","guid":{"rendered":"http:\/\/agora.xtec.cat\/esc-esponella\/?page_id=28"},"modified":"2025-05-14T21:35:36","modified_gmt":"2025-05-14T19:35:36","slug":"consell-escolar","status":"publish","type":"page","link":"https:\/\/agora.xtec.cat\/esc-esponella\/lescola\/consell-escolar\/","title":{"rendered":"Consell escolar"},"content":{"rendered":"<p>El consell escolar \u00e9s un \u00f2rgan de participaci\u00f3 de la comunitat escolar en el govern dels centres docents, el formen representants dels diferents sectors de la comunitat educativa.<\/p>\n<p><strong>CONSELL ESCOLAR 2021-22<\/strong><\/p>\n<table style=\"border-collapse: collapse; width: 97.6118%; height: 106px;\">\n<tbody>\n<tr style=\"height: 32px;\">\n<td style=\"width: 25%; height: 32px; text-align: center;\"><strong>Acta 1<\/strong><\/td>\n<td style=\"width: 25%; height: 32px; text-align: center;\"><strong>Acta 2<\/strong><\/td>\n<td style=\"width: 25%; text-align: center; height: 32px;\"><strong>Acta 3<\/strong><\/td>\n<td style=\"width: 25%; height: 32px; text-align: center;\"><strong>Acta 4<\/strong><\/td>\n<\/tr>\n<tr style=\"height: 32px;\">\n<td style=\"width: 25%; height: 32px; text-align: center;\"><a href=\"https:\/\/drive.google.com\/file\/d\/1U2VVN6_CFvx2MsKz9w0lAF5q-kCed46w\/view?usp=sharing\"><img loading=\"lazy\" decoding=\"async\" class=\"aligncenter wp-image-5615\" src=\"https:\/\/agora.xtec.cat\/esc-esponella\/wp-content\/uploads\/usu1885\/2022\/02\/icono-pdf-150x150.png\" alt=\"\" width=\"100\" height=\"100\" srcset=\"https:\/\/agora.xtec.cat\/esc-esponella\/wp-content\/uploads\/usu1885\/2022\/02\/icono-pdf-150x150.png 150w, https:\/\/agora.xtec.cat\/esc-esponella\/wp-content\/uploads\/usu1885\/2022\/02\/icono-pdf-300x300.png 300w, https:\/\/agora.xtec.cat\/esc-esponella\/wp-content\/uploads\/usu1885\/2022\/02\/icono-pdf.png 512w\" sizes=\"auto, (max-width: 100px) 100vw, 100px\" \/><\/a><\/td>\n<td style=\"width: 25%; height: 32px; text-align: center;\"><a href=\"https:\/\/drive.google.com\/file\/d\/1VBkHNjabUM-PYvWZcF9Que_v4MLTiYvA\/view?usp=sharing\"><img loading=\"lazy\" decoding=\"async\" class=\"aligncenter wp-image-5615\" src=\"https:\/\/agora.xtec.cat\/esc-esponella\/wp-content\/uploads\/usu1885\/2022\/02\/icono-pdf-150x150.png\" alt=\"\" width=\"100\" height=\"100\" srcset=\"https:\/\/agora.xtec.cat\/esc-esponella\/wp-content\/uploads\/usu1885\/2022\/02\/icono-pdf-150x150.png 150w, https:\/\/agora.xtec.cat\/esc-esponella\/wp-content\/uploads\/usu1885\/2022\/02\/icono-pdf-300x300.png 300w, https:\/\/agora.xtec.cat\/esc-esponella\/wp-content\/uploads\/usu1885\/2022\/02\/icono-pdf.png 512w\" sizes=\"auto, (max-width: 100px) 100vw, 100px\" \/><\/a><\/td>\n<td style=\"width: 25%; text-align: center; height: 32px;\"><a href=\"https:\/\/drive.google.com\/file\/d\/1zu5It1UL11KQD9bBZHtEsf3jFwd8xbd7\/view?usp=sharing\"><img loading=\"lazy\" decoding=\"async\" class=\"aligncenter wp-image-5615\" src=\"https:\/\/agora.xtec.cat\/esc-esponella\/wp-content\/uploads\/usu1885\/2022\/02\/icono-pdf-150x150.png\" alt=\"\" width=\"100\" height=\"100\" srcset=\"https:\/\/agora.xtec.cat\/esc-esponella\/wp-content\/uploads\/usu1885\/2022\/02\/icono-pdf-150x150.png 150w, https:\/\/agora.xtec.cat\/esc-esponella\/wp-content\/uploads\/usu1885\/2022\/02\/icono-pdf-300x300.png 300w, https:\/\/agora.xtec.cat\/esc-esponella\/wp-content\/uploads\/usu1885\/2022\/02\/icono-pdf.png 512w\" sizes=\"auto, (max-width: 100px) 100vw, 100px\" \/><\/a><\/td>\n<td style=\"width: 25%; height: 32px; text-align: center;\"><a href=\"https:\/\/drive.google.com\/file\/d\/1r994Unz-DUeSebc3PMYbRtT29oDb4nLq\/view?usp=sharing\"><img loading=\"lazy\" decoding=\"async\" class=\"aligncenter wp-image-5615\" src=\"https:\/\/agora.xtec.cat\/esc-esponella\/wp-content\/uploads\/usu1885\/2022\/02\/icono-pdf-150x150.png\" alt=\"\" width=\"100\" height=\"100\" srcset=\"https:\/\/agora.xtec.cat\/esc-esponella\/wp-content\/uploads\/usu1885\/2022\/02\/icono-pdf-150x150.png 150w, https:\/\/agora.xtec.cat\/esc-esponella\/wp-content\/uploads\/usu1885\/2022\/02\/icono-pdf-300x300.png 300w, https:\/\/agora.xtec.cat\/esc-esponella\/wp-content\/uploads\/usu1885\/2022\/02\/icono-pdf.png 512w\" sizes=\"auto, (max-width: 100px) 100vw, 100px\" \/><\/a><\/td>\n<\/tr>\n<tr style=\"height: 32px;\">\n<td style=\"width: 25%; text-align: center; height: 10px;\"><a href=\"https:\/\/drive.google.com\/file\/d\/1U2VVN6_CFvx2MsKz9w0lAF5q-kCed46w\/view?usp=sharing\"><strong><span style=\"color: #000000;\">Acta 5<\/span><\/strong><\/a><a href=\"https:\/\/drive.google.com\/file\/d\/1hURoAeXObIPCAcOUjKfGnb9749amfLls\/view?usp=drive_link\"><img loading=\"lazy\" decoding=\"async\" class=\"aligncenter wp-image-5615\" src=\"https:\/\/agora.xtec.cat\/esc-esponella\/wp-content\/uploads\/usu1885\/2022\/02\/icono-pdf-150x150.png\" alt=\"\" width=\"100\" height=\"100\" srcset=\"https:\/\/agora.xtec.cat\/esc-esponella\/wp-content\/uploads\/usu1885\/2022\/02\/icono-pdf-150x150.png 150w, https:\/\/agora.xtec.cat\/esc-esponella\/wp-content\/uploads\/usu1885\/2022\/02\/icono-pdf-300x300.png 300w, https:\/\/agora.xtec.cat\/esc-esponella\/wp-content\/uploads\/usu1885\/2022\/02\/icono-pdf.png 512w\" sizes=\"auto, (max-width: 100px) 100vw, 100px\" \/><\/a><\/td>\n<td style=\"width: 25%; text-align: center; height: 10px;\"><a href=\"https:\/\/drive.google.com\/file\/d\/1U2VVN6_CFvx2MsKz9w0lAF5q-kCed46w\/view?usp=sharing\"><strong><span style=\"color: #000000;\">Acta 6<\/span><\/strong><br \/>\n<\/a><a href=\"https:\/\/drive.google.com\/file\/d\/1eKXHgf3x7X7ecy9WDOOfP6RwDvC5fxME\/view?usp=drive_link\"><img loading=\"lazy\" decoding=\"async\" class=\"aligncenter wp-image-5615\" src=\"https:\/\/agora.xtec.cat\/esc-esponella\/wp-content\/uploads\/usu1885\/2022\/02\/icono-pdf-150x150.png\" alt=\"\" width=\"100\" height=\"100\" srcset=\"https:\/\/agora.xtec.cat\/esc-esponella\/wp-content\/uploads\/usu1885\/2022\/02\/icono-pdf-150x150.png 150w, https:\/\/agora.xtec.cat\/esc-esponella\/wp-content\/uploads\/usu1885\/2022\/02\/icono-pdf-300x300.png 300w, https:\/\/agora.xtec.cat\/esc-esponella\/wp-content\/uploads\/usu1885\/2022\/02\/icono-pdf.png 512w\" sizes=\"auto, (max-width: 100px) 100vw, 100px\" \/><\/a><\/td>\n<td style=\"width: 25%; text-align: center; height: 10px;\"><\/td>\n<td style=\"width: 25%; text-align: center; height: 10px;\"><\/td>\n<\/tr>\n<tr style=\"height: 32px;\">\n<td style=\"width: 25%; text-align: center; height: 32px;\"><\/td>\n<td style=\"width: 25%; text-align: center; height: 32px;\"><\/td>\n<td style=\"width: 25%; text-align: center; height: 32px;\"><\/td>\n<td style=\"width: 25%; text-align: center; height: 32px;\"><\/td>\n<\/tr>\n<\/tbody>\n<\/table>\n<p><strong>CONSELL ESCOLAR 2022-23<\/strong><\/p>\n<table style=\"border-collapse: collapse; width: 100%; height: 148px;\">\n<tbody>\n<tr style=\"height: 32px;\">\n<td style=\"width: 33.3333%; text-align: center; height: 32px;\"><strong>Certificat 1<\/strong><\/td>\n<td style=\"width: 33.3333%; text-align: center; height: 32px;\"><strong>Certificat 2<\/strong><\/td>\n<td style=\"width: 33.3333%; text-align: center; height: 32px;\"><strong>Certificat 3<\/strong><\/td>\n<\/tr>\n<tr style=\"height: 116px;\">\n<td style=\"width: 33.3333%; height: 116px;\"><a href=\"https:\/\/drive.google.com\/file\/d\/1SBbAdncPtiLMNDRdrv6c7httJY-06hjY\/view?usp=drive_link\"><img loading=\"lazy\" decoding=\"async\" class=\"aligncenter wp-image-5615\" src=\"https:\/\/agora.xtec.cat\/esc-esponella\/wp-content\/uploads\/usu1885\/2022\/02\/icono-pdf-150x150.png\" alt=\"\" width=\"100\" height=\"100\" srcset=\"https:\/\/agora.xtec.cat\/esc-esponella\/wp-content\/uploads\/usu1885\/2022\/02\/icono-pdf-150x150.png 150w, https:\/\/agora.xtec.cat\/esc-esponella\/wp-content\/uploads\/usu1885\/2022\/02\/icono-pdf-300x300.png 300w, https:\/\/agora.xtec.cat\/esc-esponella\/wp-content\/uploads\/usu1885\/2022\/02\/icono-pdf.png 512w\" sizes=\"auto, (max-width: 100px) 100vw, 100px\" \/><\/a><\/td>\n<td style=\"width: 33.3333%; height: 116px;\"><a href=\"https:\/\/drive.google.com\/file\/d\/13zMBfv35K7AdnLl8uMrhzjgjm0xwkjfz\/view?usp=drive_link\"><img loading=\"lazy\" decoding=\"async\" class=\"aligncenter wp-image-5615\" src=\"https:\/\/agora.xtec.cat\/esc-esponella\/wp-content\/uploads\/usu1885\/2022\/02\/icono-pdf-150x150.png\" alt=\"\" width=\"100\" height=\"100\" srcset=\"https:\/\/agora.xtec.cat\/esc-esponella\/wp-content\/uploads\/usu1885\/2022\/02\/icono-pdf-150x150.png 150w, https:\/\/agora.xtec.cat\/esc-esponella\/wp-content\/uploads\/usu1885\/2022\/02\/icono-pdf-300x300.png 300w, https:\/\/agora.xtec.cat\/esc-esponella\/wp-content\/uploads\/usu1885\/2022\/02\/icono-pdf.png 512w\" sizes=\"auto, (max-width: 100px) 100vw, 100px\" \/><\/a><\/td>\n<td style=\"width: 33.3333%; height: 116px;\"><a href=\"https:\/\/drive.google.com\/file\/d\/1RCZoCAlPYInFIe6UBA2UMGtcyDrtwz8U\/view?usp=drive_link\"><img loading=\"lazy\" decoding=\"async\" class=\"aligncenter wp-image-5615\" src=\"https:\/\/agora.xtec.cat\/esc-esponella\/wp-content\/uploads\/usu1885\/2022\/02\/icono-pdf-150x150.png\" alt=\"\" width=\"100\" height=\"100\" srcset=\"https:\/\/agora.xtec.cat\/esc-esponella\/wp-content\/uploads\/usu1885\/2022\/02\/icono-pdf-150x150.png 150w, https:\/\/agora.xtec.cat\/esc-esponella\/wp-content\/uploads\/usu1885\/2022\/02\/icono-pdf-300x300.png 300w, https:\/\/agora.xtec.cat\/esc-esponella\/wp-content\/uploads\/usu1885\/2022\/02\/icono-pdf.png 512w\" sizes=\"auto, (max-width: 100px) 100vw, 100px\" \/><\/a><\/td>\n<\/tr>\n<\/tbody>\n<\/table>\n<p><strong>CONSELL ESCOLAR 2023-24<\/strong><\/p>\n<table style=\"border-collapse: collapse; width: 100%; height: 211px;\">\n<tbody>\n<tr style=\"height: 28px;\">\n<td style=\"width: 33.3333%; text-align: center; height: 28px;\"><strong>Acta 1<\/strong><\/td>\n<td style=\"width: 33.3333%; text-align: center; height: 28px;\"><strong>Acta 2<\/strong><\/td>\n<td style=\"width: 33.3333%; text-align: center; height: 28px;\"><strong>Acta 3<\/strong><\/td>\n<\/tr>\n<tr style=\"height: 119px;\">\n<td style=\"width: 33.3333%; height: 119px;\"><a href=\"https:\/\/drive.google.com\/file\/d\/1co9AX8CjPqbYSJdIXZz72erTD0VtXc_y\/view?usp=drive_link\"><img loading=\"lazy\" decoding=\"async\" class=\"aligncenter wp-image-6333 \" src=\"https:\/\/agora.xtec.cat\/esc-esponella\/wp-content\/uploads\/usu1885\/2024\/01\/baixa-300x130.jpg\" alt=\"\" width=\"261\" height=\"113\" srcset=\"https:\/\/agora.xtec.cat\/esc-esponella\/wp-content\/uploads\/usu1885\/2024\/01\/baixa-300x130.jpg 300w, https:\/\/agora.xtec.cat\/esc-esponella\/wp-content\/uploads\/usu1885\/2024\/01\/baixa.jpg 341w\" sizes=\"auto, (max-width: 261px) 100vw, 261px\" \/><\/a><\/td>\n<td style=\"width: 33.3333%; height: 119px;\"><a href=\"https:\/\/drive.google.com\/file\/d\/1WB2Vr1fJsAKDoIip-yYhalojbDc1TVUh\/view?usp=drive_link\"><img loading=\"lazy\" decoding=\"async\" class=\"aligncenter wp-image-6336\" src=\"https:\/\/agora.xtec.cat\/esc-esponella\/wp-content\/uploads\/usu1885\/2024\/01\/baixa-1-300x130.jpg\" alt=\"\" width=\"254\" height=\"110\" srcset=\"https:\/\/agora.xtec.cat\/esc-esponella\/wp-content\/uploads\/usu1885\/2024\/01\/baixa-1-300x130.jpg 300w, https:\/\/agora.xtec.cat\/esc-esponella\/wp-content\/uploads\/usu1885\/2024\/01\/baixa-1.jpg 341w\" sizes=\"auto, (max-width: 254px) 100vw, 254px\" \/><\/a><\/td>\n<td style=\"width: 33.3333%; height: 119px;\"><a href=\"https:\/\/drive.google.com\/file\/d\/1eSOf-efW3M71K-u3VECcLI3nPJsZWYYI\/view?usp=drive_link\"><img loading=\"lazy\" decoding=\"async\" class=\"alignnone\" src=\"https:\/\/agora.xtec.cat\/esc-esponella\/wp-content\/uploads\/usu1885\/2024\/01\/baixa-1-300x130.jpg\" alt=\"\" width=\"300\" height=\"130\" \/><\/a><\/td>\n<\/tr>\n<tr style=\"height: 32px;\">\n<td style=\"width: 33.3333%; height: 32px;\">\n<p style=\"text-align: center;\"><strong>Acta 4<\/strong><\/p>\n<p><a href=\"https:\/\/drive.google.com\/file\/d\/10EO5lvNi3FlP2DDB0c6cFFhxM2yBXbKN\/view?usp=sharing\"><img loading=\"lazy\" decoding=\"async\" class=\"aligncenter wp-image-6333\" src=\"https:\/\/agora.xtec.cat\/esc-esponella\/wp-content\/uploads\/usu1885\/2024\/01\/baixa-300x130.jpg\" alt=\"\" width=\"261\" height=\"113\" srcset=\"https:\/\/agora.xtec.cat\/esc-esponella\/wp-content\/uploads\/usu1885\/2024\/01\/baixa-300x130.jpg 300w, https:\/\/agora.xtec.cat\/esc-esponella\/wp-content\/uploads\/usu1885\/2024\/01\/baixa.jpg 341w\" sizes=\"auto, (max-width: 261px) 100vw, 261px\" \/><\/a><\/td>\n<td style=\"width: 33.3333%; height: 32px;\">\n<p style=\"text-align: center;\"><strong>Acta 5<\/strong><\/p>\n<p><a href=\"https:\/\/drive.google.com\/file\/d\/1X8G8RHZl8rLjCmjKdQ9MZR4qUGd1qOQ-\/view?usp=drive_link\"><img loading=\"lazy\" decoding=\"async\" class=\"aligncenter wp-image-6336 size-full\" src=\"https:\/\/agora.xtec.cat\/esc-esponella\/wp-content\/uploads\/usu1885\/2024\/01\/baixa-1.jpg\" alt=\"\" width=\"341\" height=\"148\" srcset=\"https:\/\/agora.xtec.cat\/esc-esponella\/wp-content\/uploads\/usu1885\/2024\/01\/baixa-1.jpg 341w, https:\/\/agora.xtec.cat\/esc-esponella\/wp-content\/uploads\/usu1885\/2024\/01\/baixa-1-300x130.jpg 300w\" sizes=\"auto, (max-width: 341px) 100vw, 341px\" \/><\/a><\/td>\n<td style=\"width: 33.3333%; height: 32px;\"><\/td>\n<\/tr>\n<tr style=\"height: 32px;\">\n<td style=\"width: 33.3333%; height: 32px;\"><\/td>\n<td style=\"width: 33.3333%; height: 32px;\"><\/td>\n<td style=\"width: 33.3333%; height: 32px;\"><\/td>\n<\/tr>\n<\/tbody>\n<\/table>\n<p><strong>CONSELL ESCOLAR 2024 &#8211; 2025<\/strong><\/p>\n<table style=\"border-collapse: collapse; width: 100%; height: 186px;\">\n<tbody>\n<tr style=\"height: 154px;\">\n<td style=\"width: 24.2925%; height: 154px;\">\n<p style=\"text-align: center;\"><strong>Acta 1<\/strong><\/p>\n<p><a href=\"https:\/\/drive.google.com\/file\/d\/1MrIoeYjCpDiacp348ApXR34iXQ6X-sw_\/view?usp=drive_link\"><img loading=\"lazy\" decoding=\"async\" class=\"aligncenter wp-image-6333\" src=\"https:\/\/agora.xtec.cat\/esc-esponella\/wp-content\/uploads\/usu1885\/2024\/01\/baixa-300x130.jpg\" alt=\"\" width=\"209\" height=\"91\" srcset=\"https:\/\/agora.xtec.cat\/esc-esponella\/wp-content\/uploads\/usu1885\/2024\/01\/baixa-300x130.jpg 300w, https:\/\/agora.xtec.cat\/esc-esponella\/wp-content\/uploads\/usu1885\/2024\/01\/baixa.jpg 341w\" sizes=\"auto, (max-width: 209px) 100vw, 209px\" \/><\/a><\/td>\n<td style=\"width: 23.3387%; height: 154px;\">\n<p style=\"text-align: center;\"><strong>Acta 2<\/strong><\/p>\n<p style=\"text-align: center;\"><a href=\"https:\/\/drive.google.com\/file\/d\/1j26T3DAhti_kjCzkPugY3uiH5BhPjLrk\/view?usp=drive_link\"><img loading=\"lazy\" decoding=\"async\" class=\"aligncenter wp-image-6333\" src=\"https:\/\/agora.xtec.cat\/esc-esponella\/wp-content\/uploads\/usu1885\/2024\/01\/baixa-300x130.jpg\" alt=\"\" width=\"209\" height=\"91\" srcset=\"https:\/\/agora.xtec.cat\/esc-esponella\/wp-content\/uploads\/usu1885\/2024\/01\/baixa-300x130.jpg 300w, https:\/\/agora.xtec.cat\/esc-esponella\/wp-content\/uploads\/usu1885\/2024\/01\/baixa.jpg 341w\" sizes=\"auto, (max-width: 209px) 100vw, 209px\" \/><\/a><\/p>\n<\/td>\n<td style=\"width: 21.7488%; text-align: center; height: 154px;\"><strong>Acta 3<\/strong><\/p>\n<p><a href=\"https:\/\/drive.google.com\/file\/d\/1Z8gd87y6aEbnyRT9ni3CHRwQMeErw_-F\/view?usp=drive_link\"><img loading=\"lazy\" decoding=\"async\" class=\"alignnone\" src=\"https:\/\/agora.xtec.cat\/esc-esponella\/wp-content\/uploads\/usu1885\/2024\/01\/baixa-300x130.jpg\" alt=\"\" width=\"300\" height=\"130\" \/><\/a><\/td>\n<td style=\"width: 18.4101%; height: 154px; text-align: center;\"><strong>Acta 4<\/strong><\/p>\n<p><a href=\"https:\/\/drive.google.com\/file\/d\/13tRWenj8oL_YmOEokKzFFPgzlijVUWvK\/view?usp=drive_link\"><img loading=\"lazy\" decoding=\"async\" class=\"alignnone\" src=\"https:\/\/agora.xtec.cat\/esc-esponella\/wp-content\/uploads\/usu1885\/2024\/01\/baixa-300x130.jpg\" alt=\"\" width=\"172\" height=\"74\" \/><\/a><\/td>\n<\/tr>\n<tr style=\"height: 32px;\">\n<td style=\"width: 24.2925%; height: 32px;\">\n<p style=\"text-align: center;\"><strong>Acta 5<\/strong><\/p>\n<p><a href=\"https:\/\/drive.google.com\/file\/d\/12k5WgIMN8GFcilX8TVLvJwzNbnO5rs1e\/view?usp=sharing\"><img loading=\"lazy\" decoding=\"async\" class=\"aligncenter wp-image-6333\" src=\"https:\/\/agora.xtec.cat\/esc-esponella\/wp-content\/uploads\/usu1885\/2024\/01\/baixa-300x130.jpg\" alt=\"\" width=\"196\" height=\"85\" srcset=\"https:\/\/agora.xtec.cat\/esc-esponella\/wp-content\/uploads\/usu1885\/2024\/01\/baixa-300x130.jpg 300w, https:\/\/agora.xtec.cat\/esc-esponella\/wp-content\/uploads\/usu1885\/2024\/01\/baixa.jpg 341w\" sizes=\"auto, (max-width: 196px) 100vw, 196px\" \/><\/a><\/td>\n<td style=\"width: 23.3387%; height: 32px;\"><\/td>\n<td style=\"width: 21.7488%; height: 32px;\"><\/td>\n<td style=\"width: 18.4101%; height: 32px;\"><\/td>\n<\/tr>\n<\/tbody>\n<\/table>\n<p>&nbsp;<\/p>\n<p>&nbsp;<\/p>\n<p>&nbsp;<\/p>\n","protected":false},"excerpt":{"rendered":"<p>El consell escolar \u00e9s un \u00f2rgan de participaci\u00f3 de la comunitat escolar en el govern dels centres docents, el formen representants dels diferents sectors de la comunitat educativa.<br \/>\nCONSELL ESCOLAR 2021-22<\/p>\n<p>Acta 1<br \/>\nActa 2<br \/>\nActa 3<br \/>\nActa 4<\/p>\n<p><a href=\"https:\/\/drive.google.com\/file\/d\/1U2VVN6_CFvx2MsKz9w0lAF5q-kCed46w\/view?usp=sharing\"><\/a><br \/>\n<a href=\"https:\/\/drive.google.com\/file\/d\/1VBkHNjabUM-PYvWZcF9Que_v4MLTiYvA\/view?usp=sharing\"><\/a><br \/>\n<a href=\"https:\/\/drive.google.com\/file\/d\/1zu5It1UL11KQD9bBZHtEsf3jFwd8xbd7\/view?usp=sharing\"><\/a><br \/>\n<a href=\"https:\/\/drive.google.com\/file\/d\/1r994Unz-DUeSebc3PMYbRtT29oDb4nLq\/view?usp=sharing\"><\/a><\/p>\n<p><a href=\"https:\/\/drive.google.com\/file\/d\/1U2VVN6_CFvx2MsKz9w0lAF5q-kCed46w\/view?usp=sharing\">Acta 5<\/a><a href=\"https:\/\/drive.google.com\/file\/d\/1hURoAeXObIPCAcOUjKfGnb9749amfLls\/view?usp=drive_link\"><\/a><br \/>\n<a href=\"https:\/\/drive.google.com\/file\/d\/1U2VVN6_CFvx2MsKz9w0lAF5q-kCed46w\/view?usp=sharing\">Acta 6<br \/>\n<\/a><a href=\"https:\/\/drive.google.com\/file\/d\/1eKXHgf3x7X7ecy9WDOOfP6RwDvC5fxME\/view?usp=drive_link\"><\/a><\/p>\n<p>CONSELL ESCOLAR&hellip;  <a href=\"https:\/\/agora.xtec.cat\/esc-esponella\/lescola\/consell-escolar\/\" title=\"Read Consell escolar\">Llegeix m\u00e9s\u00bb<\/a><\/p>\n","protected":false},"author":1,"featured_media":0,"parent":22,"menu_order":30,"comment_status":"closed","ping_status":"closed","template":"page-templates\/side-menu.php","meta":{"_bbp_topic_count":0,"_bbp_reply_count":0,"_bbp_total_topic_count":0,"_bbp_total_reply_count":0,"_bbp_voice_count":0,"_bbp_anonymous_reply_count":0,"_bbp_topic_count_hidden":0,"_bbp_reply_count_hidden":0,"_bbp_forum_subforum_count":0,"footnotes":""},"class_list":["post-28","page","type-page","status-publish","hentry"],"post_mailing_queue_ids":[],"_links":{"self":[{"href":"https:\/\/agora.xtec.cat\/esc-esponella\/wp-json\/wp\/v2\/pages\/28","targetHints":{"allow":["GET"]}}],"collection":[{"href":"https:\/\/agora.xtec.cat\/esc-esponella\/wp-json\/wp\/v2\/pages"}],"about":[{"href":"https:\/\/agora.xtec.cat\/esc-esponella\/wp-json\/wp\/v2\/types\/page"}],"author":[{"embeddable":true,"href":"https:\/\/agora.xtec.cat\/esc-esponella\/wp-json\/wp\/v2\/users\/1"}],"replies":[{"embeddable":true,"href":"https:\/\/agora.xtec.cat\/esc-esponella\/wp-json\/wp\/v2\/comments?post=28"}],"version-history":[{"count":8,"href":"https:\/\/agora.xtec.cat\/esc-esponella\/wp-json\/wp\/v2\/pages\/28\/revisions"}],"predecessor-version":[{"id":6528,"href":"https:\/\/agora.xtec.cat\/esc-esponella\/wp-json\/wp\/v2\/pages\/28\/revisions\/6528"}],"up":[{"embeddable":true,"href":"https:\/\/agora.xtec.cat\/esc-esponella\/wp-json\/wp\/v2\/pages\/22"}],"wp:attachment":[{"href":"https:\/\/agora.xtec.cat\/esc-esponella\/wp-json\/wp\/v2\/media?parent=28"}],"curies":[{"name":"wp","href":"https:\/\/api.w.org\/{rel}","templated":true}]}}