{"id":22,"date":"2014-09-18T12:19:57","date_gmt":"2014-09-18T11:19:57","guid":{"rendered":"http:\/\/agora.xtec.cat\/esc-esponella\/?page_id=22"},"modified":"2025-09-06T13:33:33","modified_gmt":"2025-09-06T11:33:33","slug":"lescola","status":"publish","type":"page","link":"https:\/\/agora.xtec.cat\/esc-esponella\/lescola\/","title":{"rendered":"L&#8217;escola"},"content":{"rendered":"<p class=\"s4\"><span class=\"s6\">L\u2019Escola Carles de Fortuny \u2013 Esponell\u00e0<\/span><span class=\"s6\"> \u00e9s un centre amb estructura c\u00edclica<\/span><span class=\"s6\">. L<\/span><span class=\"s6\">\u2019escola t\u00e9 <strong>5 <\/strong><\/span><span class=\"s6\">gr<\/span><span class=\"s6\">ups, 2 grup a Ed. Infantil i 3<\/span><span class=\"s6\"> grups a Ed. Prim\u00e0ria.<\/span><\/p>\n<p class=\"s4\"><span class=\"s6\">El curs 2025\u2013 2026<\/span><span class=\"s6\">\u00a0s\u2019inicia amb <b>45 <\/b><\/span><span class=\"s6\">alumnes.<\/span><\/p>\n<p class=\"s4\"><span class=\"s6\">La plantilla de mestres \u00e9s de <b>5 <\/b><\/span><span class=\"s6\">mestres i <strong>1<\/strong> TEI per al primer cicle de l&#8217;Ed. Infantil<\/span><span class=\"s6\">.<\/span><\/p>\n<p class=\"s4\"><span class=\"s6\">L\u2019equip directiu est\u00e0 format per:<\/span><\/p>\n<p class=\"s4\"><strong><span class=\"s7\">Directora<\/span><\/strong><span class=\"s6\">: Evelyn Navarro<br \/>\n<\/span><\/p>\n<p class=\"s4\"><strong><span class=\"s7\">Secret\u00e0ria<\/span><\/strong><span class=\"s6\">: Anna Ferrer<br \/>\n<\/span><\/p>\n<p>El claustre de mestres est\u00e0 format per:<\/p>\n<p><strong>Tutoria I1-I2<\/strong>: N\u00faria Roger<\/p>\n<p><strong>Tutoria I3, I4 i I5<\/strong>: Pilar Gratac\u00f3s<\/p>\n<p><strong>Tutoria CI<\/strong>: Neus Parella<\/p>\n<p><strong>Tutoria CM<\/strong>: Laura Pujol\u00e0s<\/p>\n<p><strong>Tutoria CS<\/strong>: Marta Matamala<\/p>\n<p><strong>Suport:<\/strong> Evelyn Navarro<\/p>\n<p><strong>Especialista d&#8217;angl\u00e8s<\/strong>: Anna Ferrer<\/p>\n<p><strong>Especialista de m\u00fasica<\/strong>: Laura Pujol\u00e0s<\/p>\n<p><strong>Especialista d&#8217;Ed. F\u00edsica<\/strong>: Marta Matamala<\/p>\n","protected":false},"excerpt":{"rendered":"<p>L\u2019Escola Carles de Fortuny \u2013 Esponell\u00e0 \u00e9s un centre amb estructura c\u00edclica. L\u2019escola t\u00e9 5 grups, 2 grup a Ed. Infantil i 3 grups a Ed. Prim\u00e0ria.<br \/>\nEl curs 2025\u2013 2026\u00a0s\u2019inicia amb 45 alumnes.<br \/>\nLa plantilla de mestres \u00e9s de 5 mestres i 1 TEI per al&hellip;  <a href=\"https:\/\/agora.xtec.cat\/esc-esponella\/lescola\/\" title=\"Read L&#8217;escola\">Llegeix m\u00e9s\u00bb<\/a><\/p>\n","protected":false},"author":1,"featured_media":0,"parent":0,"menu_order":0,"comment_status":"closed","ping_status":"closed","template":"page-templates\/side-menu.php","meta":{"_bbp_topic_count":0,"_bbp_reply_count":0,"_bbp_total_topic_count":0,"_bbp_total_reply_count":0,"_bbp_voice_count":0,"_bbp_anonymous_reply_count":0,"_bbp_topic_count_hidden":0,"_bbp_reply_count_hidden":0,"_bbp_forum_subforum_count":0,"footnotes":""},"class_list":["post-22","page","type-page","status-publish","hentry"],"post_mailing_queue_ids":[],"_links":{"self":[{"href":"https:\/\/agora.xtec.cat\/esc-esponella\/wp-json\/wp\/v2\/pages\/22","targetHints":{"allow":["GET"]}}],"collection":[{"href":"https:\/\/agora.xtec.cat\/esc-esponella\/wp-json\/wp\/v2\/pages"}],"about":[{"href":"https:\/\/agora.xtec.cat\/esc-esponella\/wp-json\/wp\/v2\/types\/page"}],"author":[{"embeddable":true,"href":"https:\/\/agora.xtec.cat\/esc-esponella\/wp-json\/wp\/v2\/users\/1"}],"replies":[{"embeddable":true,"href":"https:\/\/agora.xtec.cat\/esc-esponella\/wp-json\/wp\/v2\/comments?post=22"}],"version-history":[{"count":6,"href":"https:\/\/agora.xtec.cat\/esc-esponella\/wp-json\/wp\/v2\/pages\/22\/revisions"}],"predecessor-version":[{"id":6561,"href":"https:\/\/agora.xtec.cat\/esc-esponella\/wp-json\/wp\/v2\/pages\/22\/revisions\/6561"}],"wp:attachment":[{"href":"https:\/\/agora.xtec.cat\/esc-esponella\/wp-json\/wp\/v2\/media?parent=22"}],"curies":[{"name":"wp","href":"https:\/\/api.w.org\/{rel}","templated":true}]}}