{"id":3895,"date":"2024-12-12T17:41:27","date_gmt":"2024-12-12T16:41:27","guid":{"rendered":"https:\/\/agora.xtec.cat\/esc-enxaneta\/?page_id=3895"},"modified":"2025-04-04T16:20:21","modified_gmt":"2025-04-04T14:20:21","slug":"documents-de-centre","status":"publish","type":"page","link":"https:\/\/agora.xtec.cat\/esc-enxaneta\/documents-de-centre\/","title":{"rendered":"DOCUMENTS DE CENTRE"},"content":{"rendered":"\n<p><strong>L\u2019equip actual est\u00e0 treballant en l\u2019elaboraci\u00f3 del nou PEC.<\/strong><\/p>\n\n\n\n<p>L&#8217;estrat\u00e8gia digital de centre est\u00e0 en proc\u00e9s de revisi\u00f3 i actualitzaci\u00f3.<\/p>\n\n\n\n<div class=\"wp-block-getwid-section alignfull alignfull getwid-section-content-custom-width\"><div class=\"wp-block-getwid-section__wrapper getwid-padding-top-large getwid-padding-bottom-large getwid-padding-left-medium getwid-padding-right-medium\"><div class=\"wp-block-getwid-section__inner-wrapper\" style=\"max-width:1219px\"><div class=\"wp-block-getwid-section__background-holder\"><div class=\"wp-block-getwid-section__background has-background has-white-background-color\"><\/div><div class=\"wp-block-getwid-section__foreground\" style=\"opacity:0.43;background-color:#abb8c3;mix-blend-mode:color-dodge\"><\/div><\/div><div class=\"wp-block-getwid-section__content\"><div class=\"wp-block-getwid-section__inner-content\">\n<figure class=\"wp-block-gallery aligncenter has-nested-images columns-6 wp-block-gallery-1 is-layout-flex wp-block-gallery-is-layout-flex\">\n<figure class=\"wp-block-image is-style-rounded\"><a href=\"https:\/\/drive.google.com\/file\/d\/10LptpZ-AWxzJH8j_8ZREGn1wXeEFb2Ye\/view?usp=drive_link\"><img loading=\"lazy\" decoding=\"async\" width=\"500\" height=\"500\" src=\"https:\/\/agora.xtec.cat\/esc-enxaneta\/wp-content\/uploads\/usu1960\/2025\/02\/1.png\" alt=\"\" class=\"wp-image-3963\" srcset=\"https:\/\/agora.xtec.cat\/esc-enxaneta\/wp-content\/uploads\/usu1960\/2025\/02\/1.png 500w, https:\/\/agora.xtec.cat\/esc-enxaneta\/wp-content\/uploads\/usu1960\/2025\/02\/1-300x300.png 300w, https:\/\/agora.xtec.cat\/esc-enxaneta\/wp-content\/uploads\/usu1960\/2025\/02\/1-150x150.png 150w\" sizes=\"auto, (max-width: 500px) 100vw, 500px\" \/><\/a><\/figure>\n\n\n\n<figure class=\"wp-block-image is-style-rounded\"><a href=\"https:\/\/drive.google.com\/file\/d\/1UiTUtyY7ydmnBLgfklnYSWiyOy1v9vo0\/view?usp=drive_link\"><img loading=\"lazy\" decoding=\"async\" width=\"500\" height=\"500\" src=\"https:\/\/agora.xtec.cat\/esc-enxaneta\/wp-content\/uploads\/usu1960\/2025\/02\/2.png\" alt=\"\" class=\"wp-image-3964\" srcset=\"https:\/\/agora.xtec.cat\/esc-enxaneta\/wp-content\/uploads\/usu1960\/2025\/02\/2.png 500w, https:\/\/agora.xtec.cat\/esc-enxaneta\/wp-content\/uploads\/usu1960\/2025\/02\/2-300x300.png 300w, https:\/\/agora.xtec.cat\/esc-enxaneta\/wp-content\/uploads\/usu1960\/2025\/02\/2-150x150.png 150w\" sizes=\"auto, (max-width: 500px) 100vw, 500px\" \/><\/a><\/figure>\n\n\n\n<figure class=\"wp-block-image is-style-rounded\"><a href=\"https:\/\/drive.google.com\/file\/d\/1XNv8m0dS1pgVPkYdpdLO040FpeM6n-4f\/view?usp=drive_link\"><img loading=\"lazy\" decoding=\"async\" width=\"500\" height=\"500\" src=\"https:\/\/agora.xtec.cat\/esc-enxaneta\/wp-content\/uploads\/usu1960\/2025\/02\/3.png\" alt=\"\" class=\"wp-image-3965\" srcset=\"https:\/\/agora.xtec.cat\/esc-enxaneta\/wp-content\/uploads\/usu1960\/2025\/02\/3.png 500w, https:\/\/agora.xtec.cat\/esc-enxaneta\/wp-content\/uploads\/usu1960\/2025\/02\/3-300x300.png 300w, https:\/\/agora.xtec.cat\/esc-enxaneta\/wp-content\/uploads\/usu1960\/2025\/02\/3-150x150.png 150w\" sizes=\"auto, (max-width: 500px) 100vw, 500px\" \/><\/a><\/figure>\n\n\n\n<figure class=\"wp-block-image size-medium is-style-rounded\"><img loading=\"lazy\" decoding=\"async\" width=\"300\" height=\"300\" src=\"https:\/\/agora.xtec.cat\/esc-enxaneta\/wp-content\/uploads\/usu1960\/2025\/02\/PEC-1-300x300.png\" alt=\"\" class=\"wp-image-3966\" srcset=\"https:\/\/agora.xtec.cat\/esc-enxaneta\/wp-content\/uploads\/usu1960\/2025\/02\/PEC-1-300x300.png 300w, https:\/\/agora.xtec.cat\/esc-enxaneta\/wp-content\/uploads\/usu1960\/2025\/02\/PEC-1-150x150.png 150w, https:\/\/agora.xtec.cat\/esc-enxaneta\/wp-content\/uploads\/usu1960\/2025\/02\/PEC-1.png 500w\" sizes=\"auto, (max-width: 300px) 100vw, 300px\" \/><\/figure>\n<\/figure>\n<\/div><\/div><\/div><\/div><\/div>\n\n\n\n<div class=\"wp-block-getwid-section alignfull alignfull getwid-section-content-custom-width\"><div class=\"wp-block-getwid-section__wrapper getwid-padding-top-large getwid-padding-bottom-large getwid-padding-left-medium getwid-padding-right-medium getwid-align-items-flex-start\"><div class=\"wp-block-getwid-section__inner-wrapper\" style=\"max-width:1219px\"><div class=\"wp-block-getwid-section__background-holder\"><div class=\"wp-block-getwid-section__background has-background has-white-background-color\"><\/div><div class=\"wp-block-getwid-section__foreground\" style=\"opacity:0.43;background-color:#abb8c3;mix-blend-mode:color-dodge\"><\/div><\/div><div class=\"wp-block-getwid-section__content\"><div class=\"wp-block-getwid-section__inner-content\">\n<figure class=\"wp-block-gallery aligncenter has-nested-images columns-6 wp-block-gallery-2 is-layout-flex wp-block-gallery-is-layout-flex\">\n<figure class=\"wp-block-image size-full is-style-rounded\"><a href=\"https:\/\/drive.google.com\/file\/d\/1ewMOXfuLl4_aJIqUd0wGpZ_GrUtQp1Fg\/view?usp=sharing\"><img loading=\"lazy\" decoding=\"async\" width=\"500\" height=\"500\" src=\"https:\/\/agora.xtec.cat\/esc-enxaneta\/wp-content\/uploads\/usu1960\/2025\/03\/PEC-2-5.png\" alt=\"\" class=\"wp-image-4030\" srcset=\"https:\/\/agora.xtec.cat\/esc-enxaneta\/wp-content\/uploads\/usu1960\/2025\/03\/PEC-2-5.png 500w, https:\/\/agora.xtec.cat\/esc-enxaneta\/wp-content\/uploads\/usu1960\/2025\/03\/PEC-2-5-300x300.png 300w, https:\/\/agora.xtec.cat\/esc-enxaneta\/wp-content\/uploads\/usu1960\/2025\/03\/PEC-2-5-150x150.png 150w\" sizes=\"auto, (max-width: 500px) 100vw, 500px\" \/><\/a><\/figure>\n\n\n\n<figure class=\"wp-block-image size-full is-style-rounded\"><img loading=\"lazy\" decoding=\"async\" width=\"500\" height=\"500\" src=\"https:\/\/agora.xtec.cat\/esc-enxaneta\/wp-content\/uploads\/usu1960\/2025\/03\/PEC-3-3.png\" alt=\"\" class=\"wp-image-4029\" srcset=\"https:\/\/agora.xtec.cat\/esc-enxaneta\/wp-content\/uploads\/usu1960\/2025\/03\/PEC-3-3.png 500w, https:\/\/agora.xtec.cat\/esc-enxaneta\/wp-content\/uploads\/usu1960\/2025\/03\/PEC-3-3-300x300.png 300w, https:\/\/agora.xtec.cat\/esc-enxaneta\/wp-content\/uploads\/usu1960\/2025\/03\/PEC-3-3-150x150.png 150w\" sizes=\"auto, (max-width: 500px) 100vw, 500px\" \/><\/figure>\n\n\n\n<figure class=\"wp-block-image size-full is-style-rounded\"><img loading=\"lazy\" decoding=\"async\" width=\"500\" height=\"500\" src=\"https:\/\/agora.xtec.cat\/esc-enxaneta\/wp-content\/uploads\/usu1960\/2025\/03\/PEC-3-2.png\" alt=\"\" class=\"wp-image-4028\" srcset=\"https:\/\/agora.xtec.cat\/esc-enxaneta\/wp-content\/uploads\/usu1960\/2025\/03\/PEC-3-2.png 500w, https:\/\/agora.xtec.cat\/esc-enxaneta\/wp-content\/uploads\/usu1960\/2025\/03\/PEC-3-2-300x300.png 300w, https:\/\/agora.xtec.cat\/esc-enxaneta\/wp-content\/uploads\/usu1960\/2025\/03\/PEC-3-2-150x150.png 150w\" sizes=\"auto, (max-width: 500px) 100vw, 500px\" \/><\/figure>\n\n\n\n<figure class=\"wp-block-image size-medium is-style-rounded\"><img loading=\"lazy\" decoding=\"async\" width=\"300\" height=\"300\" src=\"https:\/\/agora.xtec.cat\/esc-enxaneta\/wp-content\/uploads\/usu1960\/2025\/03\/PEC-3-1-300x300.png\" alt=\"\" class=\"wp-image-4027\" srcset=\"https:\/\/agora.xtec.cat\/esc-enxaneta\/wp-content\/uploads\/usu1960\/2025\/03\/PEC-3-1-300x300.png 300w, https:\/\/agora.xtec.cat\/esc-enxaneta\/wp-content\/uploads\/usu1960\/2025\/03\/PEC-3-1-150x150.png 150w, https:\/\/agora.xtec.cat\/esc-enxaneta\/wp-content\/uploads\/usu1960\/2025\/03\/PEC-3-1.png 500w\" sizes=\"auto, (max-width: 300px) 100vw, 300px\" \/><\/figure>\n<\/figure>\n\n\n\n<div class=\"wp-block-getwid-section\"><div class=\"wp-block-getwid-section__wrapper\" style=\"min-height:0px\"><div class=\"wp-block-getwid-section__inner-wrapper\"><div class=\"wp-block-getwid-section__background-holder\"><div class=\"wp-block-getwid-section__background\"><\/div><div class=\"wp-block-getwid-section__foreground\"><\/div><\/div><div class=\"wp-block-getwid-section__content\"><div class=\"wp-block-getwid-section__inner-content\"><\/div><\/div><\/div><\/div><\/div>\n<\/div><\/div><\/div><\/div><\/div>\n","protected":false},"excerpt":{"rendered":"<p>L\u2019equip actual est\u00e0 treballant en l\u2019elaboraci\u00f3 del nou PEC. L&#8217;estrat\u00e8gia digital de centre est\u00e0 en proc\u00e9s de revisi\u00f3 i actualitzaci\u00f3.<\/p>\n","protected":false},"author":1,"featured_media":0,"parent":0,"menu_order":0,"comment_status":"closed","ping_status":"close","template":"","meta":{"_bbp_topic_count":0,"_bbp_reply_count":0,"_bbp_total_topic_count":0,"_bbp_total_reply_count":0,"_bbp_voice_count":0,"_bbp_anonymous_reply_count":0,"_bbp_topic_count_hidden":0,"_bbp_reply_count_hidden":0,"_bbp_forum_subforum_count":0,"site-sidebar-layout":"default","site-content-layout":"","ast-site-content-layout":"","site-content-style":"default","site-sidebar-style":"default","ast-global-header-display":"","ast-banner-title-visibility":"","ast-main-header-display":"","ast-hfb-above-header-display":"","ast-hfb-below-header-display":"","ast-hfb-mobile-header-display":"","site-post-title":"","ast-breadcrumbs-content":"","ast-featured-img":"","footer-sml-layout":"","theme-transparent-header-meta":"","adv-header-id-meta":"","stick-header-meta":"","header-above-stick-meta":"","header-main-stick-meta":"","header-below-stick-meta":"","astra-migrate-meta-layouts":"default","ast-page-background-enabled":"default","ast-page-background-meta":{"desktop":{"background-color":"var(--ast-global-color-4)","background-image":"","background-repeat":"repeat","background-position":"center center","background-size":"auto","background-attachment":"scroll","background-type":"","background-media":"","overlay-type":"","overlay-color":"","overlay-opacity":"","overlay-gradient":""},"tablet":{"background-color":"","background-image":"","background-repeat":"repeat","background-position":"center center","background-size":"auto","background-attachment":"scroll","background-type":"","background-media":"","overlay-type":"","overlay-color":"","overlay-opacity":"","overlay-gradient":""},"mobile":{"background-color":"","background-image":"","background-repeat":"repeat","background-position":"center center","background-size":"auto","background-attachment":"scroll","background-type":"","background-media":"","overlay-type":"","overlay-color":"","overlay-opacity":"","overlay-gradient":""}},"ast-content-background-meta":{"desktop":{"background-color":"var(--ast-global-color-5)","background-image":"","background-repeat":"repeat","background-position":"center center","background-size":"auto","background-attachment":"scroll","background-type":"","background-media":"","overlay-type":"","overlay-color":"","overlay-opacity":"","overlay-gradient":""},"tablet":{"background-color":"var(--ast-global-color-5)","background-image":"","background-repeat":"repeat","background-position":"center center","background-size":"auto","background-attachment":"scroll","background-type":"","background-media":"","overlay-type":"","overlay-color":"","overlay-opacity":"","overlay-gradient":""},"mobile":{"background-color":"var(--ast-global-color-5)","background-image":"","background-repeat":"repeat","background-position":"center center","background-size":"auto","background-attachment":"scroll","background-type":"","background-media":"","overlay-type":"","overlay-color":"","overlay-opacity":"","overlay-gradient":""}},"footnotes":""},"class_list":["post-3895","page","type-page","status-publish","hentry"],"post_mailing_queue_ids":[],"_links":{"self":[{"href":"https:\/\/agora.xtec.cat\/esc-enxaneta\/wp-json\/wp\/v2\/pages\/3895","targetHints":{"allow":["GET"]}}],"collection":[{"href":"https:\/\/agora.xtec.cat\/esc-enxaneta\/wp-json\/wp\/v2\/pages"}],"about":[{"href":"https:\/\/agora.xtec.cat\/esc-enxaneta\/wp-json\/wp\/v2\/types\/page"}],"author":[{"embeddable":true,"href":"https:\/\/agora.xtec.cat\/esc-enxaneta\/wp-json\/wp\/v2\/users\/1"}],"replies":[{"embeddable":true,"href":"https:\/\/agora.xtec.cat\/esc-enxaneta\/wp-json\/wp\/v2\/comments?post=3895"}],"version-history":[{"count":6,"href":"https:\/\/agora.xtec.cat\/esc-enxaneta\/wp-json\/wp\/v2\/pages\/3895\/revisions"}],"predecessor-version":[{"id":4063,"href":"https:\/\/agora.xtec.cat\/esc-enxaneta\/wp-json\/wp\/v2\/pages\/3895\/revisions\/4063"}],"wp:attachment":[{"href":"https:\/\/agora.xtec.cat\/esc-enxaneta\/wp-json\/wp\/v2\/media?parent=3895"}],"curies":[{"name":"wp","href":"https:\/\/api.w.org\/{rel}","templated":true}]}}