{"id":3826,"date":"2024-06-19T14:10:46","date_gmt":"2024-06-19T12:10:46","guid":{"rendered":"https:\/\/agora.xtec.cat\/esc-enxaneta\/?page_id=3826"},"modified":"2024-06-19T15:03:32","modified_gmt":"2024-06-19T13:03:32","slug":"innovacio-i-premis","status":"publish","type":"page","link":"https:\/\/agora.xtec.cat\/esc-enxaneta\/innovacio-i-premis\/","title":{"rendered":"Innovaci\u00f3 i Premis"},"content":{"rendered":"<ul>\n<li><strong>Projecte d&#8217;Innovaci\u00f3 Pedag\u00f2gica<\/strong>: <em>Mikuyogui: <\/em>ioga educatiu i aprenentatge hol\u00edstic (2015-2020)<\/li>\n<\/ul>\n<p>&nbsp;<\/p>\n<ul>\n<li>Xarxa<strong> XEST<\/strong>: Xarxa d&#8217;Escoles per\u00a0 a la Sostenibilitat de Terrassa<\/li>\n<\/ul>\n<p>&nbsp;<\/p>\n<ul style=\"list-style-type: disc;\">\n<li>L&#8217;escola Enxaneta ha estat guardonada en la 8a edici\u00f3 dels <strong>Premis Escola, Agricultura i Alimentaci\u00f3 Ecol\u00f2gica<\/strong> (2020) pel projecte &#8216;Fem un mercat ecol\u00f2gic i sostenible a l&#8217;escola!&#8217;<\/li>\n<\/ul>\n<p>&nbsp;<\/p>\n<ul>\n<li>Programa d&#8217;Innovaci\u00f3<strong> PAcTE<\/strong> (2020-2024)<\/li>\n<\/ul>\n<p>&nbsp;<\/p>\n<ul>\n<li>Des del curs 2017-18 l&#8217;escola forma part de la <strong>XIEP<\/strong> (Xarxa d&#8217;Innovaci\u00f3 d&#8217;Escoles de Prim\u00e0ria)<\/li>\n<\/ul>\n","protected":false},"excerpt":{"rendered":"<p>Projecte d&#8217;Innovaci\u00f3 Pedag\u00f2gica: Mikuyogui: ioga educatiu i aprenentatge hol\u00edstic (2015-2020) &nbsp; Xarxa XEST: Xarxa d&#8217;Escoles per\u00a0 a la Sostenibilitat de Terrassa &nbsp; L&#8217;escola Enxaneta ha estat guardonada en la 8a edici\u00f3 dels Premis Escola, Agricultura i Alimentaci\u00f3 Ecol\u00f2gica (2020) pel projecte &#8216;Fem un mercat ecol\u00f2gic i sostenible a l&#8217;escola!&#8217; &nbsp; Programa d&#8217;Innovaci\u00f3 PAcTE (2020-2024) &nbsp; [&hellip;]<\/p>\n","protected":false},"author":1,"featured_media":0,"parent":0,"menu_order":0,"comment_status":"closed","ping_status":"closed","template":"","meta":{"_bbp_topic_count":0,"_bbp_reply_count":0,"_bbp_total_topic_count":0,"_bbp_total_reply_count":0,"_bbp_voice_count":0,"_bbp_anonymous_reply_count":0,"_bbp_topic_count_hidden":0,"_bbp_reply_count_hidden":0,"_bbp_forum_subforum_count":0,"site-sidebar-layout":"default","site-content-layout":"","ast-site-content-layout":"","site-content-style":"default","site-sidebar-style":"default","ast-global-header-display":"","ast-banner-title-visibility":"","ast-main-header-display":"","ast-hfb-above-header-display":"","ast-hfb-below-header-display":"","ast-hfb-mobile-header-display":"","site-post-title":"","ast-breadcrumbs-content":"","ast-featured-img":"","footer-sml-layout":"","theme-transparent-header-meta":"","adv-header-id-meta":"","stick-header-meta":"","header-above-stick-meta":"","header-main-stick-meta":"","header-below-stick-meta":"","astra-migrate-meta-layouts":"default","ast-page-background-enabled":"default","ast-page-background-meta":{"desktop":{"background-color":"var(--ast-global-color-4)","background-image":"","background-repeat":"repeat","background-position":"center center","background-size":"auto","background-attachment":"scroll","background-type":"","background-media":"","overlay-type":"","overlay-color":"","overlay-opacity":"","overlay-gradient":""},"tablet":{"background-color":"","background-image":"","background-repeat":"repeat","background-position":"center center","background-size":"auto","background-attachment":"scroll","background-type":"","background-media":"","overlay-type":"","overlay-color":"","overlay-opacity":"","overlay-gradient":""},"mobile":{"background-color":"","background-image":"","background-repeat":"repeat","background-position":"center center","background-size":"auto","background-attachment":"scroll","background-type":"","background-media":"","overlay-type":"","overlay-color":"","overlay-opacity":"","overlay-gradient":""}},"ast-content-background-meta":{"desktop":{"background-color":"var(--ast-global-color-5)","background-image":"","background-repeat":"repeat","background-position":"center center","background-size":"auto","background-attachment":"scroll","background-type":"","background-media":"","overlay-type":"","overlay-color":"","overlay-opacity":"","overlay-gradient":""},"tablet":{"background-color":"var(--ast-global-color-5)","background-image":"","background-repeat":"repeat","background-position":"center center","background-size":"auto","background-attachment":"scroll","background-type":"","background-media":"","overlay-type":"","overlay-color":"","overlay-opacity":"","overlay-gradient":""},"mobile":{"background-color":"var(--ast-global-color-5)","background-image":"","background-repeat":"repeat","background-position":"center center","background-size":"auto","background-attachment":"scroll","background-type":"","background-media":"","overlay-type":"","overlay-color":"","overlay-opacity":"","overlay-gradient":""}},"footnotes":""},"class_list":["post-3826","page","type-page","status-publish","hentry"],"post_mailing_queue_ids":[],"_links":{"self":[{"href":"https:\/\/agora.xtec.cat\/esc-enxaneta\/wp-json\/wp\/v2\/pages\/3826","targetHints":{"allow":["GET"]}}],"collection":[{"href":"https:\/\/agora.xtec.cat\/esc-enxaneta\/wp-json\/wp\/v2\/pages"}],"about":[{"href":"https:\/\/agora.xtec.cat\/esc-enxaneta\/wp-json\/wp\/v2\/types\/page"}],"author":[{"embeddable":true,"href":"https:\/\/agora.xtec.cat\/esc-enxaneta\/wp-json\/wp\/v2\/users\/1"}],"replies":[{"embeddable":true,"href":"https:\/\/agora.xtec.cat\/esc-enxaneta\/wp-json\/wp\/v2\/comments?post=3826"}],"version-history":[{"count":6,"href":"https:\/\/agora.xtec.cat\/esc-enxaneta\/wp-json\/wp\/v2\/pages\/3826\/revisions"}],"predecessor-version":[{"id":3833,"href":"https:\/\/agora.xtec.cat\/esc-enxaneta\/wp-json\/wp\/v2\/pages\/3826\/revisions\/3833"}],"wp:attachment":[{"href":"https:\/\/agora.xtec.cat\/esc-enxaneta\/wp-json\/wp\/v2\/media?parent=3826"}],"curies":[{"name":"wp","href":"https:\/\/api.w.org\/{rel}","templated":true}]}}