{"id":577,"date":"2021-05-19T10:26:15","date_gmt":"2021-05-19T08:26:15","guid":{"rendered":"https:\/\/agora.xtec.cat\/esc-emmshv\/?page_id=577"},"modified":"2025-10-29T19:07:05","modified_gmt":"2025-10-29T18:07:05","slug":"el-claustre-de-professors","status":"publish","type":"page","link":"https:\/\/agora.xtec.cat\/esc-emmshv\/el-claustre-de-professors\/","title":{"rendered":"El claustre de professors"},"content":{"rendered":"<p>Actualment sis professors\/es de diverses especialitats conformen el claustre de l&#8217;Escola Municipal de M\u00fasica de Sant Hip\u00f2lit de Voltreg\u00e0 als quals cal afegir el director del centre.<\/p>\n<p>Aquesta \u00e9s la composici\u00f3 del claustre del curs 2025\/26:<\/p>\n<table style=\"border-collapse: collapse; width: 100%;\">\n<tbody>\n<tr>\n<td style=\"width: 22.2904%; background-color: #0b98db;\"><span style=\"color: #ffffff;\"><strong>Carles Farr\u00e0s<\/strong><\/span><\/td>\n<td style=\"width: 77.7096%;\">Director<\/td>\n<\/tr>\n<tr>\n<td style=\"width: 22.2904%; background-color: #087eb6;\"><span style=\"color: #ffffff;\"><strong><span style=\"color: #ffffff;\">Rosa Olivella<\/span><br \/>\n<\/strong><\/span><\/td>\n<td style=\"width: 77.7096%;\">Coordinadora i professora de llenguatge, acordi\u00f3, piano, cant coral i cambra<\/td>\n<\/tr>\n<tr>\n<td style=\"width: 22.2904%; background-color: #0b98db;\"><span style=\"color: #ffffff;\"><strong><span style=\"color: #ffffff;\">Joan Molina<\/span><\/strong><\/span><\/td>\n<td style=\"width: 77.7096%;\">Coordinador i professor de bateria<\/td>\n<\/tr>\n<tr>\n<td style=\"width: 22.2904%; background-color: #087eb6;\"><span style=\"color: #ffffff;\"><strong><span style=\"color: #ffffff;\">Anna Sanabra<\/span><\/strong><\/span><\/td>\n<td style=\"width: 77.7096%;\">Professora de piano, llenguatge musical i cant coral<\/td>\n<\/tr>\n<tr>\n<td style=\"width: 22.2904%; background-color: #0b98db;\"><span style=\"color: #ffffff;\"><strong><span style=\"color: #ffffff;\">Jaume Grau<\/span><\/strong><\/span><\/td>\n<td style=\"width: 77.7096%;\">Professor de guitarra, trompeta i orquestra<\/td>\n<\/tr>\n<tr>\n<td style=\"width: 22.2904%; background-color: #087eb6;\"><span style=\"color: #ffffff;\"><strong><span style=\"color: #ffffff;\">Clara Arrey<\/span><\/strong><\/span><\/td>\n<td style=\"width: 77.7096%;\">Professora de clarinet i cant<\/td>\n<\/tr>\n<tr>\n<td style=\"width: 22.2904%; background-color: #0b98db;\"><span style=\"color: #ffffff;\"><strong><span style=\"color: #ffffff;\">Nahuel Colet<\/span><\/strong><\/span><\/td>\n<td style=\"width: 77.7096%;\">Professor de flauta travessera<\/td>\n<\/tr>\n<\/tbody>\n<\/table>\n<p>&nbsp;<\/p>\n","protected":false},"excerpt":{"rendered":"<p>Actualment sis professors\/es de diverses especialitats conformen el claustre de l&#8217;Escola Municipal de M\u00fasica de Sant Hip\u00f2lit de Voltreg\u00e0 als quals cal afegir el director del centre. Aquesta \u00e9s la composici\u00f3 del claustre del curs 2025\/26: Carles Farr\u00e0s Director Rosa Olivella Coordinadora i professora de llenguatge, acordi\u00f3, piano, cant coral i cambra Joan Molina Coordinador [&hellip;]<\/p>\n","protected":false},"author":1,"featured_media":0,"parent":0,"menu_order":0,"comment_status":"closed","ping_status":"closed","template":"","meta":{"_bbp_topic_count":0,"_bbp_reply_count":0,"_bbp_total_topic_count":0,"_bbp_total_reply_count":0,"_bbp_voice_count":0,"_bbp_anonymous_reply_count":0,"_bbp_topic_count_hidden":0,"_bbp_reply_count_hidden":0,"_bbp_forum_subforum_count":0,"site-sidebar-layout":"default","site-content-layout":"","ast-site-content-layout":"default","site-content-style":"default","site-sidebar-style":"default","ast-global-header-display":"","ast-banner-title-visibility":"","ast-main-header-display":"","ast-hfb-above-header-display":"","ast-hfb-below-header-display":"","ast-hfb-mobile-header-display":"","site-post-title":"","ast-breadcrumbs-content":"","ast-featured-img":"","footer-sml-layout":"","theme-transparent-header-meta":"default","adv-header-id-meta":"","stick-header-meta":"","header-above-stick-meta":"","header-main-stick-meta":"","header-below-stick-meta":"","astra-migrate-meta-layouts":"set","ast-page-background-enabled":"default","ast-page-background-meta":{"desktop":{"background-color":"var(--ast-global-color-4)","background-image":"","background-repeat":"repeat","background-position":"center center","background-size":"auto","background-attachment":"scroll","background-type":"","background-media":"","overlay-type":"","overlay-color":"","overlay-opacity":"","overlay-gradient":""},"tablet":{"background-color":"","background-image":"","background-repeat":"repeat","background-position":"center center","background-size":"auto","background-attachment":"scroll","background-type":"","background-media":"","overlay-type":"","overlay-color":"","overlay-opacity":"","overlay-gradient":""},"mobile":{"background-color":"","background-image":"","background-repeat":"repeat","background-position":"center center","background-size":"auto","background-attachment":"scroll","background-type":"","background-media":"","overlay-type":"","overlay-color":"","overlay-opacity":"","overlay-gradient":""}},"ast-content-background-meta":{"desktop":{"background-color":"var(--ast-global-color-5)","background-image":"","background-repeat":"repeat","background-position":"center center","background-size":"auto","background-attachment":"scroll","background-type":"","background-media":"","overlay-type":"","overlay-color":"","overlay-opacity":"","overlay-gradient":""},"tablet":{"background-color":"var(--ast-global-color-5)","background-image":"","background-repeat":"repeat","background-position":"center center","background-size":"auto","background-attachment":"scroll","background-type":"","background-media":"","overlay-type":"","overlay-color":"","overlay-opacity":"","overlay-gradient":""},"mobile":{"background-color":"var(--ast-global-color-5)","background-image":"","background-repeat":"repeat","background-position":"center center","background-size":"auto","background-attachment":"scroll","background-type":"","background-media":"","overlay-type":"","overlay-color":"","overlay-opacity":"","overlay-gradient":""}},"footnotes":""},"class_list":["post-577","page","type-page","status-publish","hentry"],"post_mailing_queue_ids":[],"_links":{"self":[{"href":"https:\/\/agora.xtec.cat\/esc-emmshv\/wp-json\/wp\/v2\/pages\/577","targetHints":{"allow":["GET"]}}],"collection":[{"href":"https:\/\/agora.xtec.cat\/esc-emmshv\/wp-json\/wp\/v2\/pages"}],"about":[{"href":"https:\/\/agora.xtec.cat\/esc-emmshv\/wp-json\/wp\/v2\/types\/page"}],"author":[{"embeddable":true,"href":"https:\/\/agora.xtec.cat\/esc-emmshv\/wp-json\/wp\/v2\/users\/1"}],"replies":[{"embeddable":true,"href":"https:\/\/agora.xtec.cat\/esc-emmshv\/wp-json\/wp\/v2\/comments?post=577"}],"version-history":[{"count":6,"href":"https:\/\/agora.xtec.cat\/esc-emmshv\/wp-json\/wp\/v2\/pages\/577\/revisions"}],"predecessor-version":[{"id":1250,"href":"https:\/\/agora.xtec.cat\/esc-emmshv\/wp-json\/wp\/v2\/pages\/577\/revisions\/1250"}],"wp:attachment":[{"href":"https:\/\/agora.xtec.cat\/esc-emmshv\/wp-json\/wp\/v2\/media?parent=577"}],"curies":[{"name":"wp","href":"https:\/\/api.w.org\/{rel}","templated":true}]}}