{"id":43,"date":"2014-09-17T16:45:07","date_gmt":"2014-09-17T16:45:07","guid":{"rendered":"http:\/\/agora.xtec.cat\/esc-emmshv\/?page_id=43"},"modified":"2025-11-19T17:04:33","modified_gmt":"2025-11-19T16:04:33","slug":"consell-escolar","status":"publish","type":"page","link":"https:\/\/agora.xtec.cat\/esc-emmshv\/lescola\/consell-escolar\/","title":{"rendered":"Consell escolar"},"content":{"rendered":"<p>\u00c9s l&#8217;\u00f2rgan de govern del centre i hi s\u00f3n representats els diferents sectors que constitueixen la comunitat educativa: L&#8217;ajuntament com a titular del centre, els professors, els alumnes i les fam\u00edlies.<\/p>\n<p>El Consell Escolar es regula per la Llei org\u00e0nica 9\/1995, de la participaci\u00f3, l\u2019avaluaci\u00f3 i el govern dels centres docents, per la Llei org\u00e0nica 10\/2002, de la qualitat de l\u2019educaci\u00f3, pel Decret 317\/2004, de 22 de juny, publicat al DOCGC n\u00fam. 4161, de 25 de juny de 2004 i pels reglaments org\u00e0nics corresponents<\/p>\n<p>Composici\u00f3:<\/p>\n<ul style=\"list-style-type: square;\">\n<li>El\/la Directora del centre, que en ser\u00e0 el\/la president\/a<\/li>\n<li>El\/la Cap d\u2019Estudis, que actuar\u00e0 com a secretari\/a<\/li>\n<li>Un\/a Regidor\/a o representant de l\u2019Ajuntament de Sant Hip\u00f2lit de Voltreg\u00e0<\/li>\n<li>Un nombre de professors\/es, elegits pel claustre, que no pot ser inferior a un ter\u00e7 del total dels components del consell.<\/li>\n<li>Dos representats dels pares, mares tutors\/es d&#8217;alumnes, (un d&#8217;ells ha de ser un membre designat per l&#8217;AFA)<\/li>\n<li>Dos representants dels alumnes<\/li>\n<li>Un\/a representant del personal d\u2019administraci\u00f3 i serveis del centre, elegit per, i entre aquest personal.<\/li>\n<\/ul>\n<p>&nbsp;<\/p>\n<p>Actualment formen el consell escolar de l&#8217;Escola Municipal de M\u00fasica de Sant Hip\u00f2lit les seg\u00fcents persones:<\/p>\n<ul>\n<li style=\"list-style-type: none;\">\n<ul style=\"list-style-type: square;\">\n<li><strong>Miquel Viladelbosch<\/strong>, regidora d&#8217;educaci\u00f3 de l&#8217;ajuntament de Sant Hip\u00f2lit<\/li>\n<li><strong>Carles Farr\u00e0s<\/strong>, director de l&#8217;Escola<\/li>\n<li><strong> Rosa Olivella i Joan Molina<\/strong>, coordinadors i professors de l&#8217;Escola<\/li>\n<li><strong>Gemma Rabionet<\/strong>, en representaci\u00f3 de pares, mares i tutors de l&#8217;Escola<\/li>\n<li><strong>N\u00faria Pujol,<\/strong> en representaci\u00f3 de pares, mares i tutors de l&#8217;Escola<\/li>\n<li><strong>Anna Sanabra<\/strong>, professora\u00a0 de l&#8217;Escola<\/li>\n<li><strong>Jaume Grau<\/strong>, professor de l&#8217;Escola<\/li>\n<li><strong>Ferran Serra<\/strong>, en representaci\u00f3 del PAS<\/li>\n<li>\u00a0en representaci\u00f3 dels alumnes de l&#8217;Escola<\/li>\n<\/ul>\n<\/li>\n<\/ul>\n","protected":false},"excerpt":{"rendered":"<p>\u00c9s l&#8217;\u00f2rgan de govern del centre i hi s\u00f3n representats els diferents sectors que constitueixen la comunitat educativa: L&#8217;ajuntament com a titular del centre, els professors, els alumnes i les fam\u00edlies. El Consell Escolar es regula per la Llei org\u00e0nica 9\/1995, de la participaci\u00f3, l\u2019avaluaci\u00f3 i el govern dels centres docents, per la Llei org\u00e0nica [&hellip;]<\/p>\n","protected":false},"author":1,"featured_media":0,"parent":19,"menu_order":40,"comment_status":"closed","ping_status":"closed","template":"","meta":{"_bbp_topic_count":0,"_bbp_reply_count":0,"_bbp_total_topic_count":0,"_bbp_total_reply_count":0,"_bbp_voice_count":0,"_bbp_anonymous_reply_count":0,"_bbp_topic_count_hidden":0,"_bbp_reply_count_hidden":0,"_bbp_forum_subforum_count":0,"site-sidebar-layout":"default","site-content-layout":"","ast-site-content-layout":"default","site-content-style":"default","site-sidebar-style":"default","ast-global-header-display":"","ast-banner-title-visibility":"","ast-main-header-display":"","ast-hfb-above-header-display":"","ast-hfb-below-header-display":"","ast-hfb-mobile-header-display":"","site-post-title":"","ast-breadcrumbs-content":"","ast-featured-img":"","footer-sml-layout":"","theme-transparent-header-meta":"default","adv-header-id-meta":"","stick-header-meta":"","header-above-stick-meta":"","header-main-stick-meta":"","header-below-stick-meta":"","astra-migrate-meta-layouts":"set","ast-page-background-enabled":"default","ast-page-background-meta":{"desktop":{"background-color":"var(--ast-global-color-4)","background-image":"","background-repeat":"repeat","background-position":"center center","background-size":"auto","background-attachment":"scroll","background-type":"","background-media":"","overlay-type":"","overlay-color":"","overlay-opacity":"","overlay-gradient":""},"tablet":{"background-color":"","background-image":"","background-repeat":"repeat","background-position":"center center","background-size":"auto","background-attachment":"scroll","background-type":"","background-media":"","overlay-type":"","overlay-color":"","overlay-opacity":"","overlay-gradient":""},"mobile":{"background-color":"","background-image":"","background-repeat":"repeat","background-position":"center center","background-size":"auto","background-attachment":"scroll","background-type":"","background-media":"","overlay-type":"","overlay-color":"","overlay-opacity":"","overlay-gradient":""}},"ast-content-background-meta":{"desktop":{"background-color":"var(--ast-global-color-5)","background-image":"","background-repeat":"repeat","background-position":"center center","background-size":"auto","background-attachment":"scroll","background-type":"","background-media":"","overlay-type":"","overlay-color":"","overlay-opacity":"","overlay-gradient":""},"tablet":{"background-color":"var(--ast-global-color-5)","background-image":"","background-repeat":"repeat","background-position":"center center","background-size":"auto","background-attachment":"scroll","background-type":"","background-media":"","overlay-type":"","overlay-color":"","overlay-opacity":"","overlay-gradient":""},"mobile":{"background-color":"var(--ast-global-color-5)","background-image":"","background-repeat":"repeat","background-position":"center center","background-size":"auto","background-attachment":"scroll","background-type":"","background-media":"","overlay-type":"","overlay-color":"","overlay-opacity":"","overlay-gradient":""}},"footnotes":""},"class_list":["post-43","page","type-page","status-publish","hentry"],"post_mailing_queue_ids":[],"_links":{"self":[{"href":"https:\/\/agora.xtec.cat\/esc-emmshv\/wp-json\/wp\/v2\/pages\/43","targetHints":{"allow":["GET"]}}],"collection":[{"href":"https:\/\/agora.xtec.cat\/esc-emmshv\/wp-json\/wp\/v2\/pages"}],"about":[{"href":"https:\/\/agora.xtec.cat\/esc-emmshv\/wp-json\/wp\/v2\/types\/page"}],"author":[{"embeddable":true,"href":"https:\/\/agora.xtec.cat\/esc-emmshv\/wp-json\/wp\/v2\/users\/1"}],"replies":[{"embeddable":true,"href":"https:\/\/agora.xtec.cat\/esc-emmshv\/wp-json\/wp\/v2\/comments?post=43"}],"version-history":[{"count":7,"href":"https:\/\/agora.xtec.cat\/esc-emmshv\/wp-json\/wp\/v2\/pages\/43\/revisions"}],"predecessor-version":[{"id":1261,"href":"https:\/\/agora.xtec.cat\/esc-emmshv\/wp-json\/wp\/v2\/pages\/43\/revisions\/1261"}],"up":[{"embeddable":true,"href":"https:\/\/agora.xtec.cat\/esc-emmshv\/wp-json\/wp\/v2\/pages\/19"}],"wp:attachment":[{"href":"https:\/\/agora.xtec.cat\/esc-emmshv\/wp-json\/wp\/v2\/media?parent=43"}],"curies":[{"name":"wp","href":"https:\/\/api.w.org\/{rel}","templated":true}]}}