{"id":19,"date":"2014-09-17T14:56:56","date_gmt":"2014-09-17T14:56:56","guid":{"rendered":"http:\/\/agora.xtec.cat\/esc-emmshv\/?page_id=19"},"modified":"2025-10-30T17:47:11","modified_gmt":"2025-10-30T16:47:11","slug":"lescola","status":"publish","type":"page","link":"https:\/\/agora.xtec.cat\/esc-emmshv\/lescola\/","title":{"rendered":"L&#8217;Escola"},"content":{"rendered":"<p data-wp-editing=\"1\">L\u2019Escola Municipal de M\u00fasica de Sant Hip\u00f2lit de Voltreg\u00e0 \u00e9s un centre de\u00a0 titularitat municipal reconegut per la Generalitat de Catalunya amb m\u00e9s de 40 anys d\u2019hist\u00f2ria, obert a totes les persones que tenen inter\u00e8s en formar-se i relacionar-se amb la m\u00fasica tot gaudint-ne. L\u2019Escola de M\u00fasica, oberta a tot el voltragan\u00e8s, ofereix diferents possibilitats de formaci\u00f3 que s\u2019adeq\u00fcen a les edats, necessitats i interessos de cadasc\u00fa.<\/p>\n<p><a href=\"https:\/\/agora.xtec.cat\/esc-emmshv\/wp-content\/uploads\/usu2532\/2025\/10\/Ateneu.jpg\"><img loading=\"lazy\" decoding=\"async\" class=\"wp-image-1251 alignleft\" src=\"https:\/\/agora.xtec.cat\/esc-emmshv\/wp-content\/uploads\/usu2532\/2025\/10\/Ateneu.jpg\" alt=\"\" width=\"301\" height=\"401\" srcset=\"https:\/\/agora.xtec.cat\/esc-emmshv\/wp-content\/uploads\/usu2532\/2025\/10\/Ateneu.jpg 1536w, https:\/\/agora.xtec.cat\/esc-emmshv\/wp-content\/uploads\/usu2532\/2025\/10\/Ateneu-225x300.jpg 225w, https:\/\/agora.xtec.cat\/esc-emmshv\/wp-content\/uploads\/usu2532\/2025\/10\/Ateneu-768x1024.jpg 768w, https:\/\/agora.xtec.cat\/esc-emmshv\/wp-content\/uploads\/usu2532\/2025\/10\/Ateneu-1152x1536.jpg 1152w\" sizes=\"auto, (max-width: 301px) 100vw, 301px\" \/><\/a>Aix\u00ed, l\u2019escola ofereix classes de sensibilitzaci\u00f3 musical a alumnes a partir d&#8217;I4 fins a alumnes adults que estan ja fora de l\u2019edat escolar.<\/p>\n<p>Amb una oferta formativa oberta i transversal, l\u2019Escola de M\u00fasica tamb\u00e9 centra l\u2019atenci\u00f3 en els alumnes de 6 a 12 any (nivell elemental) als quals encamina cap a les proves d\u2019acc\u00e9s als conservatoris de refer\u00e8ncia i en els de 12 a 18 anys (nivell mig) als quals segueix donant formaci\u00f3.<\/p>\n<p>L\u2019escola fomenta especialment la pr\u00e0ctica de la m\u00fasica de conjunt com a element motivacional i socialitzador, promovent diferents grups i formacions, corals i instrumentals i cambres donant la possibilitat als alumnes de realitzar actuacions i concerts davant de p\u00fablic.<\/p>\n<p>Amb la missi\u00f3 de donar oferta formativa als seus alumnes i de contribuir al desenvolupament de p\u00fablics per a la m\u00fasica i la cultura, actualment l\u2019escola ofereix classes de llenguatge musical, cant coral, piano ( cl\u00e0ssic i modern), flauta travessera, guitarra, acordi\u00f3, trompeta, guitarra el\u00e8ctrica, baix el\u00e8ctric, bateria, flauta travessera, clarinet, cambres i orquestra.<\/p>\n","protected":false},"excerpt":{"rendered":"<p>L\u2019Escola Municipal de M\u00fasica de Sant Hip\u00f2lit de Voltreg\u00e0 \u00e9s un centre de\u00a0 titularitat municipal reconegut per la Generalitat de Catalunya amb m\u00e9s de 40 anys d\u2019hist\u00f2ria, obert a totes les persones que tenen inter\u00e8s en formar-se i relacionar-se amb la m\u00fasica tot gaudint-ne. L\u2019Escola de M\u00fasica, oberta a tot el voltragan\u00e8s, ofereix diferents possibilitats [&hellip;]<\/p>\n","protected":false},"author":1,"featured_media":0,"parent":0,"menu_order":0,"comment_status":"closed","ping_status":"closed","template":"","meta":{"_bbp_topic_count":0,"_bbp_reply_count":0,"_bbp_total_topic_count":0,"_bbp_total_reply_count":0,"_bbp_voice_count":0,"_bbp_anonymous_reply_count":0,"_bbp_topic_count_hidden":0,"_bbp_reply_count_hidden":0,"_bbp_forum_subforum_count":0,"site-sidebar-layout":"default","site-content-layout":"","ast-site-content-layout":"default","site-content-style":"default","site-sidebar-style":"default","ast-global-header-display":"","ast-banner-title-visibility":"","ast-main-header-display":"","ast-hfb-above-header-display":"","ast-hfb-below-header-display":"","ast-hfb-mobile-header-display":"","site-post-title":"","ast-breadcrumbs-content":"","ast-featured-img":"","footer-sml-layout":"","theme-transparent-header-meta":"default","adv-header-id-meta":"","stick-header-meta":"","header-above-stick-meta":"","header-main-stick-meta":"","header-below-stick-meta":"","astra-migrate-meta-layouts":"set","ast-page-background-enabled":"default","ast-page-background-meta":{"desktop":{"background-color":"var(--ast-global-color-4)","background-image":"","background-repeat":"repeat","background-position":"center center","background-size":"auto","background-attachment":"scroll","background-type":"","background-media":"","overlay-type":"","overlay-color":"","overlay-opacity":"","overlay-gradient":""},"tablet":{"background-color":"","background-image":"","background-repeat":"repeat","background-position":"center center","background-size":"auto","background-attachment":"scroll","background-type":"","background-media":"","overlay-type":"","overlay-color":"","overlay-opacity":"","overlay-gradient":""},"mobile":{"background-color":"","background-image":"","background-repeat":"repeat","background-position":"center center","background-size":"auto","background-attachment":"scroll","background-type":"","background-media":"","overlay-type":"","overlay-color":"","overlay-opacity":"","overlay-gradient":""}},"ast-content-background-meta":{"desktop":{"background-color":"var(--ast-global-color-5)","background-image":"","background-repeat":"repeat","background-position":"center center","background-size":"auto","background-attachment":"scroll","background-type":"","background-media":"","overlay-type":"","overlay-color":"","overlay-opacity":"","overlay-gradient":""},"tablet":{"background-color":"var(--ast-global-color-5)","background-image":"","background-repeat":"repeat","background-position":"center center","background-size":"auto","background-attachment":"scroll","background-type":"","background-media":"","overlay-type":"","overlay-color":"","overlay-opacity":"","overlay-gradient":""},"mobile":{"background-color":"var(--ast-global-color-5)","background-image":"","background-repeat":"repeat","background-position":"center center","background-size":"auto","background-attachment":"scroll","background-type":"","background-media":"","overlay-type":"","overlay-color":"","overlay-opacity":"","overlay-gradient":""}},"footnotes":""},"class_list":["post-19","page","type-page","status-publish","hentry"],"post_mailing_queue_ids":[],"_links":{"self":[{"href":"https:\/\/agora.xtec.cat\/esc-emmshv\/wp-json\/wp\/v2\/pages\/19","targetHints":{"allow":["GET"]}}],"collection":[{"href":"https:\/\/agora.xtec.cat\/esc-emmshv\/wp-json\/wp\/v2\/pages"}],"about":[{"href":"https:\/\/agora.xtec.cat\/esc-emmshv\/wp-json\/wp\/v2\/types\/page"}],"author":[{"embeddable":true,"href":"https:\/\/agora.xtec.cat\/esc-emmshv\/wp-json\/wp\/v2\/users\/1"}],"replies":[{"embeddable":true,"href":"https:\/\/agora.xtec.cat\/esc-emmshv\/wp-json\/wp\/v2\/comments?post=19"}],"version-history":[{"count":6,"href":"https:\/\/agora.xtec.cat\/esc-emmshv\/wp-json\/wp\/v2\/pages\/19\/revisions"}],"predecessor-version":[{"id":1253,"href":"https:\/\/agora.xtec.cat\/esc-emmshv\/wp-json\/wp\/v2\/pages\/19\/revisions\/1253"}],"wp:attachment":[{"href":"https:\/\/agora.xtec.cat\/esc-emmshv\/wp-json\/wp\/v2\/media?parent=19"}],"curies":[{"name":"wp","href":"https:\/\/api.w.org\/{rel}","templated":true}]}}