{"id":77,"date":"2014-09-18T14:05:08","date_gmt":"2014-09-18T13:05:08","guid":{"rendered":"http:\/\/agora.xtec.cat\/esc-elvalles\/?page_id=77"},"modified":"2026-01-20T16:26:07","modified_gmt":"2026-01-20T15:26:07","slug":"acollida","status":"publish","type":"page","link":"https:\/\/agora.xtec.cat\/esc-elvalles\/serveis\/acollida\/","title":{"rendered":"Acollida matinal"},"content":{"rendered":"<div><\/div>\n<p><img loading=\"lazy\" decoding=\"async\" class=\"alignleft wp-image-2499\" src=\"https:\/\/agora.xtec.cat\/esc-elvalles\/wp-content\/uploads\/usu597\/2025\/12\/Captura-de-pantalla-2025-12-11-130857-295x300.png\" alt=\"\" width=\"252\" height=\"257\" srcset=\"https:\/\/agora.xtec.cat\/esc-elvalles\/wp-content\/uploads\/usu597\/2025\/12\/Captura-de-pantalla-2025-12-11-130857-295x300.png 295w, https:\/\/agora.xtec.cat\/esc-elvalles\/wp-content\/uploads\/usu597\/2025\/12\/Captura-de-pantalla-2025-12-11-130857.png 387w\" sizes=\"auto, (max-width: 252px) 100vw, 252px\" \/>L&#8217;acollida matinal \u00e9s a c\u00e0rrec de <a href=\"https:\/\/www.einacooperativa.coop\/\"><strong>l&#8217;Eina cooperativa<\/strong><\/a>. Aqu\u00ed es pot trobar m\u00e9s <a href=\"https:\/\/www.einacooperativa.coop\/a-matinal-i-extraescolars-2025-26\/escola-el-vall%C3%A8s\/\">informaci\u00f3.<\/a><\/p>\n<p align=\"justify\">Aquesta activitat es desenvolupa de 8 a 9 hores del mat\u00ed i abasta tots els dies lectius.<\/p>\n<p align=\"justify\">La nostra escola ofereix aquest servei per tal de donar resposta a la conciliaci\u00f3 de la vida familiar i laboral de les fam\u00edlies, que de manera regular o espor\u00e0dica, necessiten que acollim els seus fills i filles abans de comen\u00e7ar l\u2019horari de classe de mat\u00ed.<\/p>\n<p align=\"justify\">El servei \u00e9s gestionat per l&#8217;Eina Cooperativa. <span style=\"font-weight: 400;\">Per fer \u00fas d\u2019aquest servei heu d\u2019enviar un correu electr\u00f2nic a: activitats@einacooperativa.coop.<\/span><\/p>\n","protected":false},"excerpt":{"rendered":"<p>L&#8217;acollida matinal \u00e9s a c\u00e0rrec de <a href=\"https:\/\/www.einacooperativa.coop\/\">l&#8217;Eina cooperativa<\/a>. Aqu\u00ed es pot trobar m\u00e9s <a href=\"https:\/\/www.einacooperativa.coop\/a-matinal-i-extraescolars-2025-26\/escola-el-vall%C3%A8s\/\">informaci\u00f3.<\/a><br \/>\nAquesta activitat es desenvolupa de 8 a 9 hores del mat\u00ed i abasta tots els dies lectius.<br \/>\nLa nostra escola ofereix aquest servei per tal de donar resposta a la conciliaci\u00f3&hellip;  <a href=\"https:\/\/agora.xtec.cat\/esc-elvalles\/serveis\/acollida\/\" title=\"Read Acollida matinal\">Llegeix m\u00e9s\u00bb<\/a><\/p>\n","protected":false},"author":1,"featured_media":0,"parent":66,"menu_order":20,"comment_status":"closed","ping_status":"closed","template":"page-templates\/side-menu.php","meta":{"_bbp_topic_count":0,"_bbp_reply_count":0,"_bbp_total_topic_count":0,"_bbp_total_reply_count":0,"_bbp_voice_count":0,"_bbp_anonymous_reply_count":0,"_bbp_topic_count_hidden":0,"_bbp_reply_count_hidden":0,"_bbp_forum_subforum_count":0,"footnotes":""},"class_list":["post-77","page","type-page","status-publish","hentry"],"post_mailing_queue_ids":[],"_links":{"self":[{"href":"https:\/\/agora.xtec.cat\/esc-elvalles\/wp-json\/wp\/v2\/pages\/77","targetHints":{"allow":["GET"]}}],"collection":[{"href":"https:\/\/agora.xtec.cat\/esc-elvalles\/wp-json\/wp\/v2\/pages"}],"about":[{"href":"https:\/\/agora.xtec.cat\/esc-elvalles\/wp-json\/wp\/v2\/types\/page"}],"author":[{"embeddable":true,"href":"https:\/\/agora.xtec.cat\/esc-elvalles\/wp-json\/wp\/v2\/users\/1"}],"replies":[{"embeddable":true,"href":"https:\/\/agora.xtec.cat\/esc-elvalles\/wp-json\/wp\/v2\/comments?post=77"}],"version-history":[{"count":6,"href":"https:\/\/agora.xtec.cat\/esc-elvalles\/wp-json\/wp\/v2\/pages\/77\/revisions"}],"predecessor-version":[{"id":2542,"href":"https:\/\/agora.xtec.cat\/esc-elvalles\/wp-json\/wp\/v2\/pages\/77\/revisions\/2542"}],"up":[{"embeddable":true,"href":"https:\/\/agora.xtec.cat\/esc-elvalles\/wp-json\/wp\/v2\/pages\/66"}],"wp:attachment":[{"href":"https:\/\/agora.xtec.cat\/esc-elvalles\/wp-json\/wp\/v2\/media?parent=77"}],"curies":[{"name":"wp","href":"https:\/\/api.w.org\/{rel}","templated":true}]}}