{"id":22,"date":"2014-09-18T12:19:57","date_gmt":"2014-09-18T11:19:57","guid":{"rendered":"http:\/\/agora.xtec.cat\/esc-elvalles\/?page_id=22"},"modified":"2025-11-06T13:23:26","modified_gmt":"2025-11-06T12:23:26","slug":"lescola","status":"publish","type":"page","link":"https:\/\/agora.xtec.cat\/esc-elvalles\/lescola\/","title":{"rendered":"L&#8217;escola"},"content":{"rendered":"<p><img loading=\"lazy\" decoding=\"async\" class=\"size-medium wp-image-2445 alignright\" src=\"https:\/\/agora.xtec.cat\/esc-elvalles\/wp-content\/uploads\/usu597\/2025\/11\/Escola-El-Valles-2-300x169.jpg\" alt=\"\" width=\"300\" height=\"169\" srcset=\"https:\/\/agora.xtec.cat\/esc-elvalles\/wp-content\/uploads\/usu597\/2025\/11\/Escola-El-Valles-2-300x169.jpg 300w, https:\/\/agora.xtec.cat\/esc-elvalles\/wp-content\/uploads\/usu597\/2025\/11\/Escola-El-Valles-2-768x432.jpg 768w, https:\/\/agora.xtec.cat\/esc-elvalles\/wp-content\/uploads\/usu597\/2025\/11\/Escola-El-Valles-2.jpg 1013w\" sizes=\"auto, (max-width: 300px) 100vw, 300px\" \/><\/p>\n<p>L\u2019escola \u00e9s un Centre P\u00fablic d\u2019Educaci\u00f3 Infantil i Prim\u00e0ria que dep\u00e8n del Departament d\u2019Ensenyament de la Generalitat de Catalunya.<\/p>\n<p>L\u2019escola es defineix com a plural, oberta i respectuosa amb les diferents maneres de pensar, afavorint la conviv\u00e8ncia i la comunicaci\u00f3 entre les persones, sense discriminar a ning\u00fa per ra\u00f3 de sexe, religi\u00f3, \u00e8tnia, difer\u00e8ncia social,&#8230;<\/p>\n<p>El Projecte Ling\u00fc\u00edstic del centre est\u00e0 orientat cap a la integraci\u00f3 de l\u2019alumnat en la llengua i la cultura catalana. El catal\u00e0 \u00e9s la llengua de comunicaci\u00f3 i d\u2019aprenentatge. S\u2019introdueix el treball de la llengua castellana a partir de 1r d\u2019Educaci\u00f3 Prim\u00e0ria. L\u2019objectiu de l\u2019escola \u00e9s garantir el coneixement de les dues lleng\u00fces al final de l\u2019escolaritat. La llengua estrangera que s\u2019ensenya a l\u2019escola \u00e9s l\u2019angl\u00e8s, que s\u2019inicia a I4.<\/p>\n<p>La l\u00ednia metodol\u00f2gica de l\u2019escola es fonamenta en un tracte personalitzat, respectant els diferents ritmes d\u2019aprenentatge de l\u2019alumnat i les difer\u00e8ncies individuals, buscant sempre sistemes que donin resposta a la diversitat. Valorem la participaci\u00f3 de l\u2019alumnat en el seu propi aprenentatge, fomentant l\u2019esperit cr\u00edtic, apropant-lo a la realitat per tal que els seus aprenentatges siguin m\u00e9s significatius i motivadors.<\/p>\n<p>L\u2019educaci\u00f3 dels nens i nenes no comen\u00e7a ni acaba dins el centre educatiu i \u00e9s per aix\u00f2 que escola i fam\u00edlia han de treballar conjuntament amb coher\u00e8ncia d\u2019actuacions. La comunicaci\u00f3 entre tots, els que formem part de la comunitat educativa, fam\u00edlia, escola, barri&#8230;<\/p>\n<p>\u00c9s un dels nostres objectius per tal d\u2019aconseguir treballar en la formaci\u00f3 de persones preparades per afrontar els reptes del futur.<\/p>\n","protected":false},"excerpt":{"rendered":"<p>L\u2019escola \u00e9s un Centre P\u00fablic d\u2019Educaci\u00f3 Infantil i Prim\u00e0ria que dep\u00e8n del Departament d\u2019Ensenyament de la Generalitat de Catalunya.<br \/>\nL\u2019escola es defineix com a plural, oberta i respectuosa amb les diferents maneres de pensar, afavorint la conviv\u00e8ncia i la comunicaci\u00f3 entre les persones, sense discriminar a&hellip;  <a href=\"https:\/\/agora.xtec.cat\/esc-elvalles\/lescola\/\" title=\"Read L&#8217;escola\">Llegeix m\u00e9s\u00bb<\/a><\/p>\n","protected":false},"author":1,"featured_media":0,"parent":0,"menu_order":0,"comment_status":"closed","ping_status":"closed","template":"page-templates\/side-menu.php","meta":{"_bbp_topic_count":0,"_bbp_reply_count":0,"_bbp_total_topic_count":0,"_bbp_total_reply_count":0,"_bbp_voice_count":0,"_bbp_anonymous_reply_count":0,"_bbp_topic_count_hidden":0,"_bbp_reply_count_hidden":0,"_bbp_forum_subforum_count":0,"footnotes":""},"class_list":["post-22","page","type-page","status-publish","hentry"],"post_mailing_queue_ids":[],"_links":{"self":[{"href":"https:\/\/agora.xtec.cat\/esc-elvalles\/wp-json\/wp\/v2\/pages\/22","targetHints":{"allow":["GET"]}}],"collection":[{"href":"https:\/\/agora.xtec.cat\/esc-elvalles\/wp-json\/wp\/v2\/pages"}],"about":[{"href":"https:\/\/agora.xtec.cat\/esc-elvalles\/wp-json\/wp\/v2\/types\/page"}],"author":[{"embeddable":true,"href":"https:\/\/agora.xtec.cat\/esc-elvalles\/wp-json\/wp\/v2\/users\/1"}],"replies":[{"embeddable":true,"href":"https:\/\/agora.xtec.cat\/esc-elvalles\/wp-json\/wp\/v2\/comments?post=22"}],"version-history":[{"count":5,"href":"https:\/\/agora.xtec.cat\/esc-elvalles\/wp-json\/wp\/v2\/pages\/22\/revisions"}],"predecessor-version":[{"id":2448,"href":"https:\/\/agora.xtec.cat\/esc-elvalles\/wp-json\/wp\/v2\/pages\/22\/revisions\/2448"}],"wp:attachment":[{"href":"https:\/\/agora.xtec.cat\/esc-elvalles\/wp-json\/wp\/v2\/media?parent=22"}],"curies":[{"name":"wp","href":"https:\/\/api.w.org\/{rel}","templated":true}]}}