{"id":1426,"date":"2021-01-22T18:55:02","date_gmt":"2021-01-22T17:55:02","guid":{"rendered":"https:\/\/agora.xtec.cat\/esc-elvalles\/?page_id=1426"},"modified":"2026-01-21T11:22:06","modified_gmt":"2026-01-21T10:22:06","slug":"cmiat","status":"publish","type":"page","link":"https:\/\/agora.xtec.cat\/esc-elvalles\/participacio\/cmiat\/","title":{"rendered":"CMIAT"},"content":{"rendered":"<p><img loading=\"lazy\" decoding=\"async\" class=\"alignleft size-medium wp-image-2553\" src=\"https:\/\/agora.xtec.cat\/esc-elvalles\/wp-content\/uploads\/usu597\/2026\/01\/1-300x183.png\" alt=\"\" width=\"300\" height=\"183\" srcset=\"https:\/\/agora.xtec.cat\/esc-elvalles\/wp-content\/uploads\/usu597\/2026\/01\/1-300x183.png 300w, https:\/\/agora.xtec.cat\/esc-elvalles\/wp-content\/uploads\/usu597\/2026\/01\/1.png 502w\" sizes=\"auto, (max-width: 300px) 100vw, 300px\" \/>La nostra escola est\u00e0 adherida al <a href=\"https:\/\/labaumann.cat\/cmiat\/\">CMIAT<\/a> (Consell Municipal de la Inf\u00e0ncia i l&#8217;Adolesc\u00e8ncia de Terrassa).<\/p>\n<p>L\u2019alumnat que participa \u00e9s de 5\u00e8 i 6\u00e8 (un\/a representant de cada classe) que, com a portaveus, assisteixen a les reunions i traslladen al centre el contingut de les mateixes.<\/p>\n","protected":false},"excerpt":{"rendered":"<p>La nostra escola est\u00e0 adherida al <a href=\"https:\/\/labaumann.cat\/cmiat\/\">CMIAT<\/a> (Consell Municipal de la Inf\u00e0ncia i l&#8217;Adolesc\u00e8ncia de Terrassa).<br \/>\nL\u2019alumnat que participa \u00e9s de 5\u00e8 i 6\u00e8 (un\/a representant de cada classe) que, com a portaveus, assisteixen a les reunions i traslladen al centre el contingut de les&hellip;  <a href=\"https:\/\/agora.xtec.cat\/esc-elvalles\/participacio\/cmiat\/\" title=\"Read CMIAT\">Llegeix m\u00e9s\u00bb<\/a><\/p>\n","protected":false},"author":1,"featured_media":0,"parent":1416,"menu_order":0,"comment_status":"closed","ping_status":"closed","template":"page-templates\/side-menu.php","meta":{"_bbp_topic_count":0,"_bbp_reply_count":0,"_bbp_total_topic_count":0,"_bbp_total_reply_count":0,"_bbp_voice_count":0,"_bbp_anonymous_reply_count":0,"_bbp_topic_count_hidden":0,"_bbp_reply_count_hidden":0,"_bbp_forum_subforum_count":0,"footnotes":""},"class_list":["post-1426","page","type-page","status-publish","hentry"],"post_mailing_queue_ids":[],"_links":{"self":[{"href":"https:\/\/agora.xtec.cat\/esc-elvalles\/wp-json\/wp\/v2\/pages\/1426","targetHints":{"allow":["GET"]}}],"collection":[{"href":"https:\/\/agora.xtec.cat\/esc-elvalles\/wp-json\/wp\/v2\/pages"}],"about":[{"href":"https:\/\/agora.xtec.cat\/esc-elvalles\/wp-json\/wp\/v2\/types\/page"}],"author":[{"embeddable":true,"href":"https:\/\/agora.xtec.cat\/esc-elvalles\/wp-json\/wp\/v2\/users\/1"}],"replies":[{"embeddable":true,"href":"https:\/\/agora.xtec.cat\/esc-elvalles\/wp-json\/wp\/v2\/comments?post=1426"}],"version-history":[{"count":6,"href":"https:\/\/agora.xtec.cat\/esc-elvalles\/wp-json\/wp\/v2\/pages\/1426\/revisions"}],"predecessor-version":[{"id":1481,"href":"https:\/\/agora.xtec.cat\/esc-elvalles\/wp-json\/wp\/v2\/pages\/1426\/revisions\/1481"}],"up":[{"embeddable":true,"href":"https:\/\/agora.xtec.cat\/esc-elvalles\/wp-json\/wp\/v2\/pages\/1416"}],"wp:attachment":[{"href":"https:\/\/agora.xtec.cat\/esc-elvalles\/wp-json\/wp\/v2\/media?parent=1426"}],"curies":[{"name":"wp","href":"https:\/\/api.w.org\/{rel}","templated":true}]}}