{"id":1422,"date":"2021-01-22T18:53:55","date_gmt":"2021-01-22T17:53:55","guid":{"rendered":"https:\/\/agora.xtec.cat\/esc-elvalles\/?page_id=1422"},"modified":"2026-01-21T11:20:23","modified_gmt":"2026-01-21T10:20:23","slug":"trobada-families-delegades","status":"publish","type":"page","link":"https:\/\/agora.xtec.cat\/esc-elvalles\/participacio\/trobada-families-delegades\/","title":{"rendered":"Fam\u00edlies delegades"},"content":{"rendered":"<p style=\"text-align: justify;\"><span style=\"font-weight: 400;\"><img loading=\"lazy\" decoding=\"async\" class=\"alignleft size-medium wp-image-2493\" src=\"https:\/\/agora.xtec.cat\/esc-elvalles\/wp-content\/uploads\/usu597\/2025\/11\/Captura-de-pantalla-2025-11-06-151026-300x268.png\" alt=\"\" width=\"300\" height=\"268\" srcset=\"https:\/\/agora.xtec.cat\/esc-elvalles\/wp-content\/uploads\/usu597\/2025\/11\/Captura-de-pantalla-2025-11-06-151026-300x268.png 300w, https:\/\/agora.xtec.cat\/esc-elvalles\/wp-content\/uploads\/usu597\/2025\/11\/Captura-de-pantalla-2025-11-06-151026.png 538w\" sizes=\"auto, (max-width: 300px) 100vw, 300px\" \/>Un dels espais on les fam\u00edlies participen en la vida del centre s\u00f3n les trobades de Fam\u00edlies Delegades. \u00c9s un espai on les fam\u00edlies representants de cada grup-classe es troben, un cop al trimestre, amb l\u2019equip directiu i serveix de comunicaci\u00f3, participaci\u00f3 i coordinaci\u00f3 entre les fam\u00edlies i l\u2019escola.<br \/>\n<\/span><\/p>\n","protected":false},"excerpt":{"rendered":"<p>Un dels espais on les fam\u00edlies participen en la vida del centre s\u00f3n les trobades de Fam\u00edlies Delegades. \u00c9s un espai on les fam\u00edlies representants de cada grup-classe es troben, un cop al trimestre, amb l\u2019equip directiu i serveix de comunicaci\u00f3, participaci\u00f3 i coordinaci\u00f3 entre&hellip;  <a href=\"https:\/\/agora.xtec.cat\/esc-elvalles\/participacio\/trobada-families-delegades\/\" title=\"Read Fam\u00edlies delegades\">Llegeix m\u00e9s\u00bb<\/a><\/p>\n","protected":false},"author":1,"featured_media":0,"parent":1416,"menu_order":0,"comment_status":"closed","ping_status":"closed","template":"page-templates\/side-menu.php","meta":{"_bbp_topic_count":0,"_bbp_reply_count":0,"_bbp_total_topic_count":0,"_bbp_total_reply_count":0,"_bbp_voice_count":0,"_bbp_anonymous_reply_count":0,"_bbp_topic_count_hidden":0,"_bbp_reply_count_hidden":0,"_bbp_forum_subforum_count":0,"footnotes":""},"class_list":["post-1422","page","type-page","status-publish","hentry"],"post_mailing_queue_ids":[],"_links":{"self":[{"href":"https:\/\/agora.xtec.cat\/esc-elvalles\/wp-json\/wp\/v2\/pages\/1422","targetHints":{"allow":["GET"]}}],"collection":[{"href":"https:\/\/agora.xtec.cat\/esc-elvalles\/wp-json\/wp\/v2\/pages"}],"about":[{"href":"https:\/\/agora.xtec.cat\/esc-elvalles\/wp-json\/wp\/v2\/types\/page"}],"author":[{"embeddable":true,"href":"https:\/\/agora.xtec.cat\/esc-elvalles\/wp-json\/wp\/v2\/users\/1"}],"replies":[{"embeddable":true,"href":"https:\/\/agora.xtec.cat\/esc-elvalles\/wp-json\/wp\/v2\/comments?post=1422"}],"version-history":[{"count":6,"href":"https:\/\/agora.xtec.cat\/esc-elvalles\/wp-json\/wp\/v2\/pages\/1422\/revisions"}],"predecessor-version":[{"id":2551,"href":"https:\/\/agora.xtec.cat\/esc-elvalles\/wp-json\/wp\/v2\/pages\/1422\/revisions\/2551"}],"up":[{"embeddable":true,"href":"https:\/\/agora.xtec.cat\/esc-elvalles\/wp-json\/wp\/v2\/pages\/1416"}],"wp:attachment":[{"href":"https:\/\/agora.xtec.cat\/esc-elvalles\/wp-json\/wp\/v2\/media?parent=1422"}],"curies":[{"name":"wp","href":"https:\/\/api.w.org\/{rel}","templated":true}]}}