{"id":1420,"date":"2021-01-22T18:53:16","date_gmt":"2021-01-22T17:53:16","guid":{"rendered":"https:\/\/agora.xtec.cat\/esc-elvalles\/?page_id=1420"},"modified":"2026-01-21T11:20:38","modified_gmt":"2026-01-21T10:20:38","slug":"consell-dinfant","status":"publish","type":"page","link":"https:\/\/agora.xtec.cat\/esc-elvalles\/participacio\/consell-dinfant\/","title":{"rendered":"Consell d&#8217;infants"},"content":{"rendered":"<p style=\"text-align: justify;\"><span style=\"font-weight: 400;\"><span style=\"font-weight: 400;\"><img loading=\"lazy\" decoding=\"async\" class=\"alignleft wp-image-2497\" src=\"https:\/\/agora.xtec.cat\/esc-elvalles\/wp-content\/uploads\/usu597\/2025\/11\/Captura-de-pantalla-2025-11-06-151203-300x263.png\" alt=\"\" width=\"294\" height=\"258\" srcset=\"https:\/\/agora.xtec.cat\/esc-elvalles\/wp-content\/uploads\/usu597\/2025\/11\/Captura-de-pantalla-2025-11-06-151203-300x263.png 300w, https:\/\/agora.xtec.cat\/esc-elvalles\/wp-content\/uploads\/usu597\/2025\/11\/Captura-de-pantalla-2025-11-06-151203.png 445w\" sizes=\"auto, (max-width: 294px) 100vw, 294px\" \/>A l\u2019escola El Vall\u00e8s fem escola entre tots i totes i, per aix\u00f2, un cop al mes es dedica un espai anomenat Consell d\u2019Infants. \u00c9s la representaci\u00f3 m\u00e0xima de l\u2019alumnat. Tots els delegats i delegades de cada grup (a partir d\u2019I5) es reuneixen per prendre decisions que impliquen a tota la comunitat educativa.<br \/>\nEls temes tractats pr\u00e8viament s\u2019han treballat a les assemblees de grup-classe i el\/la representant ha de portar la veu del seu grup a aquesta trobada. La cap d\u2019estudis juntament amb la integradora social tenen un paper rellevant, ja que s\u00f3n mediadores del debat i de les preses de decisions.<br \/>\n<\/span><\/span><\/p>\n","protected":false},"excerpt":{"rendered":"<p>A l\u2019escola El Vall\u00e8s fem escola entre tots i totes i, per aix\u00f2, un cop al mes es dedica un espai anomenat Consell d\u2019Infants. \u00c9s la representaci\u00f3 m\u00e0xima de l\u2019alumnat. Tots els delegats i delegades de cada grup (a partir d\u2019I5) es reuneixen per prendre&hellip;  <a href=\"https:\/\/agora.xtec.cat\/esc-elvalles\/participacio\/consell-dinfant\/\" title=\"Read Consell d&#8217;infants\">Llegeix m\u00e9s\u00bb<\/a><\/p>\n","protected":false},"author":1,"featured_media":0,"parent":1416,"menu_order":0,"comment_status":"closed","ping_status":"closed","template":"page-templates\/side-menu.php","meta":{"_bbp_topic_count":0,"_bbp_reply_count":0,"_bbp_total_topic_count":0,"_bbp_total_reply_count":0,"_bbp_voice_count":0,"_bbp_anonymous_reply_count":0,"_bbp_topic_count_hidden":0,"_bbp_reply_count_hidden":0,"_bbp_forum_subforum_count":0,"footnotes":""},"class_list":["post-1420","page","type-page","status-publish","hentry"],"post_mailing_queue_ids":[],"_links":{"self":[{"href":"https:\/\/agora.xtec.cat\/esc-elvalles\/wp-json\/wp\/v2\/pages\/1420","targetHints":{"allow":["GET"]}}],"collection":[{"href":"https:\/\/agora.xtec.cat\/esc-elvalles\/wp-json\/wp\/v2\/pages"}],"about":[{"href":"https:\/\/agora.xtec.cat\/esc-elvalles\/wp-json\/wp\/v2\/types\/page"}],"author":[{"embeddable":true,"href":"https:\/\/agora.xtec.cat\/esc-elvalles\/wp-json\/wp\/v2\/users\/1"}],"replies":[{"embeddable":true,"href":"https:\/\/agora.xtec.cat\/esc-elvalles\/wp-json\/wp\/v2\/comments?post=1420"}],"version-history":[{"count":6,"href":"https:\/\/agora.xtec.cat\/esc-elvalles\/wp-json\/wp\/v2\/pages\/1420\/revisions"}],"predecessor-version":[{"id":1562,"href":"https:\/\/agora.xtec.cat\/esc-elvalles\/wp-json\/wp\/v2\/pages\/1420\/revisions\/1562"}],"up":[{"embeddable":true,"href":"https:\/\/agora.xtec.cat\/esc-elvalles\/wp-json\/wp\/v2\/pages\/1416"}],"wp:attachment":[{"href":"https:\/\/agora.xtec.cat\/esc-elvalles\/wp-json\/wp\/v2\/media?parent=1420"}],"curies":[{"name":"wp","href":"https:\/\/api.w.org\/{rel}","templated":true}]}}