{"id":1391,"date":"2021-01-22T18:39:08","date_gmt":"2021-01-22T17:39:08","guid":{"rendered":"https:\/\/agora.xtec.cat\/esc-elvalles\/?page_id=1391"},"modified":"2025-11-06T14:47:23","modified_gmt":"2025-11-06T13:47:23","slug":"pla-educatiu-entorn","status":"publish","type":"page","link":"https:\/\/agora.xtec.cat\/esc-elvalles\/metodologiaplans-i-projectes\/pla-educatiu-entorn\/","title":{"rendered":"Pla educatiu entorn"},"content":{"rendered":"<p style=\"text-align: justify;\"><img loading=\"lazy\" decoding=\"async\" class=\"alignleft  wp-image-2483\" src=\"https:\/\/agora.xtec.cat\/esc-elvalles\/wp-content\/uploads\/usu597\/2025\/11\/barrio-300x300.png\" alt=\"\" width=\"229\" height=\"229\" srcset=\"https:\/\/agora.xtec.cat\/esc-elvalles\/wp-content\/uploads\/usu597\/2025\/11\/barrio-300x300.png 300w, https:\/\/agora.xtec.cat\/esc-elvalles\/wp-content\/uploads\/usu597\/2025\/11\/barrio-150x150.png 150w, https:\/\/agora.xtec.cat\/esc-elvalles\/wp-content\/uploads\/usu597\/2025\/11\/barrio.png 512w\" sizes=\"auto, (max-width: 229px) 100vw, 229px\" \/>Un <a href=\"https:\/\/www.terrassa.cat\/plaentorn\"><strong>pla educatiu d&#8217;entorn<\/strong><\/a> \u00e9s una proposta i un instrument per donar una resposta integrada i comunit\u00e0ria a les necessitats educatives, coordinant i dinamitzant l&#8217;acci\u00f3 educativa en els diferents \u00e0mbits de la vida dels infants i joves. T\u00e9 dos objectius: aconseguir l&#8217;\u00e8xit educatiu de tot l&#8217;alumnat i contribuir a la cohesi\u00f3 social mitjan\u00e7ant l&#8217;equitat, l&#8217;\u00fas de la llengua catalana, l&#8217;educaci\u00f3 intercultural i el foment de la conviv\u00e8ncia. Les seves actuacions i els seus programes es coordinen amb els projectes de barris per tal d&#8217;afavorir l&#8217;efic\u00e0cia i la coher\u00e8ncia de les accions del territori.<\/p>\n","protected":false},"excerpt":{"rendered":"<p>Un <a href=\"https:\/\/www.terrassa.cat\/plaentorn\">pla educatiu d&#8217;entorn<\/a> \u00e9s una proposta i un instrument per donar una resposta integrada i comunit\u00e0ria a les necessitats educatives, coordinant i dinamitzant l&#8217;acci\u00f3 educativa en els diferents \u00e0mbits de la vida dels infants i joves. T\u00e9 dos objectius: aconseguir l&#8217;\u00e8xit educatiu de&hellip;  <a href=\"https:\/\/agora.xtec.cat\/esc-elvalles\/metodologiaplans-i-projectes\/pla-educatiu-entorn\/\" title=\"Read Pla educatiu entorn\">Llegeix m\u00e9s\u00bb<\/a><\/p>\n","protected":false},"author":1,"featured_media":0,"parent":1373,"menu_order":0,"comment_status":"closed","ping_status":"closed","template":"page-templates\/side-menu.php","meta":{"_bbp_topic_count":0,"_bbp_reply_count":0,"_bbp_total_topic_count":0,"_bbp_total_reply_count":0,"_bbp_voice_count":0,"_bbp_anonymous_reply_count":0,"_bbp_topic_count_hidden":0,"_bbp_reply_count_hidden":0,"_bbp_forum_subforum_count":0,"footnotes":""},"class_list":["post-1391","page","type-page","status-publish","hentry"],"post_mailing_queue_ids":[],"_links":{"self":[{"href":"https:\/\/agora.xtec.cat\/esc-elvalles\/wp-json\/wp\/v2\/pages\/1391","targetHints":{"allow":["GET"]}}],"collection":[{"href":"https:\/\/agora.xtec.cat\/esc-elvalles\/wp-json\/wp\/v2\/pages"}],"about":[{"href":"https:\/\/agora.xtec.cat\/esc-elvalles\/wp-json\/wp\/v2\/types\/page"}],"author":[{"embeddable":true,"href":"https:\/\/agora.xtec.cat\/esc-elvalles\/wp-json\/wp\/v2\/users\/1"}],"replies":[{"embeddable":true,"href":"https:\/\/agora.xtec.cat\/esc-elvalles\/wp-json\/wp\/v2\/comments?post=1391"}],"version-history":[{"count":5,"href":"https:\/\/agora.xtec.cat\/esc-elvalles\/wp-json\/wp\/v2\/pages\/1391\/revisions"}],"predecessor-version":[{"id":2485,"href":"https:\/\/agora.xtec.cat\/esc-elvalles\/wp-json\/wp\/v2\/pages\/1391\/revisions\/2485"}],"up":[{"embeddable":true,"href":"https:\/\/agora.xtec.cat\/esc-elvalles\/wp-json\/wp\/v2\/pages\/1373"}],"wp:attachment":[{"href":"https:\/\/agora.xtec.cat\/esc-elvalles\/wp-json\/wp\/v2\/media?parent=1391"}],"curies":[{"name":"wp","href":"https:\/\/api.w.org\/{rel}","templated":true}]}}