{"id":1387,"date":"2021-01-22T18:38:19","date_gmt":"2021-01-22T17:38:19","guid":{"rendered":"https:\/\/agora.xtec.cat\/esc-elvalles\/?page_id=1387"},"modified":"2025-11-06T14:45:35","modified_gmt":"2025-11-06T13:45:35","slug":"projecte-gep","status":"publish","type":"page","link":"https:\/\/agora.xtec.cat\/esc-elvalles\/metodologiaplans-i-projectes\/projecte-gep\/","title":{"rendered":"Projecte GEP"},"content":{"rendered":"<p style=\"text-align: justify;\"><img loading=\"lazy\" decoding=\"async\" class=\"size-medium wp-image-2480 alignleft\" src=\"https:\/\/agora.xtec.cat\/esc-elvalles\/wp-content\/uploads\/usu597\/2025\/11\/traduccion-300x300.png\" alt=\"\" width=\"300\" height=\"300\" srcset=\"https:\/\/agora.xtec.cat\/esc-elvalles\/wp-content\/uploads\/usu597\/2025\/11\/traduccion-300x300.png 300w, https:\/\/agora.xtec.cat\/esc-elvalles\/wp-content\/uploads\/usu597\/2025\/11\/traduccion-150x150.png 150w, https:\/\/agora.xtec.cat\/esc-elvalles\/wp-content\/uploads\/usu597\/2025\/11\/traduccion.png 512w\" sizes=\"auto, (max-width: 300px) 100vw, 300px\" \/>El curs 2017-2018 el Departament d&#8217;Ensenyament inicia el programa d\u2019innovaci\u00f3 pedag\u00f2gica <strong>Generaci\u00f3 Pluriling\u00fce (GEP)<\/strong>, al qual l\u2019escola es va comprometre a participar a partir del curs 18-19. La finalitat d\u2019aquest programa \u00e9s millorar la compet\u00e8ncia en lleng\u00fces estrangeres de l\u2019alumnat, afavorint el seu creixement acad\u00e8mic i posterior inserci\u00f3 laboral, i capacitant-lo per interactuar amb el m\u00f3n en diverses lleng\u00fces i de manera cr\u00edtica.<\/p>\n<p style=\"text-align: justify;\">Les accions del programa GEP s\u2019orienten, d\u2019una banda, a incrementar el temps d\u2019exposici\u00f3 de l\u2019alumnat a les lleng\u00fces estrangeres curriculars i, d\u2019una altra, a acompanyar els centres educatius en el proc\u00e9s de desplegament i consolidaci\u00f3 d\u2019un projecte ling\u00fc\u00edstic pluriling\u00fce propi.<\/p>\n<p style=\"text-align: justify;\">La durada del programa \u00e9s de tres cursos escolars. Durant aquest temps, dos docents del nostre centre, amb una acreditaci\u00f3 suficient de coneixements de llengua estrangera, reben formaci\u00f3 sobre enfocaments CLIL. L\u2019equip directiu i el grup impulsor i el claustre rebem orientacions per a la implementaci\u00f3 del programa en el centre, el disseny d\u2019un <a href=\"http:\/\/portaldogc.gencat.cat\/utilsEADOP\/PDF\/7391\/1618227.pdf\">pla d\u2019acci\u00f3<\/a> i l\u2019elaboraci\u00f3 d\u2019una <a href=\"http:\/\/portaldogc.gencat.cat\/utilsEADOP\/PDF\/7391\/1618227.pdf\">mem\u00f2ria <\/a><a href=\"http:\/\/portaldogc.gencat.cat\/utilsEADOP\/PDF\/7391\/1618227.pdf\">final.<\/a><\/p>\n<p style=\"text-align: justify;\">Es pot veure amb m\u00e9s detall la implementaci\u00f3 del programa al Projecte Ling\u00fc\u00edstic del centre.<\/p>\n<p>&nbsp;<\/p>\n","protected":false},"excerpt":{"rendered":"<p>El curs 2017-2018 el Departament d&#8217;Ensenyament inicia el programa d\u2019innovaci\u00f3 pedag\u00f2gica Generaci\u00f3 Pluriling\u00fce (GEP), al qual l\u2019escola es va comprometre a participar a partir del curs 18-19. La finalitat d\u2019aquest programa \u00e9s millorar la compet\u00e8ncia en lleng\u00fces estrangeres de l\u2019alumnat, afavorint el seu creixement acad\u00e8mic&hellip;  <a href=\"https:\/\/agora.xtec.cat\/esc-elvalles\/metodologiaplans-i-projectes\/projecte-gep\/\" title=\"Read Projecte GEP\">Llegeix m\u00e9s\u00bb<\/a><\/p>\n","protected":false},"author":1,"featured_media":0,"parent":1373,"menu_order":0,"comment_status":"closed","ping_status":"closed","template":"page-templates\/side-menu.php","meta":{"_bbp_topic_count":0,"_bbp_reply_count":0,"_bbp_total_topic_count":0,"_bbp_total_reply_count":0,"_bbp_voice_count":0,"_bbp_anonymous_reply_count":0,"_bbp_topic_count_hidden":0,"_bbp_reply_count_hidden":0,"_bbp_forum_subforum_count":0,"footnotes":""},"class_list":["post-1387","page","type-page","status-publish","hentry"],"post_mailing_queue_ids":[],"_links":{"self":[{"href":"https:\/\/agora.xtec.cat\/esc-elvalles\/wp-json\/wp\/v2\/pages\/1387","targetHints":{"allow":["GET"]}}],"collection":[{"href":"https:\/\/agora.xtec.cat\/esc-elvalles\/wp-json\/wp\/v2\/pages"}],"about":[{"href":"https:\/\/agora.xtec.cat\/esc-elvalles\/wp-json\/wp\/v2\/types\/page"}],"author":[{"embeddable":true,"href":"https:\/\/agora.xtec.cat\/esc-elvalles\/wp-json\/wp\/v2\/users\/1"}],"replies":[{"embeddable":true,"href":"https:\/\/agora.xtec.cat\/esc-elvalles\/wp-json\/wp\/v2\/comments?post=1387"}],"version-history":[{"count":4,"href":"https:\/\/agora.xtec.cat\/esc-elvalles\/wp-json\/wp\/v2\/pages\/1387\/revisions"}],"predecessor-version":[{"id":2482,"href":"https:\/\/agora.xtec.cat\/esc-elvalles\/wp-json\/wp\/v2\/pages\/1387\/revisions\/2482"}],"up":[{"embeddable":true,"href":"https:\/\/agora.xtec.cat\/esc-elvalles\/wp-json\/wp\/v2\/pages\/1373"}],"wp:attachment":[{"href":"https:\/\/agora.xtec.cat\/esc-elvalles\/wp-json\/wp\/v2\/media?parent=1387"}],"curies":[{"name":"wp","href":"https:\/\/api.w.org\/{rel}","templated":true}]}}