{"id":1381,"date":"2021-01-22T18:37:05","date_gmt":"2021-01-22T17:37:05","guid":{"rendered":"https:\/\/agora.xtec.cat\/esc-elvalles\/?page_id=1381"},"modified":"2021-02-11T10:47:11","modified_gmt":"2021-02-11T09:47:11","slug":"escoltam","status":"publish","type":"page","link":"https:\/\/agora.xtec.cat\/esc-elvalles\/metodologiaplans-i-projectes\/escoltam\/","title":{"rendered":"Escolta&#8217;m"},"content":{"rendered":"<p style=\"text-align: justify;\"><img loading=\"lazy\" decoding=\"async\" class=\"wp-image-1573 alignright\" src=\"https:\/\/agora.xtec.cat\/esc-elvalles\/wp-content\/uploads\/usu597\/2021\/02\/20210204_154853-1-1024x768.jpg\" alt=\"\" width=\"395\" height=\"296\" srcset=\"https:\/\/agora.xtec.cat\/esc-elvalles\/wp-content\/uploads\/usu597\/2021\/02\/20210204_154853-1-1024x768.jpg 1024w, https:\/\/agora.xtec.cat\/esc-elvalles\/wp-content\/uploads\/usu597\/2021\/02\/20210204_154853-1-300x225.jpg 300w, https:\/\/agora.xtec.cat\/esc-elvalles\/wp-content\/uploads\/usu597\/2021\/02\/20210204_154853-1-768x576.jpg 768w, https:\/\/agora.xtec.cat\/esc-elvalles\/wp-content\/uploads\/usu597\/2021\/02\/20210204_154853-1-200x150.jpg 200w\" sizes=\"auto, (max-width: 395px) 100vw, 395px\" \/>L\u2019<strong>Escolta\u2019m<\/strong> \u00e9s un espai setmanal de comunicaci\u00f3 del tutor\/a amb petits grups de tres o quatre dels seus alumnes durant un per\u00edode de temps, per parlar o fer junts all\u00f2 que els interessi, sense la pressi\u00f3 de la feina, amb l\u2019objectiu de gaudir i d\u2019acompanyar els alumnes en el s<span style=\"font-family: inherit; font-size: 1em;\">eu progr\u00e9s i creixement personal, capacitant-los per autovalorar-se, con\u00e8ixe\u2019s, con\u00e8ixer els altres i, a l\u2019hora, establir un v<\/span><span style=\"font-family: inherit; font-size: 1em;\">incle afectiu, de seguretat i de confian\u00e7a que faciliti la conviv\u00e8ncia i millori el rendiment escolar.<\/span><\/p>\n<p style=\"text-align: justify;\">El projecte Escolta\u2019m est\u00e0 pensat com un espai d\u2019harmonia, pel benestar emocional de l\u2019alumnat, per a que se sentin valuosos, apreciats&#8230;, per gaudir amb d\u2019altres i per aprendre a parlar i a escoltar i tamb\u00e9 a recon\u00e8ixer i expressar les emocions. Unes emocions que pretenen ser una porta a fer sentir a l\u2019alumnat i al professorat \u00e9ssers capa\u00e7os, i resilients.<\/p>\n<p style=\"text-align: center;\"><strong><em>SENTIR-SE ESCOLTAT LA PRIMERA EMOCI\u00d3 POSIT<\/em><\/strong><strong><em>IVA<\/em><\/strong><strong><em>\u00a0DE L\u2019ESCOLTA\u2019M<\/em><\/strong><\/p>\n<p><img loading=\"lazy\" decoding=\"async\" class=\"size-full wp-image-1447 aligncenter\" src=\"https:\/\/agora.xtec.cat\/esc-elvalles\/wp-content\/uploads\/usu597\/2021\/01\/logo_escoltam-1-e1611384576410.png\" alt=\"\" width=\"320\" height=\"233\" \/><\/p>\n","protected":false},"excerpt":{"rendered":"<p>L\u2019Escolta\u2019m \u00e9s un espai setmanal de comunicaci\u00f3 del tutor\/a amb petits grups de tres o quatre dels seus alumnes durant un per\u00edode de temps, per parlar o fer junts all\u00f2 que els interessi, sense la pressi\u00f3 de la feina, amb l\u2019objectiu de gaudir i d\u2019acompanyar&hellip;  <a href=\"https:\/\/agora.xtec.cat\/esc-elvalles\/metodologiaplans-i-projectes\/escoltam\/\" title=\"Read Escolta&#8217;m\">Llegeix m\u00e9s\u00bb<\/a><\/p>\n","protected":false},"author":1,"featured_media":0,"parent":1373,"menu_order":0,"comment_status":"closed","ping_status":"closed","template":"page-templates\/side-menu.php","meta":{"_bbp_topic_count":0,"_bbp_reply_count":0,"_bbp_total_topic_count":0,"_bbp_total_reply_count":0,"_bbp_voice_count":0,"_bbp_anonymous_reply_count":0,"_bbp_topic_count_hidden":0,"_bbp_reply_count_hidden":0,"_bbp_forum_subforum_count":0,"footnotes":""},"class_list":["post-1381","page","type-page","status-publish","hentry"],"post_mailing_queue_ids":[],"_links":{"self":[{"href":"https:\/\/agora.xtec.cat\/esc-elvalles\/wp-json\/wp\/v2\/pages\/1381","targetHints":{"allow":["GET"]}}],"collection":[{"href":"https:\/\/agora.xtec.cat\/esc-elvalles\/wp-json\/wp\/v2\/pages"}],"about":[{"href":"https:\/\/agora.xtec.cat\/esc-elvalles\/wp-json\/wp\/v2\/types\/page"}],"author":[{"embeddable":true,"href":"https:\/\/agora.xtec.cat\/esc-elvalles\/wp-json\/wp\/v2\/users\/1"}],"replies":[{"embeddable":true,"href":"https:\/\/agora.xtec.cat\/esc-elvalles\/wp-json\/wp\/v2\/comments?post=1381"}],"version-history":[{"count":3,"href":"https:\/\/agora.xtec.cat\/esc-elvalles\/wp-json\/wp\/v2\/pages\/1381\/revisions"}],"predecessor-version":[{"id":1574,"href":"https:\/\/agora.xtec.cat\/esc-elvalles\/wp-json\/wp\/v2\/pages\/1381\/revisions\/1574"}],"up":[{"embeddable":true,"href":"https:\/\/agora.xtec.cat\/esc-elvalles\/wp-json\/wp\/v2\/pages\/1373"}],"wp:attachment":[{"href":"https:\/\/agora.xtec.cat\/esc-elvalles\/wp-json\/wp\/v2\/media?parent=1381"}],"curies":[{"name":"wp","href":"https:\/\/api.w.org\/{rel}","templated":true}]}}