{"id":1377,"date":"2021-01-22T18:36:05","date_gmt":"2021-01-22T17:36:05","guid":{"rendered":"https:\/\/agora.xtec.cat\/esc-elvalles\/?page_id=1377"},"modified":"2024-03-18T17:18:07","modified_gmt":"2024-03-18T16:18:07","slug":"treball-per-projectes","status":"publish","type":"page","link":"https:\/\/agora.xtec.cat\/esc-elvalles\/metodologiaplans-i-projectes\/treball-per-projectes\/","title":{"rendered":"Treball per projectes"},"content":{"rendered":"<p style=\"text-align: justify;\">Aquest m\u00e8tode<strong>\u00a0fomenta l\u2019autonomia<\/strong>\u00a0dels infants. Aprenen a ser competents i resoldre els reptes que se\u2019ls plantegen.<\/p>\n<p style=\"text-align: justify;\">Els infants s\u00f3n\u00a0<strong>actius en el seu proc\u00e9s d\u2019aprenentatges<\/strong>. S\u2019impliquen en el que estan treballant i s\u00f3n ells els que guien el seu aprenentatge.<\/p>\n<p style=\"text-align: justify;\">Afavoreix l\u2019<strong>aprenentatge significatiu<\/strong>. Els infants\u00a0van encaixant els continguts\u00a0<strong>formant una xarxa\u00a0<\/strong>de continguts.<strong>\u00a0<\/strong><\/p>\n<p style=\"text-align: justify;\">Propicia\u00a0el\u00a0<strong>treball interdisciplinari, ja que<\/strong>\u00a0permet adquirir coneixements de les diferents \u00e0rees educatives.<\/p>\n<p style=\"text-align: justify;\">Permet<strong>\u00a0atendre la\u00a0diversitat\u00a0<\/strong>que ens trobem a les aules: flexibilitat en el ritme de treball, en les metodologies, els continguts\u2026<\/p>\n<p style=\"text-align: justify;\">Utilitza les\u00a0<strong>noves tecnologies<\/strong>. Fent recerca milloren molt \u00a0la compet\u00e8ncia digital.<\/p>\n<p style=\"text-align: justify;\">Propicia un ambient d\u2019aula en el que es<strong>\u00a0treballa valors<\/strong>\u00a0molt importants com el respecte, la toler\u00e0ncia, la solidaritat i\u00a0el treball en equip.<\/p>\n<p style=\"text-align: justify;\">Mestres i infants\u00a0<strong>treballen conjuntament<\/strong>\u00a0formant equip per resoldre els reptes\u00a0que se\u2019ls van plantejant. Milloren capacitats com la resoluci\u00f3 de problemes i l\u2019organitzaci\u00f3 de les tasques.<\/p>\n<p style=\"text-align: justify;\">Afavoreix l\u2019<strong>aprenentatge participatiu\u00a0<\/strong>i potencia el\u00a0<strong>treball cooperatiu.\u00a0<\/strong>Es dona molta import\u00e0ncia al treball en grup i a la col\u00b7laboraci\u00f3, ja que \u00e9s en aquestes situacions d\u2019aprenentatge en qu\u00e8 els infants poden aprendre els uns dels altres.<\/p>\n<p style=\"text-align: justify;\">Els infants estan\u00a0<strong>motivats, ja que<\/strong> aquesta metodologia dona l\u2019oportunitat de qu\u00e8 ells escullin qu\u00e8 volen treballar i qu\u00e8 els interessa. Aix\u00f2 fa que tot el que aprenen tingui un significat per a ells.<\/p>\n<p style=\"text-align: justify;\">Permet que els infants\u00a0<strong>connectin amb la realitat<\/strong>, m\u00e9s enll\u00e0 dels llibres de text o de les classes magistrals. Els preparen per a la vida real.<\/p>\n<p style=\"text-align: justify;\">L\u2019infant\u00a0<strong>apr\u00e8n a pensar<\/strong>, cercar informaci\u00f3 i investigar. No a memoritzar i adquirir de forma mec\u00e0nica continguts.<\/p>\n<p style=\"text-align: justify;\">Potencia\u00a0<strong>habilitats socials<\/strong>\u00a0com saber estar, saber esperar, saber escoltar, saber debatre, saber relacionar-se amb els altres<strong>\u00a0\u2026<\/strong><\/p>\n<p style=\"text-align: justify;\">Afavoreix la<strong>\u00a0confian\u00e7a i l\u2019autoestima<\/strong> dels infants. Els nens i les nenes se senten orgullosos en veure que han superat un repte.<\/p>\n<p style=\"text-align: justify;\">Exerciten el\u00a0<strong>m\u00e8tode cient\u00edfic, ja que<\/strong>\u00a0fan hip\u00f2tesis, les contrasten i finalment n\u2019extreuen conclusions.<\/p>\n<p style=\"text-align: justify;\">Actualment, ens trobem en una <strong>societat molt diversa<\/strong> i aquesta gran diversitat es veu molt palesa a les nostres aules. La metodologia d\u2019ensenyament uniforme utilitzada tradicionalment, actualment no funciona, per aix\u00f2, com a claustre, ens replantegem de quina manera podem atendre la gran diversitat d\u2019alumnes que ens trobem a les aules.<\/p>\n<p style=\"text-align: justify;\">El treball per projectes permet que cada infant potenci\u00ef les seves\u00a0<strong>capacitats individuals<\/strong>\u00a0i desenvolupi habilitats per ser competent i resoldre els reptes que se li plantegin.\u00a0Hem de concebre l\u2019infant com un \u00e9sser capa\u00e7 de pensar, de ser cr\u00edtic i reflexiu.<\/p>\n<p style=\"text-align: justify;\">Aquest m\u00e8tode permet treballar sobre\u00a0<strong>viv\u00e8ncies i experi\u00e8ncies reals<\/strong> que interessen i motiven als infants i que alhora desencadenaran en unes conclusions tamb\u00e9 reals i, per tant, dif\u00edcils d\u2019oblidar.<\/p>\n","protected":false},"excerpt":{"rendered":"<p>Aquest m\u00e8tode\u00a0fomenta l\u2019autonomia\u00a0dels infants. Aprenen a ser competents i resoldre els reptes que se\u2019ls plantegen.<br \/>\nEls infants s\u00f3n\u00a0actius en el seu proc\u00e9s d\u2019aprenentatges. S\u2019impliquen en el que estan treballant i s\u00f3n ells els que guien el seu aprenentatge.<br \/>\nAfavoreix l\u2019aprenentatge significatiu. Els infants\u00a0van encaixant els continguts\u00a0formant una&hellip;  <a href=\"https:\/\/agora.xtec.cat\/esc-elvalles\/metodologiaplans-i-projectes\/treball-per-projectes\/\" title=\"Read Treball per projectes\">Llegeix m\u00e9s\u00bb<\/a><\/p>\n","protected":false},"author":1,"featured_media":0,"parent":1373,"menu_order":0,"comment_status":"closed","ping_status":"closed","template":"page-templates\/side-menu.php","meta":{"_bbp_topic_count":0,"_bbp_reply_count":0,"_bbp_total_topic_count":0,"_bbp_total_reply_count":0,"_bbp_voice_count":0,"_bbp_anonymous_reply_count":0,"_bbp_topic_count_hidden":0,"_bbp_reply_count_hidden":0,"_bbp_forum_subforum_count":0,"footnotes":""},"class_list":["post-1377","page","type-page","status-publish","hentry"],"post_mailing_queue_ids":[],"_links":{"self":[{"href":"https:\/\/agora.xtec.cat\/esc-elvalles\/wp-json\/wp\/v2\/pages\/1377","targetHints":{"allow":["GET"]}}],"collection":[{"href":"https:\/\/agora.xtec.cat\/esc-elvalles\/wp-json\/wp\/v2\/pages"}],"about":[{"href":"https:\/\/agora.xtec.cat\/esc-elvalles\/wp-json\/wp\/v2\/types\/page"}],"author":[{"embeddable":true,"href":"https:\/\/agora.xtec.cat\/esc-elvalles\/wp-json\/wp\/v2\/users\/1"}],"replies":[{"embeddable":true,"href":"https:\/\/agora.xtec.cat\/esc-elvalles\/wp-json\/wp\/v2\/comments?post=1377"}],"version-history":[{"count":4,"href":"https:\/\/agora.xtec.cat\/esc-elvalles\/wp-json\/wp\/v2\/pages\/1377\/revisions"}],"predecessor-version":[{"id":2109,"href":"https:\/\/agora.xtec.cat\/esc-elvalles\/wp-json\/wp\/v2\/pages\/1377\/revisions\/2109"}],"up":[{"embeddable":true,"href":"https:\/\/agora.xtec.cat\/esc-elvalles\/wp-json\/wp\/v2\/pages\/1373"}],"wp:attachment":[{"href":"https:\/\/agora.xtec.cat\/esc-elvalles\/wp-json\/wp\/v2\/media?parent=1377"}],"curies":[{"name":"wp","href":"https:\/\/api.w.org\/{rel}","templated":true}]}}