{"id":1375,"date":"2021-01-22T18:35:32","date_gmt":"2021-01-22T17:35:32","guid":{"rendered":"https:\/\/agora.xtec.cat\/esc-elvalles\/?page_id=1375"},"modified":"2021-01-23T07:36:12","modified_gmt":"2021-01-23T06:36:12","slug":"treball-cooperatiu","status":"publish","type":"page","link":"https:\/\/agora.xtec.cat\/esc-elvalles\/metodologiaplans-i-projectes\/treball-cooperatiu\/","title":{"rendered":"Treball cooperatiu"},"content":{"rendered":"<p style=\"text-align: justify;\"><strong>Potenciar t\u00e8cniques de treball cooperatiu<\/strong> \u00e9s un dels objectius que lideren el nostre projecte educatiu. L&#8217;aprenentatge cooperatiu proposa un enfocament de les situacions d&#8217;ensenyament-aprenentatge basades en les interaccions socials i pret\u00e9n que els alumnes es vinculin estretament entre ells, de manera que cada un sap que el seu esfor\u00e7 personal ajuda els companys a aconseguir l\u2019\u00e8xit tant a nivell grupal com individual. Treballar en equip a classe i, per tant, aprendre de forma cooperativa, ha de ser objecte d\u2019ensenyament, de manera sistem\u00e0tica i persistent. Cal ensenyar als alumnes a treballar en equip, com una estrat\u00e8gia que ajuda a assolir la compet\u00e8ncia d\u2019aprendre a aprendre.<\/p>\n<p style=\"text-align: justify;\">-Permet la distribuci\u00f3 de l&#8217;alumnat en petits grups heterogenis de 4\/5 alumnes.<\/p>\n<p style=\"text-align: justify;\">-Pren com a objectiu que el grup arribi a assolir una meta comuna i, per aconseguir-la, l&#8217;\u00e8xit dels companys \u00e9s tan important com el propi \u00e8xit. Per tant, es busca que cadasc\u00fa rendeixi aportant el millor d&#8217;ell mateix per aconseguir els millors resultats grupals.<\/p>\n<p style=\"text-align: justify;\">-Tots els membres del grup comparteixen el lideratge perqu\u00e8 tots comparteixen la responsabilitat en les seves accions i en l&#8217;evoluci\u00f3 dels aprenentatges del grup.<\/p>\n<p style=\"text-align: justify;\">-Basada en la teoria del conflicte s\u00f2ciocognitiu i la reestructuraci\u00f3 cognitiva, l&#8217;aprenentatge es produeix pel desequilibri cognitiu que es d\u00f3na en entrar en contacte amb els punts de vista dels altres, en integrar-los i en reestructurar-los els propis esquemes de coneixement.<\/p>\n<p style=\"text-align: justify;\">-Implica interdepend\u00e8ncia positiva i responsabilitat individual.<\/p>\n<p style=\"text-align: justify;\">-S&#8217;ensenyen directament les habilitats socials que els membres del grup necessiten per treballar en col\u00b7laboraci\u00f3 mentre es posen en pr\u00e0ctica.<\/p>\n<p style=\"text-align: justify;\">-Comporta la millor assimilaci\u00f3 i aplicaci\u00f3 dels coneixements analitzats i interpretats en grup.<\/p>\n","protected":false},"excerpt":{"rendered":"<p>Potenciar t\u00e8cniques de treball cooperatiu \u00e9s un dels objectius que lideren el nostre projecte educatiu. L&#8217;aprenentatge cooperatiu proposa un enfocament de les situacions d&#8217;ensenyament-aprenentatge basades en les interaccions socials i pret\u00e9n que els alumnes es vinculin estretament entre ells, de manera que cada un sap&hellip;  <a href=\"https:\/\/agora.xtec.cat\/esc-elvalles\/metodologiaplans-i-projectes\/treball-cooperatiu\/\" title=\"Read Treball cooperatiu\">Llegeix m\u00e9s\u00bb<\/a><\/p>\n","protected":false},"author":1,"featured_media":0,"parent":1373,"menu_order":0,"comment_status":"closed","ping_status":"closed","template":"page-templates\/side-menu.php","meta":{"_bbp_topic_count":0,"_bbp_reply_count":0,"_bbp_total_topic_count":0,"_bbp_total_reply_count":0,"_bbp_voice_count":0,"_bbp_anonymous_reply_count":0,"_bbp_topic_count_hidden":0,"_bbp_reply_count_hidden":0,"_bbp_forum_subforum_count":0,"footnotes":""},"class_list":["post-1375","page","type-page","status-publish","hentry"],"post_mailing_queue_ids":[],"_links":{"self":[{"href":"https:\/\/agora.xtec.cat\/esc-elvalles\/wp-json\/wp\/v2\/pages\/1375","targetHints":{"allow":["GET"]}}],"collection":[{"href":"https:\/\/agora.xtec.cat\/esc-elvalles\/wp-json\/wp\/v2\/pages"}],"about":[{"href":"https:\/\/agora.xtec.cat\/esc-elvalles\/wp-json\/wp\/v2\/types\/page"}],"author":[{"embeddable":true,"href":"https:\/\/agora.xtec.cat\/esc-elvalles\/wp-json\/wp\/v2\/users\/1"}],"replies":[{"embeddable":true,"href":"https:\/\/agora.xtec.cat\/esc-elvalles\/wp-json\/wp\/v2\/comments?post=1375"}],"version-history":[{"count":3,"href":"https:\/\/agora.xtec.cat\/esc-elvalles\/wp-json\/wp\/v2\/pages\/1375\/revisions"}],"predecessor-version":[{"id":1442,"href":"https:\/\/agora.xtec.cat\/esc-elvalles\/wp-json\/wp\/v2\/pages\/1375\/revisions\/1442"}],"up":[{"embeddable":true,"href":"https:\/\/agora.xtec.cat\/esc-elvalles\/wp-json\/wp\/v2\/pages\/1373"}],"wp:attachment":[{"href":"https:\/\/agora.xtec.cat\/esc-elvalles\/wp-json\/wp\/v2\/media?parent=1375"}],"curies":[{"name":"wp","href":"https:\/\/api.w.org\/{rel}","templated":true}]}}