{"id":1239,"date":"2021-01-19T16:15:52","date_gmt":"2021-01-19T15:15:52","guid":{"rendered":"https:\/\/agora.xtec.cat\/esc-elvalles\/?page_id=1239"},"modified":"2024-01-15T17:14:59","modified_gmt":"2024-01-15T16:14:59","slug":"festes-tradicionals","status":"publish","type":"page","link":"https:\/\/agora.xtec.cat\/esc-elvalles\/projecte-educatiu\/festes-tradicionals\/","title":{"rendered":"Festes tradicionals"},"content":{"rendered":"<p>Al Vall\u00e8s donem molta import\u00e0ncia a la celebraci\u00f3 de les nostres festes populars. S\u00f3n tradicions que serveixen per apropar la cultura popular als infants nouvinguts i tamb\u00e9 per a perpetuar-les, donant una certa identitat cultural als nens i nenes.<\/p>\n<p>L\u2019escola, promou el treball de les tradicions populars catalanes, perqu\u00e8 creiem que les festes populars s\u00f3n un recurs d\u2019inesgotables qualitats per a treballar continguts educatius<\/p>\n<p>A la nostra escola hem triat, entre les diferents tradicions de la nostra cultura, les seg\u00fcents:<\/p>\n<h3><span style=\"color: #339966;\">LA CASTANYADA\/HALLOWEEN<\/span><\/h3>\n<p><span style=\"font-weight: 400;\">La castanyada \u00e9s la festa de tardor que tradicionalment celebrem a l\u2019escola.<\/span><\/p>\n<p><span style=\"font-weight: 400;\">A part d\u2019adornar les aules, els passadissos i el vest\u00edbul amb dibuixos dels diferents fruits d\u2019aquesta \u00e8poca de l\u2019any, despr\u00e9s de treballar les qualitats i propietats de cada una de les fruites i fer un tastet; els nens i nenes d\u2019Educaci\u00f3 Infantil ho deixen tot a punt per rebre la Maria Castanyera que ve a visitar-nos i a la que obsequien amb versos, danses i can\u00e7ons. A la resta de grups s\u2019organitzen diferents activitats amb car\u00e0cter globalitzat relacionades amb la castanyada (can\u00e7ons, poemes, art\u00edstiques, digitals\u2026).\u00a0<\/span><\/p>\n<p><span style=\"font-weight: 400;\">A les aules de prim\u00e0ria tamb\u00e9 celebren Halloween, una festa d\u2019origen celta que se sol celebrar el mateix 31 d\u2019octubre a pa\u00efsos com els Estats Units, Canad\u00e0, Irlanda o Anglaterra, i que ha estat sempre molt demandada pels nostres infants. Es treballa des de l\u2019\u00e0rea de llengua anglesa en les diferents dimensions d\u2019aprenentatge i de forma globalitzada amb altres \u00e0rees com l\u2019educaci\u00f3 art\u00edstica.<\/span><\/p>\n<p><span style=\"font-weight: 400;\">A la tarda, tota l\u2019escola gaudeix d\u2019un berenar, que durant el mat\u00ed l\u2019alumnat ha preparat amb motius i decoracions tant de la Castanyada com de Halloween, per compartir amb les fam\u00edlies.<\/span><\/p>\n<p><img loading=\"lazy\" decoding=\"async\" class=\"alignright size-large wp-image-2033\" src=\"https:\/\/agora.xtec.cat\/esc-elvalles\/wp-content\/uploads\/usu597\/2024\/01\/Diseno-sin-titulo-1-1024x791.jpg\" alt=\"\" width=\"1024\" height=\"791\" srcset=\"https:\/\/agora.xtec.cat\/esc-elvalles\/wp-content\/uploads\/usu597\/2024\/01\/Diseno-sin-titulo-1-1024x791.jpg 1024w, https:\/\/agora.xtec.cat\/esc-elvalles\/wp-content\/uploads\/usu597\/2024\/01\/Diseno-sin-titulo-1-300x232.jpg 300w, https:\/\/agora.xtec.cat\/esc-elvalles\/wp-content\/uploads\/usu597\/2024\/01\/Diseno-sin-titulo-1-768x594.jpg 768w, https:\/\/agora.xtec.cat\/esc-elvalles\/wp-content\/uploads\/usu597\/2024\/01\/Diseno-sin-titulo-1.jpg 1101w\" sizes=\"auto, (max-width: 1024px) 100vw, 1024px\" \/><\/p>\n<p>&nbsp;<\/p>\n<p>&nbsp;<\/p>\n<p>&nbsp;<\/p>\n<h3><\/h3>\n<h3><\/h3>\n<h3><\/h3>\n<h3><\/h3>\n<h3><\/h3>\n<h3><\/h3>\n<h3><\/h3>\n<h3><\/h3>\n<h3><\/h3>\n<h3><\/h3>\n<h3><\/h3>\n<h3><span style=\"color: #339966;\">NADAL<\/span><\/h3>\n<p>El Nadal \u00e9s una de les festes m\u00e9s esperades pels infants, una festa que t\u00e9 una gran import\u00e0ncia fora de l&#8217;escola i que nosaltres volem mantenir, malgrat el seu origen religi\u00f3s i independentment de les formes d&#8217;entendre-la a nivell individual i\/o familiar. Al Vall\u00e8s fem un h\u00edbrid entre el Nadal pr\u00f2piament ent\u00e8s i l&#8217;hivern.<\/p>\n<p>Decorem els nostres passadissos i diferents ambients del centre amb motius relacionats amb l&#8217;hivern i un petit rac\u00f3 m\u00e9s nadalenc on se situa el patge Kala-Kala quan ens ve a visitar per rebre les cartes del nostre alumnat, cartes que rebutgen el consumisme propi de l&#8217;\u00e8poca i se centren en desitjos personals i grupals.<\/p>\n<p>Aquest mateix dia acostuma a visitar-nos el Ti\u00f3. El Ti\u00f3 de Nadal, \u00e9s una soca adormida com la natura en aquest temps d\u2019hivern que cal picar ben fort \u201ccaga ti\u00f3 caga torr\u00f3\u201d per despertar. I aix\u00ed ho fan els nostres petits de 1r i 2n, que acostumen a esmorzar neules i torrons que els caga el Ti\u00f3.<\/p>\n<p>De 3r a 6\u00e8 tamb\u00e9 mengen neules i torrons, aquests per\u00f2, mentre juguen al quinto. Cada jugador t\u00e9 una carta amb tots els n\u00fameros de l&#8217;1 fins al 90, amb una distribuci\u00f3 diferent dels n\u00fameros per cadascuna, i consisteix a marcar els nombres que el lloro, persona que extreu les boles numerades, va cantant. Els n\u00fameros estan distribu\u00efts en files de cinc que a la vegada formen sis requadres de tres files. El primer jugador que marca una fila de nombres fa l\u00ednia; despr\u00e9s es juga per la plena i guanya el primer jugador que omple un dels requadres de tres files, i obt\u00e9 aix\u00ed un petit detall.<\/p>\n<p>Dies abans del final de trimestre, anem a fer un concert de Nadales\/concert d&#8217;hivern a l&#8217;Auditori de Terrassa, on les fam\u00edlies podeu assistir com espectadors\/es i gaudir de totes les can\u00e7ons que amb tanta il\u00b7lusi\u00f3 han preparat les mestres amb els vostres fills i filles.<\/p>\n<p>L&#8217;alumnat de 6\u00e8 visita la resid\u00e8ncia Lavoisier per deleitar els avis i \u00e0vies del barri amb les seves can\u00e7ons i tamb\u00e9 acompanya la gent del barri amb la seva m\u00fasica al centre c\u00edvic Maria Aur\u00e8lia Capmany.<\/p>\n<p>&nbsp;<\/p>\n<p><img loading=\"lazy\" decoding=\"async\" class=\"wp-image-1320 alignleft\" src=\"https:\/\/agora.xtec.cat\/esc-elvalles\/wp-content\/uploads\/usu597\/2021\/01\/ti\u00f31.jpg\" alt=\"\" width=\"301\" height=\"226\" srcset=\"https:\/\/agora.xtec.cat\/esc-elvalles\/wp-content\/uploads\/usu597\/2021\/01\/ti\u00f31.jpg 400w, https:\/\/agora.xtec.cat\/esc-elvalles\/wp-content\/uploads\/usu597\/2021\/01\/ti\u00f31-300x225.jpg 300w, https:\/\/agora.xtec.cat\/esc-elvalles\/wp-content\/uploads\/usu597\/2021\/01\/ti\u00f31-200x150.jpg 200w\" sizes=\"auto, (max-width: 301px) 100vw, 301px\" \/><img loading=\"lazy\" decoding=\"async\" class=\"wp-image-1318 alignright\" src=\"https:\/\/agora.xtec.cat\/esc-elvalles\/wp-content\/uploads\/usu597\/2021\/01\/santa-llucia-1024x768.jpg\" alt=\"\" width=\"306\" height=\"229\" srcset=\"https:\/\/agora.xtec.cat\/esc-elvalles\/wp-content\/uploads\/usu597\/2021\/01\/santa-llucia-1024x768.jpg 1024w, https:\/\/agora.xtec.cat\/esc-elvalles\/wp-content\/uploads\/usu597\/2021\/01\/santa-llucia-300x225.jpg 300w, https:\/\/agora.xtec.cat\/esc-elvalles\/wp-content\/uploads\/usu597\/2021\/01\/santa-llucia-768x576.jpg 768w, https:\/\/agora.xtec.cat\/esc-elvalles\/wp-content\/uploads\/usu597\/2021\/01\/santa-llucia-200x150.jpg 200w, https:\/\/agora.xtec.cat\/esc-elvalles\/wp-content\/uploads\/usu597\/2021\/01\/santa-llucia.jpg 2000w\" sizes=\"auto, (max-width: 306px) 100vw, 306px\" \/><\/p>\n<p>&nbsp;<\/p>\n<p>&nbsp;<\/p>\n<h3><\/h3>\n<h3><\/h3>\n<h3><\/h3>\n<h3><\/h3>\n<h3><\/h3>\n<h3><img loading=\"lazy\" decoding=\"async\" class=\"wp-image-1321 alignleft\" style=\"font-size: 16px; font-weight: 400;\" src=\"https:\/\/agora.xtec.cat\/esc-elvalles\/wp-content\/uploads\/usu597\/2021\/01\/trenet-1024x768.jpg\" alt=\"\" width=\"342\" height=\"257\" srcset=\"https:\/\/agora.xtec.cat\/esc-elvalles\/wp-content\/uploads\/usu597\/2021\/01\/trenet-1024x768.jpg 1024w, https:\/\/agora.xtec.cat\/esc-elvalles\/wp-content\/uploads\/usu597\/2021\/01\/trenet-300x225.jpg 300w, https:\/\/agora.xtec.cat\/esc-elvalles\/wp-content\/uploads\/usu597\/2021\/01\/trenet-768x576.jpg 768w, https:\/\/agora.xtec.cat\/esc-elvalles\/wp-content\/uploads\/usu597\/2021\/01\/trenet-200x150.jpg 200w\" sizes=\"auto, (max-width: 342px) 100vw, 342px\" \/><\/h3>\n<h3><img loading=\"lazy\" decoding=\"async\" class=\"wp-image-1324 alignright\" src=\"https:\/\/agora.xtec.cat\/esc-elvalles\/wp-content\/uploads\/usu597\/2021\/01\/concert-1-1024x680.jpg\" alt=\"\" width=\"346\" height=\"230\" srcset=\"https:\/\/agora.xtec.cat\/esc-elvalles\/wp-content\/uploads\/usu597\/2021\/01\/concert-1-1024x680.jpg 1024w, https:\/\/agora.xtec.cat\/esc-elvalles\/wp-content\/uploads\/usu597\/2021\/01\/concert-1-300x199.jpg 300w, https:\/\/agora.xtec.cat\/esc-elvalles\/wp-content\/uploads\/usu597\/2021\/01\/concert-1-768x510.jpg 768w\" sizes=\"auto, (max-width: 346px) 100vw, 346px\" \/><\/h3>\n<h3><img loading=\"lazy\" decoding=\"async\" class=\"wp-image-1339 alignright\" style=\"color: #339966; font-size: 1.6875em;\" src=\"https:\/\/agora.xtec.cat\/esc-elvalles\/wp-content\/uploads\/usu597\/2021\/01\/IMG_20191220_104424-2-1024x768.jpg\" alt=\"\" width=\"332\" height=\"249\" srcset=\"https:\/\/agora.xtec.cat\/esc-elvalles\/wp-content\/uploads\/usu597\/2021\/01\/IMG_20191220_104424-2-1024x768.jpg 1024w, https:\/\/agora.xtec.cat\/esc-elvalles\/wp-content\/uploads\/usu597\/2021\/01\/IMG_20191220_104424-2-300x225.jpg 300w, https:\/\/agora.xtec.cat\/esc-elvalles\/wp-content\/uploads\/usu597\/2021\/01\/IMG_20191220_104424-2-768x576.jpg 768w, https:\/\/agora.xtec.cat\/esc-elvalles\/wp-content\/uploads\/usu597\/2021\/01\/IMG_20191220_104424-2-200x150.jpg 200w\" sizes=\"auto, (max-width: 332px) 100vw, 332px\" \/><\/h3>\n<h3><\/h3>\n<h3><\/h3>\n<h3><\/h3>\n<h3><\/h3>\n<h3><\/h3>\n<h3><\/h3>\n<h3><\/h3>\n<p>&nbsp;<\/p>\n<p>&nbsp;<\/p>\n<h3><img loading=\"lazy\" decoding=\"async\" class=\"wp-image-1338 alignleft\" src=\"https:\/\/agora.xtec.cat\/esc-elvalles\/wp-content\/uploads\/usu597\/2021\/01\/IMG_20191220_115320-1-1024x768.jpg\" alt=\"\" width=\"322\" height=\"242\" srcset=\"https:\/\/agora.xtec.cat\/esc-elvalles\/wp-content\/uploads\/usu597\/2021\/01\/IMG_20191220_115320-1-1024x768.jpg 1024w, https:\/\/agora.xtec.cat\/esc-elvalles\/wp-content\/uploads\/usu597\/2021\/01\/IMG_20191220_115320-1-300x225.jpg 300w, https:\/\/agora.xtec.cat\/esc-elvalles\/wp-content\/uploads\/usu597\/2021\/01\/IMG_20191220_115320-1-768x576.jpg 768w, https:\/\/agora.xtec.cat\/esc-elvalles\/wp-content\/uploads\/usu597\/2021\/01\/IMG_20191220_115320-1-200x150.jpg 200w\" sizes=\"auto, (max-width: 322px) 100vw, 322px\" \/><\/h3>\n<p>&nbsp;<\/p>\n<h3><\/h3>\n<h3><\/h3>\n<h3><\/h3>\n<h3><\/h3>\n<h3><\/h3>\n<h3><\/h3>\n<h3><\/h3>\n<h3><\/h3>\n<h3><\/h3>\n<h3><\/h3>\n<h3><\/h3>\n<h3><\/h3>\n<h3><\/h3>\n<h3><\/h3>\n<h3><\/h3>\n<h3><\/h3>\n<h3><\/h3>\n<h3><\/h3>\n<h3><\/h3>\n<h3><\/h3>\n<h3><\/h3>\n<h3><\/h3>\n<h3><\/h3>\n<h3><\/h3>\n<h3><\/h3>\n<h3><\/h3>\n<h3><\/h3>\n<h3><\/h3>\n<h3><\/h3>\n<h3><\/h3>\n<h3><\/h3>\n<h3><\/h3>\n<h3><\/h3>\n<h3><\/h3>\n<h3><span style=\"color: #339966;\">DIJOUS GRAS I CARNAVAL<\/span><\/h3>\n<p>Dijous Gras l&#8217;alumnat de P3 a 6\u00e8 i tot el professorat anem a esmorzar al Parc de la Cogullada. \u00c9s una de les activitats que padrins i fillols comparteixen, ja que els m\u00e9s grans fan d&#8217;acompanyants als m\u00e9s petitons.<\/p>\n<p>El Carnaval es caracteritza per la disbauxa, l\u2019exc\u00e9s, l\u2019alegria i la gresca. Tradicionalment, \u201cel Carnestoltes\u201d o \u201cEl Rei Carnestoltes\u201d \u00e9s la figura o personatge que representa aquesta festa i que obre la celebraci\u00f3 en un to humor\u00edstic i cr\u00edtic. L&#8217;alumnat de 6\u00e8 prepara el preg\u00f3 i decideix quines seran les consignes que haurem de seguir dies previs a la festa final, una festa on els infants, mestres i totes les persones de la comunitat educativa que s&#8217;animin,\u00a0 es disfressen, ja sigui en comparses o a nivell individual.<\/p>\n<p>I a la tarda&#8230; gran xocolatada amb fartons per a tothom!!!<\/p>\n<p>&nbsp;<\/p>\n<p><img loading=\"lazy\" decoding=\"async\" class=\"alignnone wp-image-1341\" src=\"https:\/\/agora.xtec.cat\/esc-elvalles\/wp-content\/uploads\/usu597\/2021\/01\/IMG_20190228_095516-1024x768.jpg\" alt=\"\" width=\"451\" height=\"338\" srcset=\"https:\/\/agora.xtec.cat\/esc-elvalles\/wp-content\/uploads\/usu597\/2021\/01\/IMG_20190228_095516-1024x768.jpg 1024w, https:\/\/agora.xtec.cat\/esc-elvalles\/wp-content\/uploads\/usu597\/2021\/01\/IMG_20190228_095516-300x225.jpg 300w, https:\/\/agora.xtec.cat\/esc-elvalles\/wp-content\/uploads\/usu597\/2021\/01\/IMG_20190228_095516-768x576.jpg 768w, https:\/\/agora.xtec.cat\/esc-elvalles\/wp-content\/uploads\/usu597\/2021\/01\/IMG_20190228_095516-200x150.jpg 200w\" sizes=\"auto, (max-width: 451px) 100vw, 451px\" \/><img loading=\"lazy\" decoding=\"async\" class=\"wp-image-1340 alignleft\" src=\"https:\/\/agora.xtec.cat\/esc-elvalles\/wp-content\/uploads\/usu597\/2021\/01\/IMG_20190228_105135-1024x768.jpg\" alt=\"\" width=\"440\" height=\"330\" srcset=\"https:\/\/agora.xtec.cat\/esc-elvalles\/wp-content\/uploads\/usu597\/2021\/01\/IMG_20190228_105135-1024x768.jpg 1024w, https:\/\/agora.xtec.cat\/esc-elvalles\/wp-content\/uploads\/usu597\/2021\/01\/IMG_20190228_105135-300x225.jpg 300w, https:\/\/agora.xtec.cat\/esc-elvalles\/wp-content\/uploads\/usu597\/2021\/01\/IMG_20190228_105135-768x576.jpg 768w, https:\/\/agora.xtec.cat\/esc-elvalles\/wp-content\/uploads\/usu597\/2021\/01\/IMG_20190228_105135-200x150.jpg 200w\" sizes=\"auto, (max-width: 440px) 100vw, 440px\" \/><\/p>\n<p><img loading=\"lazy\" decoding=\"async\" class=\"wp-image-1322 alignleft\" src=\"https:\/\/agora.xtec.cat\/esc-elvalles\/wp-content\/uploads\/usu597\/2021\/01\/dijous-gras.png\" alt=\"\" width=\"322\" height=\"429\" srcset=\"https:\/\/agora.xtec.cat\/esc-elvalles\/wp-content\/uploads\/usu597\/2021\/01\/dijous-gras.png 480w, https:\/\/agora.xtec.cat\/esc-elvalles\/wp-content\/uploads\/usu597\/2021\/01\/dijous-gras-225x300.png 225w\" sizes=\"auto, (max-width: 322px) 100vw, 322px\" \/><\/p>\n<p>&nbsp;<\/p>\n<p><img loading=\"lazy\" decoding=\"async\" class=\"alignnone wp-image-1325\" src=\"https:\/\/agora.xtec.cat\/esc-elvalles\/wp-content\/uploads\/usu597\/2021\/01\/carnaval4-1024x768.jpg\" alt=\"\" width=\"464\" height=\"348\" srcset=\"https:\/\/agora.xtec.cat\/esc-elvalles\/wp-content\/uploads\/usu597\/2021\/01\/carnaval4-1024x768.jpg 1024w, https:\/\/agora.xtec.cat\/esc-elvalles\/wp-content\/uploads\/usu597\/2021\/01\/carnaval4-300x225.jpg 300w, https:\/\/agora.xtec.cat\/esc-elvalles\/wp-content\/uploads\/usu597\/2021\/01\/carnaval4-768x576.jpg 768w, https:\/\/agora.xtec.cat\/esc-elvalles\/wp-content\/uploads\/usu597\/2021\/01\/carnaval4-200x150.jpg 200w\" sizes=\"auto, (max-width: 464px) 100vw, 464px\" \/><\/p>\n<p>&nbsp;<\/p>\n<p>&nbsp;<\/p>\n<p>&nbsp;<\/p>\n<h3><img loading=\"lazy\" decoding=\"async\" class=\"wp-image-1326 alignleft\" src=\"https:\/\/agora.xtec.cat\/esc-elvalles\/wp-content\/uploads\/usu597\/2021\/01\/carnaval6-1024x768.jpg\" alt=\"\" width=\"441\" height=\"331\" srcset=\"https:\/\/agora.xtec.cat\/esc-elvalles\/wp-content\/uploads\/usu597\/2021\/01\/carnaval6-1024x768.jpg 1024w, https:\/\/agora.xtec.cat\/esc-elvalles\/wp-content\/uploads\/usu597\/2021\/01\/carnaval6-300x225.jpg 300w, https:\/\/agora.xtec.cat\/esc-elvalles\/wp-content\/uploads\/usu597\/2021\/01\/carnaval6-768x576.jpg 768w, https:\/\/agora.xtec.cat\/esc-elvalles\/wp-content\/uploads\/usu597\/2021\/01\/carnaval6-200x150.jpg 200w\" sizes=\"auto, (max-width: 441px) 100vw, 441px\" \/><img loading=\"lazy\" decoding=\"async\" class=\"wp-image-1328 alignleft\" style=\"font-size: 16px; font-weight: normal;\" src=\"https:\/\/agora.xtec.cat\/esc-elvalles\/wp-content\/uploads\/usu597\/2021\/01\/carnaval2-1024x768.jpg\" alt=\"\" width=\"446\" height=\"335\" srcset=\"https:\/\/agora.xtec.cat\/esc-elvalles\/wp-content\/uploads\/usu597\/2021\/01\/carnaval2-1024x768.jpg 1024w, https:\/\/agora.xtec.cat\/esc-elvalles\/wp-content\/uploads\/usu597\/2021\/01\/carnaval2-300x225.jpg 300w, https:\/\/agora.xtec.cat\/esc-elvalles\/wp-content\/uploads\/usu597\/2021\/01\/carnaval2-768x576.jpg 768w, https:\/\/agora.xtec.cat\/esc-elvalles\/wp-content\/uploads\/usu597\/2021\/01\/carnaval2-200x150.jpg 200w\" sizes=\"auto, (max-width: 446px) 100vw, 446px\" \/><\/h3>\n<h3><\/h3>\n<h3><\/h3>\n<h3><\/h3>\n<h3><\/h3>\n<h3><\/h3>\n<h3><\/h3>\n<h3><\/h3>\n<h3><\/h3>\n<h3><\/h3>\n<h3><img loading=\"lazy\" decoding=\"async\" class=\"wp-image-1342 alignleft\" src=\"https:\/\/agora.xtec.cat\/esc-elvalles\/wp-content\/uploads\/usu597\/2021\/01\/IMG_20190222_101301-1024x768.jpg\" alt=\"\" width=\"422\" height=\"316\" srcset=\"https:\/\/agora.xtec.cat\/esc-elvalles\/wp-content\/uploads\/usu597\/2021\/01\/IMG_20190222_101301-1024x768.jpg 1024w, https:\/\/agora.xtec.cat\/esc-elvalles\/wp-content\/uploads\/usu597\/2021\/01\/IMG_20190222_101301-300x225.jpg 300w, https:\/\/agora.xtec.cat\/esc-elvalles\/wp-content\/uploads\/usu597\/2021\/01\/IMG_20190222_101301-768x576.jpg 768w, https:\/\/agora.xtec.cat\/esc-elvalles\/wp-content\/uploads\/usu597\/2021\/01\/IMG_20190222_101301-200x150.jpg 200w\" sizes=\"auto, (max-width: 422px) 100vw, 422px\" \/><\/h3>\n<h3><img loading=\"lazy\" decoding=\"async\" class=\"wp-image-1329 alignleft\" src=\"https:\/\/agora.xtec.cat\/esc-elvalles\/wp-content\/uploads\/usu597\/2021\/01\/xocolata-1024x768.jpg\" alt=\"\" width=\"439\" height=\"329\" srcset=\"https:\/\/agora.xtec.cat\/esc-elvalles\/wp-content\/uploads\/usu597\/2021\/01\/xocolata-1024x768.jpg 1024w, https:\/\/agora.xtec.cat\/esc-elvalles\/wp-content\/uploads\/usu597\/2021\/01\/xocolata-300x225.jpg 300w, https:\/\/agora.xtec.cat\/esc-elvalles\/wp-content\/uploads\/usu597\/2021\/01\/xocolata-768x576.jpg 768w, https:\/\/agora.xtec.cat\/esc-elvalles\/wp-content\/uploads\/usu597\/2021\/01\/xocolata-200x150.jpg 200w\" sizes=\"auto, (max-width: 439px) 100vw, 439px\" \/><\/h3>\n<h3><\/h3>\n<h3><\/h3>\n<h3><\/h3>\n<h3><\/h3>\n<h3><\/h3>\n<h3><\/h3>\n<h3><\/h3>\n<h3><\/h3>\n<h3><\/h3>\n<h3><\/h3>\n<h3><\/h3>\n<h3><\/h3>\n<h3><\/h3>\n<h3><\/h3>\n<h3><\/h3>\n<h3><\/h3>\n<h3><\/h3>\n<h3><\/h3>\n<h3><\/h3>\n<h3><\/h3>\n<h3><\/h3>\n<h3><\/h3>\n<h3><\/h3>\n<h3><\/h3>\n<h3><\/h3>\n<h3><\/h3>\n<h3><\/h3>\n<h3><\/h3>\n<h3><\/h3>\n<h3><span style=\"color: #339966;\">SANT JORDI<\/span><\/h3>\n<p style=\"text-align: justify;\">Sant Jordi \u00e9s la festa del llibre i de la rosa, i \u00e9s tamb\u00e9 una gran festa a l\u2019escola i per aix\u00f2 organitzem un gran ventall d&#8217;activitats on participen alumnes, mestres i fam\u00edlies.<\/p>\n<p style=\"text-align: justify;\">Previ al dia 23 d&#8217;abril, tot l&#8217;alumnat treballa espec\u00edficament la dimensi\u00f3 liter\u00e0ria (<strong>jocs florals<\/strong>), amb llibres fets per tots els infants que recullen poemes, acr\u00f2stics, cal\u00b7ligrames i narrativa, i que s&#8217;exposen per a que estiguin a l&#8217;abast de tothom que se&#8217;ls vulgui mirar. Tamb\u00e9 es decoren passadissos amb motius caracter\u00edstics de la celebraci\u00f3 i es fan punts de llibre que estaran sotmesos a un concurs. Totes dues modalitats tindran un regal per al guanyador o guanyadora.<\/p>\n<p style=\"text-align: justify;\">L&#8217;alumnat de 6\u00e8 fa de contacontes a l&#8217;alumnat d&#8217;Educaci\u00f3 Infantil, deixant anar la seva creativitat preparen obres de teatre, titelles&#8230;<\/p>\n<p style=\"text-align: justify;\">Les fam\u00edlies que ho desitgen fan el mateix amb l&#8217;alumnat de prim\u00e0ria.<\/p>\n<p style=\"text-align: justify;\">El dia 23 d&#8217;abril, l&#8217;escola s&#8217;obre a les fam\u00edlies i els infants ballen les seves danses. Entre dansa i dansa es fa l&#8217;entrega de premis literaris i de punts de llibre.<\/p>\n<p><img loading=\"lazy\" decoding=\"async\" class=\"alignnone wp-image-1355\" src=\"https:\/\/agora.xtec.cat\/esc-elvalles\/wp-content\/uploads\/usu597\/2021\/01\/IMG_20190425_091322-1024x768.jpg\" alt=\"\" width=\"388\" height=\"292\" srcset=\"https:\/\/agora.xtec.cat\/esc-elvalles\/wp-content\/uploads\/usu597\/2021\/01\/IMG_20190425_091322-1024x768.jpg 1024w, https:\/\/agora.xtec.cat\/esc-elvalles\/wp-content\/uploads\/usu597\/2021\/01\/IMG_20190425_091322-300x225.jpg 300w, https:\/\/agora.xtec.cat\/esc-elvalles\/wp-content\/uploads\/usu597\/2021\/01\/IMG_20190425_091322-768x576.jpg 768w, https:\/\/agora.xtec.cat\/esc-elvalles\/wp-content\/uploads\/usu597\/2021\/01\/IMG_20190425_091322-200x150.jpg 200w\" sizes=\"auto, (max-width: 388px) 100vw, 388px\" \/><img loading=\"lazy\" decoding=\"async\" class=\"wp-image-1353 alignleft\" src=\"https:\/\/agora.xtec.cat\/esc-elvalles\/wp-content\/uploads\/usu597\/2021\/01\/IMG_20190425_153318-1-1024x768.jpg\" alt=\"\" width=\"366\" height=\"274\" srcset=\"https:\/\/agora.xtec.cat\/esc-elvalles\/wp-content\/uploads\/usu597\/2021\/01\/IMG_20190425_153318-1-1024x768.jpg 1024w, https:\/\/agora.xtec.cat\/esc-elvalles\/wp-content\/uploads\/usu597\/2021\/01\/IMG_20190425_153318-1-300x225.jpg 300w, https:\/\/agora.xtec.cat\/esc-elvalles\/wp-content\/uploads\/usu597\/2021\/01\/IMG_20190425_153318-1-768x576.jpg 768w, https:\/\/agora.xtec.cat\/esc-elvalles\/wp-content\/uploads\/usu597\/2021\/01\/IMG_20190425_153318-1-200x150.jpg 200w\" sizes=\"auto, (max-width: 366px) 100vw, 366px\" \/><\/p>\n<p>&nbsp;<\/p>\n<p><img loading=\"lazy\" decoding=\"async\" class=\"alignnone wp-image-1354\" src=\"https:\/\/agora.xtec.cat\/esc-elvalles\/wp-content\/uploads\/usu597\/2021\/01\/IMG_20190425_160716-1-1024x768.jpg\" alt=\"\" width=\"397\" height=\"297\" srcset=\"https:\/\/agora.xtec.cat\/esc-elvalles\/wp-content\/uploads\/usu597\/2021\/01\/IMG_20190425_160716-1-1024x768.jpg 1024w, https:\/\/agora.xtec.cat\/esc-elvalles\/wp-content\/uploads\/usu597\/2021\/01\/IMG_20190425_160716-1-300x225.jpg 300w, https:\/\/agora.xtec.cat\/esc-elvalles\/wp-content\/uploads\/usu597\/2021\/01\/IMG_20190425_160716-1-768x576.jpg 768w, https:\/\/agora.xtec.cat\/esc-elvalles\/wp-content\/uploads\/usu597\/2021\/01\/IMG_20190425_160716-1-200x150.jpg 200w\" sizes=\"auto, (max-width: 397px) 100vw, 397px\" \/><img loading=\"lazy\" decoding=\"async\" class=\"wp-image-1333 alignleft\" src=\"https:\/\/agora.xtec.cat\/esc-elvalles\/wp-content\/uploads\/usu597\/2021\/01\/sant-jordi3-1-1024x768.jpg\" alt=\"\" width=\"409\" height=\"307\" srcset=\"https:\/\/agora.xtec.cat\/esc-elvalles\/wp-content\/uploads\/usu597\/2021\/01\/sant-jordi3-1-1024x768.jpg 1024w, https:\/\/agora.xtec.cat\/esc-elvalles\/wp-content\/uploads\/usu597\/2021\/01\/sant-jordi3-1-300x225.jpg 300w, https:\/\/agora.xtec.cat\/esc-elvalles\/wp-content\/uploads\/usu597\/2021\/01\/sant-jordi3-1-768x576.jpg 768w, https:\/\/agora.xtec.cat\/esc-elvalles\/wp-content\/uploads\/usu597\/2021\/01\/sant-jordi3-1-200x150.jpg 200w\" sizes=\"auto, (max-width: 409px) 100vw, 409px\" \/><\/p>\n<p><img loading=\"lazy\" decoding=\"async\" class=\"wp-image-1334 alignleft\" src=\"https:\/\/agora.xtec.cat\/esc-elvalles\/wp-content\/uploads\/usu597\/2021\/01\/sant-jordi2-1024x768.jpg\" alt=\"\" width=\"360\" height=\"270\" srcset=\"https:\/\/agora.xtec.cat\/esc-elvalles\/wp-content\/uploads\/usu597\/2021\/01\/sant-jordi2-1024x768.jpg 1024w, https:\/\/agora.xtec.cat\/esc-elvalles\/wp-content\/uploads\/usu597\/2021\/01\/sant-jordi2-300x225.jpg 300w, https:\/\/agora.xtec.cat\/esc-elvalles\/wp-content\/uploads\/usu597\/2021\/01\/sant-jordi2-768x576.jpg 768w, https:\/\/agora.xtec.cat\/esc-elvalles\/wp-content\/uploads\/usu597\/2021\/01\/sant-jordi2-200x150.jpg 200w\" sizes=\"auto, (max-width: 360px) 100vw, 360px\" \/><\/p>\n<p><img loading=\"lazy\" decoding=\"async\" class=\"wp-image-1335 alignleft\" src=\"https:\/\/agora.xtec.cat\/esc-elvalles\/wp-content\/uploads\/usu597\/2021\/01\/sant-jordi1-1024x768.jpg\" alt=\"\" width=\"384\" height=\"288\" srcset=\"https:\/\/agora.xtec.cat\/esc-elvalles\/wp-content\/uploads\/usu597\/2021\/01\/sant-jordi1-1024x768.jpg 1024w, https:\/\/agora.xtec.cat\/esc-elvalles\/wp-content\/uploads\/usu597\/2021\/01\/sant-jordi1-300x225.jpg 300w, https:\/\/agora.xtec.cat\/esc-elvalles\/wp-content\/uploads\/usu597\/2021\/01\/sant-jordi1-768x576.jpg 768w, https:\/\/agora.xtec.cat\/esc-elvalles\/wp-content\/uploads\/usu597\/2021\/01\/sant-jordi1-200x150.jpg 200w\" sizes=\"auto, (max-width: 384px) 100vw, 384px\" \/><\/p>\n<p><img loading=\"lazy\" decoding=\"async\" class=\"wp-image-1336 aligncenter\" src=\"https:\/\/agora.xtec.cat\/esc-elvalles\/wp-content\/uploads\/usu597\/2021\/01\/sant-jordi-1024x768.jpg\" alt=\"\" width=\"433\" height=\"324\" srcset=\"https:\/\/agora.xtec.cat\/esc-elvalles\/wp-content\/uploads\/usu597\/2021\/01\/sant-jordi-1024x768.jpg 1024w, https:\/\/agora.xtec.cat\/esc-elvalles\/wp-content\/uploads\/usu597\/2021\/01\/sant-jordi-300x225.jpg 300w, https:\/\/agora.xtec.cat\/esc-elvalles\/wp-content\/uploads\/usu597\/2021\/01\/sant-jordi-768x576.jpg 768w, https:\/\/agora.xtec.cat\/esc-elvalles\/wp-content\/uploads\/usu597\/2021\/01\/sant-jordi-200x150.jpg 200w\" sizes=\"auto, (max-width: 433px) 100vw, 433px\" \/><\/p>\n","protected":false},"excerpt":{"rendered":"<p>Al Vall\u00e8s donem molta import\u00e0ncia a la celebraci\u00f3 de les nostres festes populars. S\u00f3n tradicions que serveixen per apropar la cultura popular als infants nouvinguts i tamb\u00e9 per a perpetuar-les, donant una certa identitat cultural als nens i nenes.<br \/>\nL\u2019escola, promou el treball de les tradicions&hellip;  <a href=\"https:\/\/agora.xtec.cat\/esc-elvalles\/projecte-educatiu\/festes-tradicionals\/\" title=\"Read Festes tradicionals\">Llegeix m\u00e9s\u00bb<\/a><\/p>\n","protected":false},"author":1,"featured_media":0,"parent":64,"menu_order":0,"comment_status":"closed","ping_status":"closed","template":"page-templates\/side-menu.php","meta":{"_bbp_topic_count":0,"_bbp_reply_count":0,"_bbp_total_topic_count":0,"_bbp_total_reply_count":0,"_bbp_voice_count":0,"_bbp_anonymous_reply_count":0,"_bbp_topic_count_hidden":0,"_bbp_reply_count_hidden":0,"_bbp_forum_subforum_count":0,"footnotes":""},"class_list":["post-1239","page","type-page","status-publish","hentry"],"post_mailing_queue_ids":[],"_links":{"self":[{"href":"https:\/\/agora.xtec.cat\/esc-elvalles\/wp-json\/wp\/v2\/pages\/1239","targetHints":{"allow":["GET"]}}],"collection":[{"href":"https:\/\/agora.xtec.cat\/esc-elvalles\/wp-json\/wp\/v2\/pages"}],"about":[{"href":"https:\/\/agora.xtec.cat\/esc-elvalles\/wp-json\/wp\/v2\/types\/page"}],"author":[{"embeddable":true,"href":"https:\/\/agora.xtec.cat\/esc-elvalles\/wp-json\/wp\/v2\/users\/1"}],"replies":[{"embeddable":true,"href":"https:\/\/agora.xtec.cat\/esc-elvalles\/wp-json\/wp\/v2\/comments?post=1239"}],"version-history":[{"count":6,"href":"https:\/\/agora.xtec.cat\/esc-elvalles\/wp-json\/wp\/v2\/pages\/1239\/revisions"}],"predecessor-version":[{"id":2034,"href":"https:\/\/agora.xtec.cat\/esc-elvalles\/wp-json\/wp\/v2\/pages\/1239\/revisions\/2034"}],"up":[{"embeddable":true,"href":"https:\/\/agora.xtec.cat\/esc-elvalles\/wp-json\/wp\/v2\/pages\/64"}],"wp:attachment":[{"href":"https:\/\/agora.xtec.cat\/esc-elvalles\/wp-json\/wp\/v2\/media?parent=1239"}],"curies":[{"name":"wp","href":"https:\/\/api.w.org\/{rel}","templated":true}]}}