{"id":1235,"date":"2021-01-19T16:15:05","date_gmt":"2021-01-19T15:15:05","guid":{"rendered":"https:\/\/agora.xtec.cat\/esc-elvalles\/?page_id=1235"},"modified":"2025-11-06T14:26:53","modified_gmt":"2025-11-06T13:26:53","slug":"padrins-i-fillols","status":"publish","type":"page","link":"https:\/\/agora.xtec.cat\/esc-elvalles\/projecte-educatiu\/padrins-i-fillols\/","title":{"rendered":"Apadrinament lector"},"content":{"rendered":"<p style=\"text-align: justify;\">L&#8217;apadrinament lector \u00e9s una activitat cooperativa que es realitza en parelles formades per alumnes de cinqu\u00e8 i sis\u00e8 que fan de padrins de lectura i els alumnes de P-5 i primer de prim\u00e0ria que fan de fillols. El fet de ser padr\u00ed de lectura representa que l&#8217;alumne padr\u00ed adquireix el comprom\u00eds principal de vetllar per l&#8217;aprenentatge lector del seu fillol. L\u2019ajuda a aprendre a llegir, alhora que mira d&#8217;encomanar-li el gust per la lectura tot engrescant-lo a llegir.<\/p>\n<p>&nbsp;<\/p>\n<p><img loading=\"lazy\" decoding=\"async\" class=\"alignnone wp-image-1345\" src=\"https:\/\/agora.xtec.cat\/esc-elvalles\/wp-content\/uploads\/usu597\/2021\/01\/IMG_20191128_120351-1024x768.jpg\" alt=\"\" width=\"364\" height=\"273\" srcset=\"https:\/\/agora.xtec.cat\/esc-elvalles\/wp-content\/uploads\/usu597\/2021\/01\/IMG_20191128_120351-1024x768.jpg 1024w, https:\/\/agora.xtec.cat\/esc-elvalles\/wp-content\/uploads\/usu597\/2021\/01\/IMG_20191128_120351-300x225.jpg 300w, https:\/\/agora.xtec.cat\/esc-elvalles\/wp-content\/uploads\/usu597\/2021\/01\/IMG_20191128_120351-768x576.jpg 768w, https:\/\/agora.xtec.cat\/esc-elvalles\/wp-content\/uploads\/usu597\/2021\/01\/IMG_20191128_120351-200x150.jpg 200w\" sizes=\"auto, (max-width: 364px) 100vw, 364px\" \/><img loading=\"lazy\" decoding=\"async\" class=\"alignnone wp-image-1346\" src=\"https:\/\/agora.xtec.cat\/esc-elvalles\/wp-content\/uploads\/usu597\/2021\/01\/IMG_20191128_120438-1024x768.jpg\" alt=\"\" width=\"366\" height=\"274\" srcset=\"https:\/\/agora.xtec.cat\/esc-elvalles\/wp-content\/uploads\/usu597\/2021\/01\/IMG_20191128_120438-1024x768.jpg 1024w, https:\/\/agora.xtec.cat\/esc-elvalles\/wp-content\/uploads\/usu597\/2021\/01\/IMG_20191128_120438-300x225.jpg 300w, https:\/\/agora.xtec.cat\/esc-elvalles\/wp-content\/uploads\/usu597\/2021\/01\/IMG_20191128_120438-768x576.jpg 768w, https:\/\/agora.xtec.cat\/esc-elvalles\/wp-content\/uploads\/usu597\/2021\/01\/IMG_20191128_120438-200x150.jpg 200w\" sizes=\"auto, (max-width: 366px) 100vw, 366px\" \/><span style=\"font-family: inherit; font-size: 1em;\">\u00a0<\/span><\/p>\n","protected":false},"excerpt":{"rendered":"<p>L&#8217;apadrinament lector \u00e9s una activitat cooperativa que es realitza en parelles formades per alumnes de cinqu\u00e8 i sis\u00e8 que fan de padrins de lectura i els alumnes de P-5 i primer de prim\u00e0ria que fan de fillols. El fet de ser padr\u00ed de lectura representa&hellip;  <a href=\"https:\/\/agora.xtec.cat\/esc-elvalles\/projecte-educatiu\/padrins-i-fillols\/\" title=\"Read Apadrinament lector\">Llegeix m\u00e9s\u00bb<\/a><\/p>\n","protected":false},"author":1,"featured_media":0,"parent":64,"menu_order":0,"comment_status":"closed","ping_status":"closed","template":"page-templates\/side-menu.php","meta":{"_bbp_topic_count":0,"_bbp_reply_count":0,"_bbp_total_topic_count":0,"_bbp_total_reply_count":0,"_bbp_voice_count":0,"_bbp_anonymous_reply_count":0,"_bbp_topic_count_hidden":0,"_bbp_reply_count_hidden":0,"_bbp_forum_subforum_count":0,"footnotes":""},"class_list":["post-1235","page","type-page","status-publish","hentry"],"post_mailing_queue_ids":[],"_links":{"self":[{"href":"https:\/\/agora.xtec.cat\/esc-elvalles\/wp-json\/wp\/v2\/pages\/1235","targetHints":{"allow":["GET"]}}],"collection":[{"href":"https:\/\/agora.xtec.cat\/esc-elvalles\/wp-json\/wp\/v2\/pages"}],"about":[{"href":"https:\/\/agora.xtec.cat\/esc-elvalles\/wp-json\/wp\/v2\/types\/page"}],"author":[{"embeddable":true,"href":"https:\/\/agora.xtec.cat\/esc-elvalles\/wp-json\/wp\/v2\/users\/1"}],"replies":[{"embeddable":true,"href":"https:\/\/agora.xtec.cat\/esc-elvalles\/wp-json\/wp\/v2\/comments?post=1235"}],"version-history":[{"count":6,"href":"https:\/\/agora.xtec.cat\/esc-elvalles\/wp-json\/wp\/v2\/pages\/1235\/revisions"}],"predecessor-version":[{"id":2476,"href":"https:\/\/agora.xtec.cat\/esc-elvalles\/wp-json\/wp\/v2\/pages\/1235\/revisions\/2476"}],"up":[{"embeddable":true,"href":"https:\/\/agora.xtec.cat\/esc-elvalles\/wp-json\/wp\/v2\/pages\/64"}],"wp:attachment":[{"href":"https:\/\/agora.xtec.cat\/esc-elvalles\/wp-json\/wp\/v2\/media?parent=1235"}],"curies":[{"name":"wp","href":"https:\/\/api.w.org\/{rel}","templated":true}]}}