{"id":1231,"date":"2021-01-19T16:13:43","date_gmt":"2021-01-19T15:13:43","guid":{"rendered":"https:\/\/agora.xtec.cat\/esc-elvalles\/?page_id=1231"},"modified":"2021-01-21T17:57:53","modified_gmt":"2021-01-21T16:57:53","slug":"tac","status":"publish","type":"page","link":"https:\/\/agora.xtec.cat\/esc-elvalles\/projecte-educatiu\/tac\/","title":{"rendered":"TAC"},"content":{"rendered":"<p style=\"text-align: justify;\">En la societat tecnol\u00f2gica, global i canviant en que vivim \u00e9s imprescindible el domini de les noves tecnologies per poder desenvolupar-se i fer-ne \u00fas de forma competent. S\u2019han convertit en un element indispensable a les nostres vides. Considerem que aquelles persones que no tenen una compet\u00e8ncia b\u00e0sica en aquestes, estan en situaci\u00f3 de desigualtat i per tant en risc d\u2019exclusi\u00f3 social i laboral. \u00c9s per aix\u00f2 que veiem la necessitat d\u2019incloure l\u2019\u00fas de les TIC i les TAC dins de l\u2019aula ordin\u00e0ria; entenem les noves tecnologies com un mitj\u00e0 per aprendre i no com una finalitat, per tant han d\u2019estar integrades de forma natural a la vida de l\u2019alumne\/a. Per fer-ho comptem amb eines i dispositius com pissarra digital a totes les aules, tauletes digitals i un bon nombre d\u2019ordinadors tant de taula com port\u00e0tils.<\/p>\n<p style=\"text-align: justify;\">Cal ensenyar-los tamb\u00e9 a fer-ne un \u00fas conscient i responsable.<\/p>\n","protected":false},"excerpt":{"rendered":"<p>En la societat tecnol\u00f2gica, global i canviant en que vivim \u00e9s imprescindible el domini de les noves tecnologies per poder desenvolupar-se i fer-ne \u00fas de forma competent. S\u2019han convertit en un element indispensable a les nostres vides. Considerem que aquelles persones que no tenen una&hellip;  <a href=\"https:\/\/agora.xtec.cat\/esc-elvalles\/projecte-educatiu\/tac\/\" title=\"Read TAC\">Llegeix m\u00e9s\u00bb<\/a><\/p>\n","protected":false},"author":1,"featured_media":0,"parent":64,"menu_order":0,"comment_status":"closed","ping_status":"closed","template":"page-templates\/side-menu.php","meta":{"_bbp_topic_count":0,"_bbp_reply_count":0,"_bbp_total_topic_count":0,"_bbp_total_reply_count":0,"_bbp_voice_count":0,"_bbp_anonymous_reply_count":0,"_bbp_topic_count_hidden":0,"_bbp_reply_count_hidden":0,"_bbp_forum_subforum_count":0,"footnotes":""},"class_list":["post-1231","page","type-page","status-publish","hentry"],"post_mailing_queue_ids":[],"_links":{"self":[{"href":"https:\/\/agora.xtec.cat\/esc-elvalles\/wp-json\/wp\/v2\/pages\/1231","targetHints":{"allow":["GET"]}}],"collection":[{"href":"https:\/\/agora.xtec.cat\/esc-elvalles\/wp-json\/wp\/v2\/pages"}],"about":[{"href":"https:\/\/agora.xtec.cat\/esc-elvalles\/wp-json\/wp\/v2\/types\/page"}],"author":[{"embeddable":true,"href":"https:\/\/agora.xtec.cat\/esc-elvalles\/wp-json\/wp\/v2\/users\/1"}],"replies":[{"embeddable":true,"href":"https:\/\/agora.xtec.cat\/esc-elvalles\/wp-json\/wp\/v2\/comments?post=1231"}],"version-history":[{"count":3,"href":"https:\/\/agora.xtec.cat\/esc-elvalles\/wp-json\/wp\/v2\/pages\/1231\/revisions"}],"predecessor-version":[{"id":1301,"href":"https:\/\/agora.xtec.cat\/esc-elvalles\/wp-json\/wp\/v2\/pages\/1231\/revisions\/1301"}],"up":[{"embeddable":true,"href":"https:\/\/agora.xtec.cat\/esc-elvalles\/wp-json\/wp\/v2\/pages\/64"}],"wp:attachment":[{"href":"https:\/\/agora.xtec.cat\/esc-elvalles\/wp-json\/wp\/v2\/media?parent=1231"}],"curies":[{"name":"wp","href":"https:\/\/api.w.org\/{rel}","templated":true}]}}