{"id":1213,"date":"2021-01-19T16:03:50","date_gmt":"2021-01-19T15:03:50","guid":{"rendered":"https:\/\/agora.xtec.cat\/esc-elvalles\/?page_id=1213"},"modified":"2021-01-23T08:19:45","modified_gmt":"2021-01-23T07:19:45","slug":"musica","status":"publish","type":"page","link":"https:\/\/agora.xtec.cat\/esc-elvalles\/projecte-educatiu\/musica\/","title":{"rendered":"M\u00fasica"},"content":{"rendered":"<p>S&#8217;ha demostrat que la m\u00fasica influeix molt positivament en el desenvolupament dels infants, \u00e9s una assignatura fonamental per a la seva formaci\u00f3 integral. No nom\u00e9s afavoreix l&#8217;aprenentantge sin\u00f3 que tamb\u00e9 els fa connectar amb els altres, potencia la disciplina i els alleugera de l&#8217;estr\u00e8s.<\/p>\n<p>La llengua vehicular durant les sessions de m\u00fasica \u00e9s la llengua anglesa.<\/p>\n<p>Destaquem les activitats m\u00e9s rellevants:<\/p>\n<ul>\n<li>Cantates<\/li>\n<li>Concert de Nadal\/Hivern<\/li>\n<li>Danses de Sant Jordi<\/li>\n<li>Programa araArt<\/li>\n<\/ul>\n","protected":false},"excerpt":{"rendered":"<p>S&#8217;ha demostrat que la m\u00fasica influeix molt positivament en el desenvolupament dels infants, \u00e9s una assignatura fonamental per a la seva formaci\u00f3 integral. No nom\u00e9s afavoreix l&#8217;aprenentantge sin\u00f3 que tamb\u00e9 els fa connectar amb els altres, potencia la disciplina i els alleugera de l&#8217;estr\u00e8s.<br \/>\nLa llengua&hellip;  <a href=\"https:\/\/agora.xtec.cat\/esc-elvalles\/projecte-educatiu\/musica\/\" title=\"Read M\u00fasica\">Llegeix m\u00e9s\u00bb<\/a><\/p>\n","protected":false},"author":1,"featured_media":0,"parent":64,"menu_order":0,"comment_status":"closed","ping_status":"closed","template":"page-templates\/side-menu.php","meta":{"_bbp_topic_count":0,"_bbp_reply_count":0,"_bbp_total_topic_count":0,"_bbp_total_reply_count":0,"_bbp_voice_count":0,"_bbp_anonymous_reply_count":0,"_bbp_topic_count_hidden":0,"_bbp_reply_count_hidden":0,"_bbp_forum_subforum_count":0,"footnotes":""},"class_list":["post-1213","page","type-page","status-publish","hentry"],"post_mailing_queue_ids":[],"_links":{"self":[{"href":"https:\/\/agora.xtec.cat\/esc-elvalles\/wp-json\/wp\/v2\/pages\/1213","targetHints":{"allow":["GET"]}}],"collection":[{"href":"https:\/\/agora.xtec.cat\/esc-elvalles\/wp-json\/wp\/v2\/pages"}],"about":[{"href":"https:\/\/agora.xtec.cat\/esc-elvalles\/wp-json\/wp\/v2\/types\/page"}],"author":[{"embeddable":true,"href":"https:\/\/agora.xtec.cat\/esc-elvalles\/wp-json\/wp\/v2\/users\/1"}],"replies":[{"embeddable":true,"href":"https:\/\/agora.xtec.cat\/esc-elvalles\/wp-json\/wp\/v2\/comments?post=1213"}],"version-history":[{"count":3,"href":"https:\/\/agora.xtec.cat\/esc-elvalles\/wp-json\/wp\/v2\/pages\/1213\/revisions"}],"predecessor-version":[{"id":1461,"href":"https:\/\/agora.xtec.cat\/esc-elvalles\/wp-json\/wp\/v2\/pages\/1213\/revisions\/1461"}],"up":[{"embeddable":true,"href":"https:\/\/agora.xtec.cat\/esc-elvalles\/wp-json\/wp\/v2\/pages\/64"}],"wp:attachment":[{"href":"https:\/\/agora.xtec.cat\/esc-elvalles\/wp-json\/wp\/v2\/media?parent=1213"}],"curies":[{"name":"wp","href":"https:\/\/api.w.org\/{rel}","templated":true}]}}