{"id":1207,"date":"2021-01-19T16:00:45","date_gmt":"2021-01-19T15:00:45","guid":{"rendered":"https:\/\/agora.xtec.cat\/esc-elvalles\/?page_id=1207"},"modified":"2025-11-06T14:21:34","modified_gmt":"2025-11-06T13:21:34","slug":"matematiques","status":"publish","type":"page","link":"https:\/\/agora.xtec.cat\/esc-elvalles\/projecte-educatiu\/matematiques\/","title":{"rendered":"Matem\u00e0tiques: Innovamat"},"content":{"rendered":"<p>A l\u2019escola apostem per un aprenentatge competencial de les matem\u00e0tiques a partir del di\u00e0leg i la manipulaci\u00f3. Per aix\u00f2 des de fa uns anys vam comen\u00e7ar a treballar amb el programa <a href=\"https:\/\/www.innovamat.com\/ca\/about\/familias\">Innovamat<\/a>.<\/p>\n<p><img loading=\"lazy\" decoding=\"async\" class=\"size-medium wp-image-2472 aligncenter\" src=\"https:\/\/agora.xtec.cat\/esc-elvalles\/wp-content\/uploads\/usu597\/2025\/11\/images-300x150.png\" alt=\"\" width=\"300\" height=\"150\" srcset=\"https:\/\/agora.xtec.cat\/esc-elvalles\/wp-content\/uploads\/usu597\/2025\/11\/images-300x150.png 300w, https:\/\/agora.xtec.cat\/esc-elvalles\/wp-content\/uploads\/usu597\/2025\/11\/images.png 318w\" sizes=\"auto, (max-width: 300px) 100vw, 300px\" \/><\/p>\n","protected":false},"excerpt":{"rendered":"<p>A l\u2019escola apostem per un aprenentatge competencial de les matem\u00e0tiques a partir del di\u00e0leg i la manipulaci\u00f3. Per aix\u00f2 des de fa uns anys vam comen\u00e7ar a treballar amb el programa <a href=\"https:\/\/www.innovamat.com\/ca\/about\/familias\">Innovamat<\/a>.<\/p>\n","protected":false},"author":1,"featured_media":0,"parent":64,"menu_order":0,"comment_status":"closed","ping_status":"closed","template":"page-templates\/side-menu.php","meta":{"_bbp_topic_count":0,"_bbp_reply_count":0,"_bbp_total_topic_count":0,"_bbp_total_reply_count":0,"_bbp_voice_count":0,"_bbp_anonymous_reply_count":0,"_bbp_topic_count_hidden":0,"_bbp_reply_count_hidden":0,"_bbp_forum_subforum_count":0,"footnotes":""},"class_list":["post-1207","page","type-page","status-publish","hentry"],"post_mailing_queue_ids":[],"_links":{"self":[{"href":"https:\/\/agora.xtec.cat\/esc-elvalles\/wp-json\/wp\/v2\/pages\/1207","targetHints":{"allow":["GET"]}}],"collection":[{"href":"https:\/\/agora.xtec.cat\/esc-elvalles\/wp-json\/wp\/v2\/pages"}],"about":[{"href":"https:\/\/agora.xtec.cat\/esc-elvalles\/wp-json\/wp\/v2\/types\/page"}],"author":[{"embeddable":true,"href":"https:\/\/agora.xtec.cat\/esc-elvalles\/wp-json\/wp\/v2\/users\/1"}],"replies":[{"embeddable":true,"href":"https:\/\/agora.xtec.cat\/esc-elvalles\/wp-json\/wp\/v2\/comments?post=1207"}],"version-history":[{"count":6,"href":"https:\/\/agora.xtec.cat\/esc-elvalles\/wp-json\/wp\/v2\/pages\/1207\/revisions"}],"predecessor-version":[{"id":2474,"href":"https:\/\/agora.xtec.cat\/esc-elvalles\/wp-json\/wp\/v2\/pages\/1207\/revisions\/2474"}],"up":[{"embeddable":true,"href":"https:\/\/agora.xtec.cat\/esc-elvalles\/wp-json\/wp\/v2\/pages\/64"}],"wp:attachment":[{"href":"https:\/\/agora.xtec.cat\/esc-elvalles\/wp-json\/wp\/v2\/media?parent=1207"}],"curies":[{"name":"wp","href":"https:\/\/api.w.org\/{rel}","templated":true}]}}