{"id":1192,"date":"2021-01-19T15:41:28","date_gmt":"2021-01-19T14:41:28","guid":{"rendered":"https:\/\/agora.xtec.cat\/esc-elvalles\/?page_id=1192"},"modified":"2021-01-20T11:30:54","modified_gmt":"2021-01-20T10:30:54","slug":"lectura","status":"publish","type":"page","link":"https:\/\/agora.xtec.cat\/esc-elvalles\/projecte-educatiu\/catala\/lectura\/","title":{"rendered":"Lectura"},"content":{"rendered":"<p>Un dels nostres objectius com a escola \u00e9s <strong>endinsar els nostres estudiants en l&#8217;h\u00e0bit de la lectura<\/strong>, un h\u00e0bit que ser\u00e0 de vital import\u00e0ncia per al seu desenvolupament en la seva etapa de creixement. Els preparar\u00e0 per a millorar en certes capacitats cognitives i els ajudar\u00e0 a preparar-se per a la vida adulta. No nom\u00e9s els aportar\u00e0 plaer sin\u00f3 que tamb\u00e9 s&#8217;impregnaran d&#8217;una magn\u00edfica her\u00e8ncia cultural, cient\u00edfica i liter\u00e0ria, i els acostar\u00e0 a nous m\u00f3ns per descobrir.<\/p>\n<p>\u00c9s important que adquireixin aquest h\u00e0bit des de molt petits, aix\u00ed se&#8217;n beneficiaran a l&#8217;hora d&#8217;estudiar, adquirir coneixements i experimentar sensacions i sentiments amb els que gaudeixin, madurin, aprenguin i somi\u00efn.<\/p>\n<p>\u00c9s per tot aix\u00f2 que a l&#8217;escola destinem diferents espais on poder despertar el gust i l&#8217;inter\u00e8s per la lectura i millorar la compet\u00e8ncia lectora dels\/les nostres alumnes.<\/p>\n<h4>30 MINUTS DE LECTURA DI\u00c0RIA<\/h4>\n<p><span style=\"font-weight: 400;\">DECRET <\/span><b>142\/2007 de 26 de juny, pel qual s\u2019estableix l\u2019ordenaci\u00f3 dels\u00a0 ensenyaments de l\u2019educaci\u00f3 prim\u00e0ria.\u00a0\u00a0<\/b><\/p>\n<p><b>Cap\u00edtol I\u00a0\u00a0<\/b><\/p>\n<p><span style=\"font-weight: 400;\">Article 8\u00a0\u00a0<\/span><\/p>\n<p><span style=\"font-weight: 400;\">Compet\u00e8ncies b\u00e0siques\u00a0\u00a0<\/span><\/p>\n<p><span style=\"font-weight: 400;\">8.5. La lectura \u00e9s un factor fonamental per al desenvolupament de les\u00a0 compet\u00e8ncies b\u00e0siques i ha d\u2019estar inclosa en el desenvolupament de totes\u00a0 les \u00e0rees. <\/span><b>Els centres<\/b><span style=\"font-weight: 400;\">, en organitzar la seva pr\u00e0ctica docent, <\/span><b>han de garantir\u00a0 una mitjana m\u00ednima de 30 minuts diaris destinats a la lectura.\u00a0\u00a0<\/b><\/p>\n<p><span style=\"font-weight: 400;\">El nostre centre distribueix les 5 franges de llegim de manera que una primera part de la sessi\u00f3 sigui per fer activitats del temps de lectura i l\u2019altre part de la\u00a0 sessi\u00f3 sigui per fer activitats destinades a parlar de la lectura. Aqu\u00ed en tenim\u00a0 alguns exemples:\u00a0\u00a0<\/span><\/p>\n<p><span style=\"font-weight: 400;\">\u2205 <\/span><span style=\"font-weight: 400;\">Lectura individual, en silenci.\u00a0\u00a0<\/span><\/p>\n<p><span style=\"font-weight: 400;\">\u2205 <\/span><span style=\"font-weight: 400;\">Model lector del docent.\u00a0\u00a0<\/span><\/p>\n<p><span style=\"font-weight: 400;\">\u2205 <\/span><span style=\"font-weight: 400;\">Model lector d\u2019altres alumnes.\u00a0\u00a0<\/span><\/p>\n<p><span style=\"font-weight: 400;\">\u2205 <\/span><span style=\"font-weight: 400;\">Altres models lectors (recursos digitals i contes amb \u00e0udio).\u00a0 <\/span><span style=\"font-weight: 400;\">\u2205 <\/span><span style=\"font-weight: 400;\">Relectura de textos coneguts.\u00a0\u00a0<\/span><\/p>\n<p><span style=\"font-weight: 400;\">\u2205 <\/span><span style=\"font-weight: 400;\">Lectura assistida (lectura coral, lectura amb eco, lectura per parelles&#8230;)\u00a0 <\/span><span style=\"font-weight: 400;\">\u2205 <\/span><span style=\"font-weight: 400;\">Tert\u00falies liter\u00e0ries amb recomanacions de llibres i autors.\u00a0<\/span><\/p>\n<p><span style=\"font-weight: 400;\">\u2205 <\/span><span style=\"font-weight: 400;\">Presentacions\u00a0\u00a0<\/span><\/p>\n<p><span style=\"font-weight: 400;\">\u2205 <\/span><span style=\"font-weight: 400;\">Opinions\u00a0<\/span><\/p>\n","protected":false},"excerpt":{"rendered":"<p>Un dels nostres objectius com a escola \u00e9s endinsar els nostres estudiants en l&#8217;h\u00e0bit de la lectura, un h\u00e0bit que ser\u00e0 de vital import\u00e0ncia per al seu desenvolupament en la seva etapa de creixement. Els preparar\u00e0 per a millorar en certes capacitats cognitives i els&hellip;  <a href=\"https:\/\/agora.xtec.cat\/esc-elvalles\/projecte-educatiu\/catala\/lectura\/\" title=\"Read Lectura\">Llegeix m\u00e9s\u00bb<\/a><\/p>\n","protected":false},"author":1,"featured_media":0,"parent":1188,"menu_order":0,"comment_status":"closed","ping_status":"closed","template":"page-templates\/side-menu.php","meta":{"_bbp_topic_count":0,"_bbp_reply_count":0,"_bbp_total_topic_count":0,"_bbp_total_reply_count":0,"_bbp_voice_count":0,"_bbp_anonymous_reply_count":0,"_bbp_topic_count_hidden":0,"_bbp_reply_count_hidden":0,"_bbp_forum_subforum_count":0,"footnotes":""},"class_list":["post-1192","page","type-page","status-publish","hentry"],"post_mailing_queue_ids":[],"_links":{"self":[{"href":"https:\/\/agora.xtec.cat\/esc-elvalles\/wp-json\/wp\/v2\/pages\/1192","targetHints":{"allow":["GET"]}}],"collection":[{"href":"https:\/\/agora.xtec.cat\/esc-elvalles\/wp-json\/wp\/v2\/pages"}],"about":[{"href":"https:\/\/agora.xtec.cat\/esc-elvalles\/wp-json\/wp\/v2\/types\/page"}],"author":[{"embeddable":true,"href":"https:\/\/agora.xtec.cat\/esc-elvalles\/wp-json\/wp\/v2\/users\/1"}],"replies":[{"embeddable":true,"href":"https:\/\/agora.xtec.cat\/esc-elvalles\/wp-json\/wp\/v2\/comments?post=1192"}],"version-history":[{"count":3,"href":"https:\/\/agora.xtec.cat\/esc-elvalles\/wp-json\/wp\/v2\/pages\/1192\/revisions"}],"predecessor-version":[{"id":1282,"href":"https:\/\/agora.xtec.cat\/esc-elvalles\/wp-json\/wp\/v2\/pages\/1192\/revisions\/1282"}],"up":[{"embeddable":true,"href":"https:\/\/agora.xtec.cat\/esc-elvalles\/wp-json\/wp\/v2\/pages\/1188"}],"wp:attachment":[{"href":"https:\/\/agora.xtec.cat\/esc-elvalles\/wp-json\/wp\/v2\/media?parent=1192"}],"curies":[{"name":"wp","href":"https:\/\/api.w.org\/{rel}","templated":true}]}}