{"id":1147,"date":"2021-01-18T15:20:43","date_gmt":"2021-01-18T14:20:43","guid":{"rendered":"https:\/\/agora.xtec.cat\/esc-elvalles\/?page_id=1147"},"modified":"2025-11-06T13:49:19","modified_gmt":"2025-11-06T12:49:19","slug":"carta-compromis","status":"publish","type":"page","link":"https:\/\/agora.xtec.cat\/esc-elvalles\/lescola\/carta-compromis\/","title":{"rendered":"Carta comprom\u00eds"},"content":{"rendered":"<h4><img loading=\"lazy\" decoding=\"async\" class=\" wp-image-2462 alignright\" src=\"https:\/\/agora.xtec.cat\/esc-elvalles\/wp-content\/uploads\/usu597\/2025\/11\/escritura-300x300.png\" alt=\"\" width=\"171\" height=\"171\" srcset=\"https:\/\/agora.xtec.cat\/esc-elvalles\/wp-content\/uploads\/usu597\/2025\/11\/escritura-300x300.png 300w, https:\/\/agora.xtec.cat\/esc-elvalles\/wp-content\/uploads\/usu597\/2025\/11\/escritura-150x150.png 150w, https:\/\/agora.xtec.cat\/esc-elvalles\/wp-content\/uploads\/usu597\/2025\/11\/escritura.png 512w\" sizes=\"auto, (max-width: 171px) 100vw, 171px\" \/>CARTA DE COMPROM\u00cdS (versi\u00f3 catal\u00e0)<\/h4>\n<h4><\/h4>\n<h4><\/h4>\n<h4>CARTA DE COMPROM\u00cdS (versi\u00f3 castell\u00e0)<\/h4>\n<p>En construcci\u00f3.<\/p>\n","protected":false},"excerpt":{"rendered":"<p>CARTA DE COMPROM\u00cdS (versi\u00f3 catal\u00e0)<\/p>\n<p>CARTA DE COMPROM\u00cdS (versi\u00f3 castell\u00e0)<br \/>\nEn construcci\u00f3.<\/p>\n","protected":false},"author":1,"featured_media":0,"parent":22,"menu_order":0,"comment_status":"closed","ping_status":"closed","template":"page-templates\/side-menu.php","meta":{"_bbp_topic_count":0,"_bbp_reply_count":0,"_bbp_total_topic_count":0,"_bbp_total_reply_count":0,"_bbp_voice_count":0,"_bbp_anonymous_reply_count":0,"_bbp_topic_count_hidden":0,"_bbp_reply_count_hidden":0,"_bbp_forum_subforum_count":0,"footnotes":""},"class_list":["post-1147","page","type-page","status-publish","hentry"],"post_mailing_queue_ids":[],"_links":{"self":[{"href":"https:\/\/agora.xtec.cat\/esc-elvalles\/wp-json\/wp\/v2\/pages\/1147","targetHints":{"allow":["GET"]}}],"collection":[{"href":"https:\/\/agora.xtec.cat\/esc-elvalles\/wp-json\/wp\/v2\/pages"}],"about":[{"href":"https:\/\/agora.xtec.cat\/esc-elvalles\/wp-json\/wp\/v2\/types\/page"}],"author":[{"embeddable":true,"href":"https:\/\/agora.xtec.cat\/esc-elvalles\/wp-json\/wp\/v2\/users\/1"}],"replies":[{"embeddable":true,"href":"https:\/\/agora.xtec.cat\/esc-elvalles\/wp-json\/wp\/v2\/comments?post=1147"}],"version-history":[{"count":6,"href":"https:\/\/agora.xtec.cat\/esc-elvalles\/wp-json\/wp\/v2\/pages\/1147\/revisions"}],"predecessor-version":[{"id":2463,"href":"https:\/\/agora.xtec.cat\/esc-elvalles\/wp-json\/wp\/v2\/pages\/1147\/revisions\/2463"}],"up":[{"embeddable":true,"href":"https:\/\/agora.xtec.cat\/esc-elvalles\/wp-json\/wp\/v2\/pages\/22"}],"wp:attachment":[{"href":"https:\/\/agora.xtec.cat\/esc-elvalles\/wp-json\/wp\/v2\/media?parent=1147"}],"curies":[{"name":"wp","href":"https:\/\/api.w.org\/{rel}","templated":true}]}}