{"id":84,"date":"2014-09-18T14:11:31","date_gmt":"2014-09-18T14:11:31","guid":{"rendered":"http:\/\/agora.xtec.cat\/esc-elspicots\/?page_id=84"},"modified":"2025-09-02T16:41:58","modified_gmt":"2025-09-02T14:41:58","slug":"activitats-extraescolars","status":"publish","type":"page","link":"https:\/\/agora.xtec.cat\/esc-elspicots\/afa\/activitats-extraescolars\/","title":{"rendered":"Activitats extraescolars"},"content":{"rendered":"<p>Benvolgudes fam\u00edlies! Ja podeu inscriure als vostres fills\/es a les activitats extraescolars per al curs 25-26. Termini fins al 15 de setembre.<\/p>\n<p>A continuaci\u00f3 teniu informaci\u00f3 en relaci\u00f3 amb les activitats proposades, horaris, preus&#8230;<\/p>\n<p><a href=\"https:\/\/agora.xtec.cat\/esc-elspicots\/wp-content\/uploads\/usu453\/2025\/09\/EXTRAESCOLARS-25-26A.jpg\"><img loading=\"lazy\" decoding=\"async\" class=\"size-large wp-image-6955 aligncenter\" src=\"https:\/\/agora.xtec.cat\/esc-elspicots\/wp-content\/uploads\/usu453\/2025\/09\/EXTRAESCOLARS-25-26A-724x1024.jpg\" alt=\"\" width=\"724\" height=\"1024\" srcset=\"https:\/\/agora.xtec.cat\/esc-elspicots\/wp-content\/uploads\/usu453\/2025\/09\/EXTRAESCOLARS-25-26A-724x1024.jpg 724w, https:\/\/agora.xtec.cat\/esc-elspicots\/wp-content\/uploads\/usu453\/2025\/09\/EXTRAESCOLARS-25-26A-212x300.jpg 212w, https:\/\/agora.xtec.cat\/esc-elspicots\/wp-content\/uploads\/usu453\/2025\/09\/EXTRAESCOLARS-25-26A-768x1086.jpg 768w, https:\/\/agora.xtec.cat\/esc-elspicots\/wp-content\/uploads\/usu453\/2025\/09\/EXTRAESCOLARS-25-26A-1086x1536.jpg 1086w, https:\/\/agora.xtec.cat\/esc-elspicots\/wp-content\/uploads\/usu453\/2025\/09\/EXTRAESCOLARS-25-26A.jpg 1241w\" sizes=\"auto, (max-width: 724px) 100vw, 724px\" \/><\/a><\/p>\n<p><a href=\"https:\/\/agora.xtec.cat\/esc-elspicots\/wp-content\/uploads\/usu453\/2025\/09\/EXTRAESCOLARS-25-26B.jpg\"><img loading=\"lazy\" decoding=\"async\" class=\"size-large wp-image-6956 aligncenter\" src=\"https:\/\/agora.xtec.cat\/esc-elspicots\/wp-content\/uploads\/usu453\/2025\/09\/EXTRAESCOLARS-25-26B-724x1024.jpg\" alt=\"\" width=\"724\" height=\"1024\" srcset=\"https:\/\/agora.xtec.cat\/esc-elspicots\/wp-content\/uploads\/usu453\/2025\/09\/EXTRAESCOLARS-25-26B-724x1024.jpg 724w, https:\/\/agora.xtec.cat\/esc-elspicots\/wp-content\/uploads\/usu453\/2025\/09\/EXTRAESCOLARS-25-26B-212x300.jpg 212w, https:\/\/agora.xtec.cat\/esc-elspicots\/wp-content\/uploads\/usu453\/2025\/09\/EXTRAESCOLARS-25-26B-768x1086.jpg 768w, https:\/\/agora.xtec.cat\/esc-elspicots\/wp-content\/uploads\/usu453\/2025\/09\/EXTRAESCOLARS-25-26B-1086x1536.jpg 1086w, https:\/\/agora.xtec.cat\/esc-elspicots\/wp-content\/uploads\/usu453\/2025\/09\/EXTRAESCOLARS-25-26B.jpg 1241w\" sizes=\"auto, (max-width: 724px) 100vw, 724px\" \/><\/a><\/p>\n<p><a href=\"https:\/\/agora.xtec.cat\/esc-elspicots\/wp-content\/uploads\/usu453\/2025\/09\/EXTRAESCOLARS-25-26C.jpg\"><img loading=\"lazy\" decoding=\"async\" class=\"size-large wp-image-6957 aligncenter\" src=\"https:\/\/agora.xtec.cat\/esc-elspicots\/wp-content\/uploads\/usu453\/2025\/09\/EXTRAESCOLARS-25-26C-724x1024.jpg\" alt=\"\" width=\"724\" height=\"1024\" srcset=\"https:\/\/agora.xtec.cat\/esc-elspicots\/wp-content\/uploads\/usu453\/2025\/09\/EXTRAESCOLARS-25-26C-724x1024.jpg 724w, https:\/\/agora.xtec.cat\/esc-elspicots\/wp-content\/uploads\/usu453\/2025\/09\/EXTRAESCOLARS-25-26C-212x300.jpg 212w, https:\/\/agora.xtec.cat\/esc-elspicots\/wp-content\/uploads\/usu453\/2025\/09\/EXTRAESCOLARS-25-26C-768x1086.jpg 768w, https:\/\/agora.xtec.cat\/esc-elspicots\/wp-content\/uploads\/usu453\/2025\/09\/EXTRAESCOLARS-25-26C-1086x1536.jpg 1086w, https:\/\/agora.xtec.cat\/esc-elspicots\/wp-content\/uploads\/usu453\/2025\/09\/EXTRAESCOLARS-25-26C.jpg 1241w\" sizes=\"auto, (max-width: 724px) 100vw, 724px\" \/><\/a><\/p>\n<p>&nbsp;<\/p>\n<p><strong>NOVETATS:<\/strong><\/p>\n<p>* <a href=\"https:\/\/agora.xtec.cat\/esc-elspicots\/wp-content\/uploads\/usu453\/2025\/09\/PSICOMOTRICITAT.pdf\">Psicomotricitat<\/a><\/p>\n<p>* <a href=\"https:\/\/agora.xtec.cat\/esc-elspicots\/wp-content\/uploads\/usu453\/2025\/09\/Basquet.pdf\">B\u00e0squet<\/a><\/p>\n<p>* <a href=\"https:\/\/agora.xtec.cat\/esc-elspicots\/wp-content\/uploads\/usu453\/2025\/09\/Escola-dangles.pdf\">Escola d&#8217;angl\u00e8s<\/a><\/p>\n<p>* <a href=\"https:\/\/agora.xtec.cat\/esc-elspicots\/wp-content\/uploads\/usu453\/2025\/09\/Isotropic.pdf\">Isotropic<\/a><\/p>\n<p>* <a href=\"https:\/\/agora.xtec.cat\/esc-elspicots\/wp-content\/uploads\/usu453\/2025\/09\/Judo.pdf\">Judo<\/a><\/p>\n<p>&nbsp;<\/p>\n<p><strong>IMPORTANT:<\/strong><\/p>\n<p>* Per poder dur a terme les activitats extraescolars \u00e9s obligatori ser socis\/ s\u00f2cies de l&#8217;AFA.<\/p>\n<p>* Per dur a terme una extraescolar ha d&#8217;haver-hi un nombre suficient d&#8217;alumnes per fer-les.<\/p>\n<p>* Per a qualsevol dubte o aclariment cal que us poseu en contacte amb l&#8217;AFA mitjan\u00e7ant el correu electr\u00f2nic: <a href=\"mailto:ampa@escolaelspicots.cat\">afa@escolaelspicots.cat<\/a><\/p>\n<p>* Posteriorment, s&#8217;informar\u00e0 de les extraescolars que es realitzaran definitivament.<\/p>\n","protected":false},"excerpt":{"rendered":"<p>Benvolgudes fam\u00edlies! Ja podeu inscriure als vostres fills\/es a les activitats extraescolars per al curs 25-26. Termini fins al 15 de setembre. A continuaci\u00f3 teniu informaci\u00f3 en relaci\u00f3 amb les activitats proposades, horaris, preus&#8230; &nbsp; NOVETATS: * Psicomotricitat * B\u00e0squet * Escola d&#8217;angl\u00e8s * Isotropic * Judo &nbsp; IMPORTANT: * Per poder dur a terme [&hellip;]<\/p>\n","protected":false},"author":2,"featured_media":0,"parent":66,"menu_order":50,"comment_status":"closed","ping_status":"closed","template":"page-templates\/side-menu.php","meta":{"_bbp_topic_count":0,"_bbp_reply_count":0,"_bbp_total_topic_count":0,"_bbp_total_reply_count":0,"_bbp_voice_count":0,"_bbp_anonymous_reply_count":0,"_bbp_topic_count_hidden":0,"_bbp_reply_count_hidden":0,"_bbp_forum_subforum_count":0,"site-sidebar-layout":"default","site-content-layout":"","ast-site-content-layout":"","site-content-style":"default","site-sidebar-style":"default","ast-global-header-display":"","ast-banner-title-visibility":"","ast-main-header-display":"","ast-hfb-above-header-display":"","ast-hfb-below-header-display":"","ast-hfb-mobile-header-display":"","site-post-title":"","ast-breadcrumbs-content":"","ast-featured-img":"","footer-sml-layout":"","theme-transparent-header-meta":"","adv-header-id-meta":"","stick-header-meta":"","header-above-stick-meta":"","header-main-stick-meta":"","header-below-stick-meta":"","astra-migrate-meta-layouts":"default","ast-page-background-enabled":"default","ast-page-background-meta":{"desktop":{"background-color":"var(--ast-global-color-4)","background-image":"","background-repeat":"repeat","background-position":"center center","background-size":"auto","background-attachment":"scroll","background-type":"","background-media":"","overlay-type":"","overlay-color":"","overlay-opacity":"","overlay-gradient":""},"tablet":{"background-color":"","background-image":"","background-repeat":"repeat","background-position":"center center","background-size":"auto","background-attachment":"scroll","background-type":"","background-media":"","overlay-type":"","overlay-color":"","overlay-opacity":"","overlay-gradient":""},"mobile":{"background-color":"","background-image":"","background-repeat":"repeat","background-position":"center center","background-size":"auto","background-attachment":"scroll","background-type":"","background-media":"","overlay-type":"","overlay-color":"","overlay-opacity":"","overlay-gradient":""}},"ast-content-background-meta":{"desktop":{"background-color":"var(--ast-global-color-5)","background-image":"","background-repeat":"repeat","background-position":"center center","background-size":"auto","background-attachment":"scroll","background-type":"","background-media":"","overlay-type":"","overlay-color":"","overlay-opacity":"","overlay-gradient":""},"tablet":{"background-color":"var(--ast-global-color-5)","background-image":"","background-repeat":"repeat","background-position":"center center","background-size":"auto","background-attachment":"scroll","background-type":"","background-media":"","overlay-type":"","overlay-color":"","overlay-opacity":"","overlay-gradient":""},"mobile":{"background-color":"var(--ast-global-color-5)","background-image":"","background-repeat":"repeat","background-position":"center center","background-size":"auto","background-attachment":"scroll","background-type":"","background-media":"","overlay-type":"","overlay-color":"","overlay-opacity":"","overlay-gradient":""}},"footnotes":""},"class_list":["post-84","page","type-page","status-publish","hentry"],"post_mailing_queue_ids":[],"_links":{"self":[{"href":"https:\/\/agora.xtec.cat\/esc-elspicots\/wp-json\/wp\/v2\/pages\/84","targetHints":{"allow":["GET"]}}],"collection":[{"href":"https:\/\/agora.xtec.cat\/esc-elspicots\/wp-json\/wp\/v2\/pages"}],"about":[{"href":"https:\/\/agora.xtec.cat\/esc-elspicots\/wp-json\/wp\/v2\/types\/page"}],"author":[{"embeddable":true,"href":"https:\/\/agora.xtec.cat\/esc-elspicots\/wp-json\/wp\/v2\/users\/2"}],"replies":[{"embeddable":true,"href":"https:\/\/agora.xtec.cat\/esc-elspicots\/wp-json\/wp\/v2\/comments?post=84"}],"version-history":[{"count":6,"href":"https:\/\/agora.xtec.cat\/esc-elspicots\/wp-json\/wp\/v2\/pages\/84\/revisions"}],"predecessor-version":[{"id":6965,"href":"https:\/\/agora.xtec.cat\/esc-elspicots\/wp-json\/wp\/v2\/pages\/84\/revisions\/6965"}],"up":[{"embeddable":true,"href":"https:\/\/agora.xtec.cat\/esc-elspicots\/wp-json\/wp\/v2\/pages\/66"}],"wp:attachment":[{"href":"https:\/\/agora.xtec.cat\/esc-elspicots\/wp-json\/wp\/v2\/media?parent=84"}],"curies":[{"name":"wp","href":"https:\/\/api.w.org\/{rel}","templated":true}]}}